{"id":163695,"date":"2026-02-23T11:52:10","date_gmt":"2026-02-23T11:52:10","guid":{"rendered":"https:\/\/minervashop.eu\/toode\/engraved-mineral-disk\/"},"modified":"2026-02-26T11:23:06","modified_gmt":"2026-02-26T11:23:06","slug":"engraved-mineral-disk","status":"publish","type":"product","link":"https:\/\/minervashop.eu\/en\/product\/engraved-mineral-disk\/","title":{"rendered":"Engraved mineral disk"},"content":{"rendered":"<p align=\"justify\"><strong>The eye symbolises the sun, the omnipresence of God, eternal vigilance and also the power of evil. The eye is the window of the soul and the light of the body. The eyes represent wisdom and omniscience. Amulets resembling the eye protect against the evil eye or deflect the malevolent eye.   <\/strong><\/p>\n<p align=\"justify\"><strong>The moon is a symbol of hope and inspiration. It is associated with birth, death and resurrection. The invisible side of the moon is associated with occultism. The feminine qualities of the Moon link it to the mother goddess.   <\/strong><\/p>\n<div class=\"term-description\">\n<div class=\"product-short-description\">\n<p align=\"justify\"><strong>The Lotus symbolises the transformation from darkness into light, from ignorance into clarity.                      <\/strong><\/p>\n<\/div>\n<\/div>\n<p align=\"justify\"><strong>The sun is the life force that makes all things thrive and grow, and life in our solar system. In the grand scheme of the universe, the sun is a small part, but for our planet it means everything. It embodies life, passion, youth and divine enlightenment. A symbol of royalty and sole rule. It signifies endless radiance.    <\/strong><\/p>\n<p class=\"western\" align=\"justify\"><b>rock crystal <\/b> Kristalli l\u00e4bipaistvus ja puhtus annab kristallile peegel-kvaliteedi, millest on k\u00f5ik selgelt n\u00e4ha. * The characteristics of all mineral stones on our website are not scientifically proven; they are based on experiences of users and gemstone therapists. Any healing properties outlined are in no way meant to replace diagnosis or treatment by a qualified therapist or physician. If in doubt about your health, consult a physician.           M\u00e4ekristalli peetakse puhtuse s\u00fcmboliks. Suudab salvestada ja edastada energiat ning seet\u00f5ttu kasutatakse tervendamisel ja mediteerimisel. Sakilise v\u00f5i teravaotsalise tipuga kristalli kasutatakse sujuvama ja harmoonilisema energia saavutamiseks. Pannakse halbade energiav\u00f5ngetega kohtadesse, lastakse veidi aega seista ja negatiivsust endasse koguda, seej\u00e4rel v\u00f5etakse \u00e4ra ja pestakse puhtaks -see parandab paiga energiat. Seotud selguse, tugevuse, eluj\u00f5u, ps\u00fc\u00fchilise tegevuse ja vaimse stimulatsiooniga. Suure kristalli asetamine kolmandale silmale suurendab ps\u00fc\u00fchilisi v\u00f5imeid. * The characteristics of all mineral stones on our website are not scientifically proven; they are based on experiences of users and gemstone therapists. Any healing properties outlined are in no way meant to replace diagnosis or treatment by a qualified therapist or physician. If in doubt about your health, consult a physician.      Rose quartz is known as the stone of unconditional love and compassion. It is often associated with the heart chakra and is believed to promote emotional healing, self-love, and harmony in relationships. The gentle pink hue of rose quartz symbolizes peace, tenderness, and a deep connection to one&#8217;s own emotions.* \u00d5petab iga\u00fchte tema omal tasandil ja kiirusel. K\u00f5iki vaimseid p\u00fc\u00fcdlusi saab stimuleerida selle kivi energiaga. Aitab olla vastuv\u00f5tlik k\u00f5rgemalt tulevale juhatusele.   KEHA: tugevdab energia liikumist, n\u00e4rve, aju, n\u00e4\u00e4rmeid; kergendab valu ja turset; ravitakse voolmeid, k\u00f5hulahtisust, podagrat, neerukive, vedelikupeetust. M\u00e4ekristallide loomus on kootav. Mees leotatud m\u00e4ekristallid pidavat suurendama piimaeritust. MAAGIA: V\u00f5imas kivi igasuguseks maagiaks \u2013 t\u00f5mbab ligi positiivset energiat, t\u00f5stab enesekindlust ja annab lisaenergiat, kui oled v\u00e4sinud, tunned end kehvalt v\u00f5i taastud haigusest. M\u00e4ekristall suurendab energiat ning t\u00f5mbab t\u00e4helepanu. *Peret\u00fclide korral pane eluruumi k\u00e4idavamatesse kohtadesse m\u00e4ekristall, mis muudab negatiivse energia positiivseks. *Kanna kuldketi otsas selget m\u00e4ekristalli, nii, et see puudutab ihu s\u00fcdame kohal. Kristallist saad j\u00f5udu ja energiat, kuld annab samuti energiat ja annab p\u00e4ikesejumala kaitset. * Kanna kurgut\u0161akra kohal m\u00e4ekristalli \u2013 see aitab t\u00f5sta enesekindlust.<b> * <\/b>lauba vastas hoituna aktiveerib kolmanda silma ning annab m\u00f5tlemiseks loovenergiat. Suurep\u00e4rane palvete ja afirmatsioonide fokusseerimiseks. Stimuleerib ps\u00fc\u00fchilist ettekujutust. V\u00f5imendab palveid, soove ja positiivseid visualisatsioone. Hoiab sind \u00fchenduses sinu vaimse poolega, meenutades sulle, et sa oled vaimne olend f\u00fc\u00fcsilises inimkehas. Kanda iga p\u00e4ev. Puhasta magedas vees ja laadi seda kvartsikuhjas v\u00f5i p\u00e4ikese k\u00e4es.      <b>Supplied with 1 metre waxed cord of 1 mm.<\/b><\/p>\n","protected":false},"excerpt":{"rendered":"<p>Engraved rock crystal disk with a lotus symbol, for example to place on an altar or to carry with you as a talisman.<\/p>\n<p>5.5 cm<\/p>\n","protected":false},"featured_media":163821,"template":"","meta":[],"product_brand":[],"product_cat":[759,670,348,181,277,358,647,742,611,346,669],"product_tag":[],"class_list":{"0":"post-163695","1":"product","2":"type-product","3":"status-publish","4":"has-post-thumbnail","6":"product_cat-new-en","7":"product_cat-sale","8":"product_cat-eastern-amulets","9":"product_cat-ceridwen-en","10":"product_cat-danu-en","11":"product_cat-rhiannon-en","12":"product_cat-moon-and-sun","13":"product_cat-lotus-flower","14":"product_cat-other-shape-natural-stones","15":"product_cat-dishes-trays","16":"product_cat-eye","17":"product_shipping_class-xs-en-2","19":"first","20":"instock","21":"sale","22":"taxable","23":"shipping-taxable","24":"purchasable","25":"product-type-variable"},"_links":{"self":[{"href":"https:\/\/minervashop.eu\/en\/wp-json\/wp\/v2\/product\/163695","targetHints":{"allow":["GET"]}}],"collection":[{"href":"https:\/\/minervashop.eu\/en\/wp-json\/wp\/v2\/product"}],"about":[{"href":"https:\/\/minervashop.eu\/en\/wp-json\/wp\/v2\/types\/product"}],"wp:featuredmedia":[{"embeddable":true,"href":"https:\/\/minervashop.eu\/en\/wp-json\/wp\/v2\/media\/163821"}],"wp:attachment":[{"href":"https:\/\/minervashop.eu\/en\/wp-json\/wp\/v2\/media?parent=163695"}],"wp:term":[{"taxonomy":"product_brand","embeddable":true,"href":"https:\/\/minervashop.eu\/en\/wp-json\/wp\/v2\/product_brand?post=163695"},{"taxonomy":"product_cat","embeddable":true,"href":"https:\/\/minervashop.eu\/en\/wp-json\/wp\/v2\/product_cat?post=163695"},{"taxonomy":"product_tag","embeddable":true,"href":"https:\/\/minervashop.eu\/en\/wp-json\/wp\/v2\/product_tag?post=163695"}],"curies":[{"name":"wp","href":"https:\/\/api.w.org\/{rel}","templated":true}]}}