{"id":163954,"date":"2026-02-25T10:22:30","date_gmt":"2026-02-25T10:22:30","guid":{"rendered":"https:\/\/minervashop.eu\/toode\/incense-tibetan\/"},"modified":"2026-03-04T10:52:56","modified_gmt":"2026-03-04T10:52:56","slug":"incense-tibetan","status":"publish","type":"product","link":"https:\/\/minervashop.eu\/en\/product\/incense-tibetan\/","title":{"rendered":"Incense Tibetan"},"content":{"rendered":"<p>NE0500 Chenrezig (Compassion)<br \/>\nNE0501 Kalachakra (Healing)<br \/>\nNE0502 Kurukulle (Relieves stress)<br \/>\nNE0503 Mahakala (Positive thought)<br \/>\nNE0504 Milarepa (Pure Living)<br \/>\nNE0505 Padmasambhava (Wishfulfilling)<br \/>\nNE0506 Sandalwood (Pure scent)<br \/>\nNE0507 Spiritual Guide (Inner growth)<br \/>\nNE0508 Spiritual Home (Harmony and joy)<br \/>\nNE0509 Tara (Healthy Living)<br \/>\nNE0510 Vajrayogini (Meditation)<br \/>\nNE0511 Zambala (Wealth)<\/p>\n<p>Himalayan Mountain incense is produced according to the old wisdom from the Tantric Buddhist Karavira text. This text elaborates on holy medicinal plants and herbs and their positive influence on human health, welfare and the living space. <\/p>\n<p>This premium quality handmade incense helps relieve stress related symptoms that stand in the way of health, happiness and peace of mind. They purify, relax and regenerate and therefore help letting go of disturbing energies.<\/p>\n<p>These incenses are suitable for use when practising yoga, meditation, relaxing, for offering and purification rituals.  <\/p>\n<p>100% natural ingredients.  Safe for people and the environment.  20 sticks per package, plus incense holder.   <\/p>\n<p>Handmade in Nepal.  <\/p>\n","protected":false},"excerpt":{"rendered":"<p>Himalayan Mountain viirukid on toodetud vastavalt Tantra Karavira Budismi iidsetele tarkustele. See p\u00f5hineb p\u00fchadel ravivatel taimedel ja \u00fcrtidel ning nende positiivsel m\u00f5jul inimese ja tema elukoha tervisele ja heaolule. <\/p>\n<p>20 sticks per package, plus incense holder. <\/p>\n<div class=\"product-short-description\">\n<p><strong>see more <a href=\"https:\/\/rnojomku.sendsmaily.net\/templates\/ecf3332f-9eed-4892-b19d-dca55d2a20fc\/html\/\">here<\/a><\/strong><\/p>\n<\/div>\n<p>14 cm sticks<\/p>\n<p>A stick burns for approximately 60 minutes.<\/p>\n","protected":false},"featured_media":163927,"template":"","meta":[],"product_brand":[],"product_cat":[759,100],"product_tag":[],"class_list":{"0":"post-163954","1":"product","2":"type-product","3":"status-publish","4":"has-post-thumbnail","6":"product_cat-new-en","7":"product_cat-incense-sticks","8":"product_shipping_class-xs-en-2","10":"first","11":"instock","12":"taxable","13":"shipping-taxable","14":"purchasable","15":"product-type-variable"},"_links":{"self":[{"href":"https:\/\/minervashop.eu\/en\/wp-json\/wp\/v2\/product\/163954","targetHints":{"allow":["GET"]}}],"collection":[{"href":"https:\/\/minervashop.eu\/en\/wp-json\/wp\/v2\/product"}],"about":[{"href":"https:\/\/minervashop.eu\/en\/wp-json\/wp\/v2\/types\/product"}],"wp:featuredmedia":[{"embeddable":true,"href":"https:\/\/minervashop.eu\/en\/wp-json\/wp\/v2\/media\/163927"}],"wp:attachment":[{"href":"https:\/\/minervashop.eu\/en\/wp-json\/wp\/v2\/media?parent=163954"}],"wp:term":[{"taxonomy":"product_brand","embeddable":true,"href":"https:\/\/minervashop.eu\/en\/wp-json\/wp\/v2\/product_brand?post=163954"},{"taxonomy":"product_cat","embeddable":true,"href":"https:\/\/minervashop.eu\/en\/wp-json\/wp\/v2\/product_cat?post=163954"},{"taxonomy":"product_tag","embeddable":true,"href":"https:\/\/minervashop.eu\/en\/wp-json\/wp\/v2\/product_tag?post=163954"}],"curies":[{"name":"wp","href":"https:\/\/api.w.org\/{rel}","templated":true}]}}