{"id":164514,"date":"2026-03-09T10:37:52","date_gmt":"2026-03-09T10:37:52","guid":{"rendered":"https:\/\/minervashop.eu\/toode\/sphere-pendulums-amethyst\/"},"modified":"2026-03-09T10:37:52","modified_gmt":"2026-03-09T10:37:52","slug":"sphere-pendulums-amethyst","status":"publish","type":"product","link":"https:\/\/minervashop.eu\/en\/product\/sphere-pendulums-amethyst\/","title":{"rendered":"Sphere Pendulums &#8211; Amethyst<br>"},"content":{"rendered":"<div id=\"block_0\" class=\"blackboard _block \" data-block_key=\"0\">\n<div id=\"blackboard_0\" class=\"blackboard \">\n<div id=\"blackboard_text_1622551181044\" class=\"blackboard_text _au_vw_\">\n<p>They are perfect for various purposes, including as a tool for meditation, divination or energy work. Crystal dowsing can be performed in many ways and it is claimed for all sorts of purposes, such as finding water, minerals, missing people and even lost objects. <\/p>\n<\/div>\n<\/div>\n<\/div>\n<div id=\"block_1\" class=\"category_products _block \" data-block_key=\"1\">\n<div class=\"products no_items_header\" data-sort=\"Code\">\n<div class=\"product_wrap wrap type_product \" data-type=\"product\" data-sort_code=\"ballmp-0015\" data-sort_name=\"Sphere Pendulums - Rainbow Moonstone  \">\n<div class=\"product_block item product_container tw-relative\" data-product_id=\"3912\">\n<div class=\"wrap_to_center product_image\">\n<div id=\"row-464473913\" class=\"row\">\n<div id=\"col-1192980835\" class=\"col small-12 large-12\">\n<div class=\"col-inner\">\n<div class=\"woocommerce-tabs wc-tabs-wrapper container tabbed-content\">\n<div class=\"tab-panels\">\n<div id=\"tab-description\" class=\"woocommerce-Tabs-panel woocommerce-Tabs-panel--description panel entry-content active\" role=\"tabpanel\" aria-labelledby=\"tab-title-description\">\n<div id=\"row-1068692402\" class=\"row\">\n<p class=\"western\" align=\"justify\">Gemstone: Amethyst \u2013 spiritual awareness, tranquillity, focus     Amet\u00fcst on kainuse s\u00fcmbol, sest amet\u00fcstkannu valatud vesi n\u00e4eb v\u00e4lja nagu vein, ent purju ei tee. A delicate gemstone necklace combining polished 3 mm natural stone beads with a gold-toned sun pendant, representing strength, vitality, and creative energy. Adjustable with a \u00b15 cm extension chain, the necklace offers flexibility and universal fit Amethyst has a spiritual quality that can be used to help tap into higher levels of consciousness. It can serve as a bridge between the physical and ethereal realms. Amethyst has a spiritual quality that can be used to help tap into higher levels of consciousness. It can serve as a bridge between the physical and ethereal realms. Amethyst is a purple-coloured quartz crystal. Purple shades vary from light lavender to deep violet. Amethyst crystals have a spiritual quality to them and can be used to help individuals tap into higher levels of consciousness. It can serve as a bridge between physical and ethereal frequencies, creating an opening for enlightenment. The characteristics of all mineral stones on our website are not scientifically proven; they are based on experiences of users and gemstone therapists. Any healing properties outlined are in no way meant to replace diagnosis or treatment by a qualified therapist or physician. If in doubt about your health, consult a physician.  Amethyst is a purple-coloured quartz crystal. Colours range from light lavender to deep violet. Amethyst crystals possess spiritual properties and can be used to support raising the level of consciousness. They form a bridge between earthly and etheric worlds, opening up to spiritual consciousness.** Please Note: Amethyst is a natural product, so the colour of the beads may vary from light to dark purple. <\/p>\n<\/div>\n<\/div>\n<\/div>\n<\/div>\n<\/div>\n<\/div>\n<\/div>\n<div id=\"row-1925740618\" class=\"row\">\n<div id=\"col-1087222611\" class=\"col small-12 large-12\">\n<div class=\"col-inner\">\n<div class=\"related related-products-wrapper product-section\"><\/div>\n<\/div>\n<\/div>\n<\/div>\n<\/div>\n<\/div>\n<\/div>\n<\/div>\n<\/div>\n","protected":false},"excerpt":{"rendered":"<p>Each pendulum has attached a chain approx 170 mm long, the chain has a gemstone bead at the end that corresponds to relevant gemstone sphere.<\/p>\n<p>India<\/p>\n<p>NB: Pendulums are handmade from a natural product. Because of this, the sizes of the gemstone pieces may vary.<\/p>\n","protected":false},"featured_media":164512,"template":"","meta":[],"product_brand":[],"product_cat":[759,239],"product_tag":[],"class_list":{"0":"post-164514","1":"product","2":"type-product","3":"status-publish","4":"has-post-thumbnail","6":"product_cat-new-en","7":"product_cat-ritual-wands-and-walking-sticks","8":"product_shipping_class-xs-en-2","10":"first","11":"instock","12":"taxable","13":"shipping-taxable","14":"purchasable","15":"product-type-simple"},"_links":{"self":[{"href":"https:\/\/minervashop.eu\/en\/wp-json\/wp\/v2\/product\/164514","targetHints":{"allow":["GET"]}}],"collection":[{"href":"https:\/\/minervashop.eu\/en\/wp-json\/wp\/v2\/product"}],"about":[{"href":"https:\/\/minervashop.eu\/en\/wp-json\/wp\/v2\/types\/product"}],"wp:featuredmedia":[{"embeddable":true,"href":"https:\/\/minervashop.eu\/en\/wp-json\/wp\/v2\/media\/164512"}],"wp:attachment":[{"href":"https:\/\/minervashop.eu\/en\/wp-json\/wp\/v2\/media?parent=164514"}],"wp:term":[{"taxonomy":"product_brand","embeddable":true,"href":"https:\/\/minervashop.eu\/en\/wp-json\/wp\/v2\/product_brand?post=164514"},{"taxonomy":"product_cat","embeddable":true,"href":"https:\/\/minervashop.eu\/en\/wp-json\/wp\/v2\/product_cat?post=164514"},{"taxonomy":"product_tag","embeddable":true,"href":"https:\/\/minervashop.eu\/en\/wp-json\/wp\/v2\/product_tag?post=164514"}],"curies":[{"name":"wp","href":"https:\/\/api.w.org\/{rel}","templated":true}]}}