{"id":164652,"date":"2026-03-09T14:24:08","date_gmt":"2026-03-09T14:24:08","guid":{"rendered":"https:\/\/minervashop.eu\/toode\/hanging-chakra-stone-pendants\/"},"modified":"2026-03-09T14:24:08","modified_gmt":"2026-03-09T14:24:08","slug":"hanging-chakra-stone-pendants","status":"publish","type":"product","link":"https:\/\/minervashop.eu\/en\/product\/hanging-chakra-stone-pendants\/","title":{"rendered":"Hanging Chakra Stone Pendants"},"content":{"rendered":"<p>&#8211; Evil Eye &#8211; the iconic Evil Eye is a symbol of protection, believed to ward off negative energies and bring good fortune.    <\/p>\n<div class=\"product-short-description\">\n<div class=\"product-short-description\">\n<div class=\"product-short-description\">\n<p><strong>see more <a href=\"https:\/\/rnojomku.sendsmaily.net\/templates\/acafb176-ee1f-4e4a-bba3-5c57e9a8e0e3\/html\/\">here<\/a><\/strong><\/p>\n<div id=\"row-858486610\" class=\"row\">\n<div id=\"col-1055324643\" class=\"col small-12 large-12\">\n<div class=\"col-inner\">\n<div class=\"woocommerce-tabs wc-tabs-wrapper container tabbed-content\">\n<div class=\"tab-panels\">\n<div id=\"tab-description\" class=\"woocommerce-Tabs-panel woocommerce-Tabs-panel--description panel entry-content active\" role=\"tabpanel\" aria-labelledby=\"tab-title-description\">\n<div id=\"row-217451918\" class=\"row\">\n<div id=\"col-199986428\" class=\"col small-12 large-12\">\n<div class=\"col-inner\">\n<div class=\"woocommerce-tabs wc-tabs-wrapper container tabbed-content\">\n<div class=\"tab-panels\">\n<div id=\"tab-description\" class=\"woocommerce-Tabs-panel woocommerce-Tabs-panel--description panel entry-content active\" role=\"tabpanel\" aria-labelledby=\"tab-title-description\">\n<p class=\"western\" align=\"justify\">Black tourmaline helps to purify and feel grounded. It protects from negative energies and electro-magnetic pollution.*             <\/p>\n<\/div>\n<\/div>\n<\/div>\n<\/div>\n<\/div>\n<\/div>\n<\/div>\n<\/div>\n<\/div>\n<\/div>\n<\/div>\n<\/div>\n<\/div>\n<\/div>\n<\/div>\n<p class=\"western\" align=\"justify\"><b>P\u00dcRIIT<\/b>\u2013 (metalne l\u00e4ige) tulekivi v\u00f5i narrikuld; enese tunnustamine, toob v\u00e4lja saladused ja allasurutud m\u00e4lestused; annab eluj\u00f5udu; tugevdab tahet; muudab avatuks, otsekoheseks ja ausaks; v\u00e4hendab kindlate olukordade ja haiguste p\u00f5hjusi. Leevendab \u00e4revust, nurjumistunnet ja depressiooni. Kaitseb negatiivse energia eest. Stimuleerides aju v\u00e4hendab n\u00e4rvilisust ja v\u00e4simust. Ideaalne kivi uuteks ideedeks, projektideks ja finantsotsusteks, aidates vastu v\u00f5tta kindlaid otsuseid ja tegutseda kiiresti. Naistel aitab v\u00e4hendada ebakindlust ja hirme, meestele annab j\u00f5udu ning arendab liidri omadusi. Sobib \u00f5pilastele, kellel on raskusi \u00f5ppimisega. Aitab arendada m\u00e4lu ja meeles pidada \u00f5ppematerjali. KEHA: reguleerib seedes\u00fcsteemi \u2013 stimuleerib maksa, soolestikku, m\u00fcrkide kahjutustamist ja v\u00e4ljutamist; ergutab vereringet. Vabastab kehast m\u00fcrke, kaitstes organismi saastumise ja negatiivse energia eest. Sisaldab rauda ja v\u00e4\u00e4vlit. Raud on oluline vere koostisosa, ilma milleta ei suuda rakud hapnikku omastada. V\u00e4\u00e4vel kuulub aminohapete ja proteiinide koostisse.            <\/p>\n","protected":false},"excerpt":{"rendered":"<p>35 x 4 cm<\/p>\n<p>natural rough stones<\/p>\n<p><strong>P\u00fcriit, k\u00fclluse kivina on hinnatud oma energeetiliste ja kaitsvate omaduste poolest, koos kaitsva silmaga luues kombinatsiooni enesekindlusest, positiivsusest ja stabiilsusest.<\/strong><\/p>\n","protected":false},"featured_media":164643,"template":"","meta":[],"product_brand":[],"product_cat":[759,348,107,441,669],"product_tag":[],"class_list":{"0":"post-164652","1":"product","2":"type-product","3":"status-publish","4":"has-post-thumbnail","6":"product_cat-new-en","7":"product_cat-eastern-amulets","8":"product_cat-rough-stones","9":"product_cat-hanging-ornaments-and-bells","10":"product_cat-eye","11":"product_shipping_class-xs-en-2","13":"first","14":"instock","15":"taxable","16":"shipping-taxable","17":"purchasable","18":"product-type-variable"},"_links":{"self":[{"href":"https:\/\/minervashop.eu\/en\/wp-json\/wp\/v2\/product\/164652","targetHints":{"allow":["GET"]}}],"collection":[{"href":"https:\/\/minervashop.eu\/en\/wp-json\/wp\/v2\/product"}],"about":[{"href":"https:\/\/minervashop.eu\/en\/wp-json\/wp\/v2\/types\/product"}],"wp:featuredmedia":[{"embeddable":true,"href":"https:\/\/minervashop.eu\/en\/wp-json\/wp\/v2\/media\/164643"}],"wp:attachment":[{"href":"https:\/\/minervashop.eu\/en\/wp-json\/wp\/v2\/media?parent=164652"}],"wp:term":[{"taxonomy":"product_brand","embeddable":true,"href":"https:\/\/minervashop.eu\/en\/wp-json\/wp\/v2\/product_brand?post=164652"},{"taxonomy":"product_cat","embeddable":true,"href":"https:\/\/minervashop.eu\/en\/wp-json\/wp\/v2\/product_cat?post=164652"},{"taxonomy":"product_tag","embeddable":true,"href":"https:\/\/minervashop.eu\/en\/wp-json\/wp\/v2\/product_tag?post=164652"}],"curies":[{"name":"wp","href":"https:\/\/api.w.org\/{rel}","templated":true}]}}