{"id":165060,"date":"2026-03-11T13:39:43","date_gmt":"2026-03-11T13:39:43","guid":{"rendered":"https:\/\/minervashop.eu\/toode\/valknut-axe-pendant-necklace\/"},"modified":"2026-03-11T13:39:43","modified_gmt":"2026-03-11T13:39:43","slug":"valknut-axe-pendant-necklace","status":"publish","type":"product","link":"https:\/\/minervashop.eu\/en\/product\/valknut-axe-pendant-necklace\/","title":{"rendered":"Valknut Axe pendant necklace"},"content":{"rendered":"<div id=\"row-2077647933\" class=\"row\">\n<div id=\"col-439108448\" class=\"col small-12 large-12\">\n<div class=\"col-inner\">\n<div class=\"woocommerce-tabs wc-tabs-wrapper container tabbed-content\">\n<div class=\"tab-panels\">\n<div id=\"tab-description\" class=\"woocommerce-Tabs-panel woocommerce-Tabs-panel--description panel entry-content active\" role=\"tabpanel\" aria-labelledby=\"tab-title-description\">\n<p><b>Pikti kolmnurk e. Valknut \u2013 <\/b> iidne Skandinaavia maagiline s\u00fcmbol, mis koosneb kolmest omavahel l\u00e4bip\u00f5imunud v\u00f5rdhaarsest kolmnurgast. See on jumal Odini ja tema maagia s\u00fcmbol ning kolme maagilise maailma vahelise \u00fchenduse m\u00e4rk. Need on Midgard \u2013 keskmine, inimeste maailm, Asgard \u2013 jumalate-aaside ilm ja Hel \u2013 surnute ilm. Selles s\u00fcmbolis on need kolm ilma omavahel tihedalt seotud. Maag saab v\u00e4ge ja tarkust k\u00f5igist kolmest maailmast, mis on omavahel l\u00e4bi p\u00f5imunud. Nimi tuleneb valk\u00fc\u00fcridelt \u2013 Odini t\u00fctardelt, kes valisid lahinguv\u00e4ljal langenutest v\u00e4lja vapramad, keda ootas Valhalla, Odini usu vaste kristlikule paradiisile. Pikti kunstnikud olid tuntud kogu maailmas oma kuulsate s\u00fcmbolitega, tehtud erinevast materjalist. Nende meisterlikkus on hinnatud t\u00e4nap\u00e4evani. Pikti kunst p\u00f5hineb keldi mustritel ja s\u00fcmbolitel, kuigi omab ainulaadset stiili, nagu see pikti kolmnurk. Seda s\u00f5lme tuntakse langenute v\u00f5i \u00e4ravalitute s\u00f5lmena, koosnedes kolmest \u00fchendatud v\u00f5rdk\u00fclgsest kolmnurgast. Tuginedes iidsele uskumusele esindab see jumala silma ja \u00e4ratab universaalse energia toomaks kaitset ja loovat j\u00f5udu selle kandjale. Valknuti vaatlemine on m\u00fcstikute arvates \u00fcks kirgastumise v\u00f5imalustest.           <\/p>\n<\/div>\n<\/div>\n<\/div>\n<\/div>\n<\/div>\n<\/div>\n<div id=\"row-778719101\" class=\"row\">\n<div id=\"col-1702922152\" class=\"col small-12 large-12\">\n<div class=\"col-inner\"><\/div>\n<\/div>\n<\/div>\n","protected":false},"excerpt":{"rendered":"<p>stainless steel, alloy<\/p>\n<p>pendant 5 x 3 cm<\/p>\n<p>chain 2,5 mm x 56 cm<\/p>\n","protected":false},"featured_media":165057,"template":"","meta":[],"product_brand":[],"product_cat":[759,90,255,137],"product_tag":[],"class_list":{"0":"post-165060","1":"product","2":"type-product","3":"status-publish","4":"has-post-thumbnail","6":"product_cat-new-en","7":"product_cat-celitc-amulets","8":"product_cat-silver-color-pendants","9":"product_cat-runes","10":"product_shipping_class-xs-en-2","12":"first","13":"instock","14":"taxable","15":"shipping-taxable","16":"purchasable","17":"product-type-simple"},"_links":{"self":[{"href":"https:\/\/minervashop.eu\/en\/wp-json\/wp\/v2\/product\/165060","targetHints":{"allow":["GET"]}}],"collection":[{"href":"https:\/\/minervashop.eu\/en\/wp-json\/wp\/v2\/product"}],"about":[{"href":"https:\/\/minervashop.eu\/en\/wp-json\/wp\/v2\/types\/product"}],"wp:featuredmedia":[{"embeddable":true,"href":"https:\/\/minervashop.eu\/en\/wp-json\/wp\/v2\/media\/165057"}],"wp:attachment":[{"href":"https:\/\/minervashop.eu\/en\/wp-json\/wp\/v2\/media?parent=165060"}],"wp:term":[{"taxonomy":"product_brand","embeddable":true,"href":"https:\/\/minervashop.eu\/en\/wp-json\/wp\/v2\/product_brand?post=165060"},{"taxonomy":"product_cat","embeddable":true,"href":"https:\/\/minervashop.eu\/en\/wp-json\/wp\/v2\/product_cat?post=165060"},{"taxonomy":"product_tag","embeddable":true,"href":"https:\/\/minervashop.eu\/en\/wp-json\/wp\/v2\/product_tag?post=165060"}],"curies":[{"name":"wp","href":"https:\/\/api.w.org\/{rel}","templated":true}]}}