{"id":165081,"date":"2026-03-12T10:20:16","date_gmt":"2026-03-12T10:20:16","guid":{"rendered":"https:\/\/minervashop.eu\/?post_type=product&#038;p=165081"},"modified":"2026-03-19T12:35:36","modified_gmt":"2026-03-19T12:35:36","slug":"pegasus-votmehoidja-siid-tutiga","status":"publish","type":"product","link":"https:\/\/minervashop.eu\/en\/toode\/pegasus-votmehoidja-siid-tutiga\/","title":{"rendered":"Pegasus v\u00f5tmehoidja siid tutiga"},"content":{"rendered":"","protected":false},"excerpt":{"rendered":"<h4 align=\"left\"><strong>Ingel \u2013 headuse kehastus, maa ja taeva vahendaja. Nimetus tuleb kreekakeelsest s\u00f5nast\u00a0<i>angelos<\/i>\u00a0(s\u00f5numitooja) ja viitab nende peamisele rollile edastada h\u00e4id s\u00f5numeid. Nad on vahendajad Jumala ja inimese vahel. Iga\u00fchel on oma kaitseingel, kes teda juhatab ja valvab. Peainglid on taevase riigi pealikud ja juhid.\u00a0<\/strong><strong>Keerubid on jumalale k\u00f5ige l\u00e4hemal. Neil arvati olevat 6 tiiba. Esinevad punn-p\u00f5sksete lapsukestena ja omavad m\u00e4ngulist loomust, s\u00fcmboliseerides nii r\u00f5\u00f5mu kui ka headust. Putod on tiibadega poisikesed, kes t\u00e4hendavad s\u00fc\u00fctust ja puhtust.<\/strong><\/h4>\n<p>siid tutt 13 cm<\/p>\n<p>kogupikkus 22 cm<\/p>\n<p>akr\u00fc\u00fcl helmed<\/p>\n","protected":false},"featured_media":165084,"template":"","meta":[],"product_brand":[],"product_cat":[758,620,440,66,162],"product_tag":[],"class_list":{"0":"post-165081","1":"product","2":"type-product","3":"status-publish","4":"has-post-thumbnail","6":"product_cat-uued-tooted","7":"product_cat-inglid-2","8":"product_cat-ripp-ornamendid","9":"product_cat-ukssarved-ja-hobused","10":"product_cat-votmehoidjad-ja-votmed","12":"first","13":"instock","14":"taxable","15":"shipping-taxable","16":"purchasable","17":"product-type-simple"},"_links":{"self":[{"href":"https:\/\/minervashop.eu\/en\/wp-json\/wp\/v2\/product\/165081","targetHints":{"allow":["GET"]}}],"collection":[{"href":"https:\/\/minervashop.eu\/en\/wp-json\/wp\/v2\/product"}],"about":[{"href":"https:\/\/minervashop.eu\/en\/wp-json\/wp\/v2\/types\/product"}],"wp:featuredmedia":[{"embeddable":true,"href":"https:\/\/minervashop.eu\/en\/wp-json\/wp\/v2\/media\/165084"}],"wp:attachment":[{"href":"https:\/\/minervashop.eu\/en\/wp-json\/wp\/v2\/media?parent=165081"}],"wp:term":[{"taxonomy":"product_brand","embeddable":true,"href":"https:\/\/minervashop.eu\/en\/wp-json\/wp\/v2\/product_brand?post=165081"},{"taxonomy":"product_cat","embeddable":true,"href":"https:\/\/minervashop.eu\/en\/wp-json\/wp\/v2\/product_cat?post=165081"},{"taxonomy":"product_tag","embeddable":true,"href":"https:\/\/minervashop.eu\/en\/wp-json\/wp\/v2\/product_tag?post=165081"}],"curies":[{"name":"wp","href":"https:\/\/api.w.org\/{rel}","templated":true}]}}