{"id":165338,"date":"2026-03-19T15:48:54","date_gmt":"2026-03-19T15:48:54","guid":{"rendered":"https:\/\/minervashop.eu\/?post_type=product&#038;p=165338"},"modified":"2026-03-19T15:50:37","modified_gmt":"2026-03-19T15:50:37","slug":"kuldne-kettidega-mustade-sudametega-korvarongad","status":"publish","type":"product","link":"https:\/\/minervashop.eu\/en\/toode\/kuldne-kettidega-mustade-sudametega-korvarongad\/","title":{"rendered":"Kuldne kettidega mustade s\u00fcdametega k\u00f5rvar\u00f5ngad"},"content":{"rendered":"","protected":false},"excerpt":{"rendered":"<p>messing, klaas kristallid<\/p>\n<p>kett 7 cm<\/p>\n<p>vaata lisa\u00a0<a href=\"https:\/\/rnojomku.sendsmaily.net\/templates\/d9e7e47a-c650-48a9-8340-e30d89f43231\/html\/\">siit<\/a><\/p>\n","protected":false},"featured_media":165341,"template":"","meta":[],"product_brand":[],"product_cat":[758,171,314,63,727],"product_tag":[],"class_list":{"0":"post-165338","1":"product","2":"type-product","3":"status-publish","4":"has-post-thumbnail","6":"product_cat-uued-tooted","7":"product_cat-ceridwen","8":"product_cat-kuldsed-korvarongad","9":"product_cat-kallimale","10":"product_cat-sudamed","11":"product_shipping_class-xs","13":"first","14":"instock","15":"taxable","16":"shipping-taxable","17":"purchasable","18":"product-type-simple"},"_links":{"self":[{"href":"https:\/\/minervashop.eu\/en\/wp-json\/wp\/v2\/product\/165338","targetHints":{"allow":["GET"]}}],"collection":[{"href":"https:\/\/minervashop.eu\/en\/wp-json\/wp\/v2\/product"}],"about":[{"href":"https:\/\/minervashop.eu\/en\/wp-json\/wp\/v2\/types\/product"}],"wp:featuredmedia":[{"embeddable":true,"href":"https:\/\/minervashop.eu\/en\/wp-json\/wp\/v2\/media\/165341"}],"wp:attachment":[{"href":"https:\/\/minervashop.eu\/en\/wp-json\/wp\/v2\/media?parent=165338"}],"wp:term":[{"taxonomy":"product_brand","embeddable":true,"href":"https:\/\/minervashop.eu\/en\/wp-json\/wp\/v2\/product_brand?post=165338"},{"taxonomy":"product_cat","embeddable":true,"href":"https:\/\/minervashop.eu\/en\/wp-json\/wp\/v2\/product_cat?post=165338"},{"taxonomy":"product_tag","embeddable":true,"href":"https:\/\/minervashop.eu\/en\/wp-json\/wp\/v2\/product_tag?post=165338"}],"curies":[{"name":"wp","href":"https:\/\/api.w.org\/{rel}","templated":true}]}}