{"id":165418,"date":"2026-03-20T14:30:54","date_gmt":"2026-03-20T14:30:54","guid":{"rendered":"https:\/\/minervashop.eu\/toode\/golden-crystals-and-beads-drop-earrings\/"},"modified":"2026-03-20T14:30:54","modified_gmt":"2026-03-20T14:30:54","slug":"golden-crystals-and-beads-drop-earrings","status":"publish","type":"product","link":"https:\/\/minervashop.eu\/en\/product\/golden-crystals-and-beads-drop-earrings\/","title":{"rendered":"Golden crystals and beads drop earrings"},"content":{"rendered":"<div id=\"row-926552237\" class=\"row\">\n<div id=\"col-1296507109\" class=\"col small-12 large-12\">\n<div class=\"col-inner\">\n<div class=\"woocommerce-tabs wc-tabs-wrapper container tabbed-content\">\n<div class=\"tab-panels\">\n<div id=\"tab-description\" class=\"woocommerce-Tabs-panel woocommerce-Tabs-panel--description panel entry-content active\" role=\"tabpanel\" aria-labelledby=\"tab-title-description\">\n<div class=\"product-short-description\">\n<div class=\"product-short-description\">\n<p class=\"western\" align=\"justify\"><b>ROOSA KVARTS<\/b> is a protection for family and home, gives you confidence and relieves heartache. It is linked to emotionality and love. Balances emotional life and removes stress. Pink Quartz water is wonderful for children. It brings us into a loving state, reminding us that we are loved. Healer of respiratory wounds. A stone of tenderness, sensitivity, warmth and friendship. Helps with sadness, stress and tension. A good &#8216;sleep stone&#8217;, protecting against night-time coos. Helps combat darkness-anxiety.          Efektiivne kriisisituatsioonis. Suurendab empaatiat, aitab leppida muutustega. It soothes heartache, rescues from the sadness, fear and evil that stand in the way of receiving love. Suitable for anyone who has not yet adjusted to life but has experienced love. Also for those who have not had enough affection and care in childhood. If we can love ourselves, we can love those around us. Healing emotional wounds and pain, starting with the reduction of bitterness.     Avab s\u00fcdame ilule meie sees ja \u00fcmber. Related to friendship, love spells, spiritual balance, getting rid of loneliness, successful court cases and learning to love yourself. If amethyst is for the spirit, pink quartz is for the heart. It gives self-love, self-approval and a sense of personal usefulness.   Suurendab igasugust armastust: enda vastu, emaarmastust, hoolimist, headust, platoonilist ja romantilist armastust. Headus: avama s\u00fcdame ja julgustama \u00f5rnusele ja rahule. \u00d5petab andestamist ja tolerantsi. Veetlus: kiirgama tingimusteta armastust ja hellust. Aitab tuua positiivset ja \u00f5rna armastust meie ellu.    MAAGIA: Kui surnud s\u00f5ber v\u00f5i sugulane ei lase teil rahulikult elada, kandke kaelas roosat kvartsi. See aitab teil vabaneda s\u00fc\u00fctundest. For the timid and shy, the reality-cutting effects of obsidian are softened by aventurine, rose quartz and chrysocolla. See aitab teil vabaneda s\u00fc\u00fctundest. For use in massage therapy or decoration. VOICE: sensitivity; helps with sexual difficulties, sheds clear light on personal needs and expectations. BODY: harmonizes the heart, strengthens the sexual organs and fertility. MAAGIA: In the event of family disputes, place pink quartz in the most frequented areas of the living space to transform negative energy into positive energy. After a traumatic event, such as a break-up or physical assault, place a piece of rose quartz in a cup of tea to help relax and forget the bad. <b>Asterisk<\/b>: <b>Cancer, Capricorn, Taurus, Libra, Aquarius.<\/b>    <\/p>\n<\/div>\n<\/div>\n<\/div>\n<\/div>\n<\/div>\n<\/div>\n<\/div>\n<\/div>\n<div id=\"row-815805148\" class=\"row\">\n<div id=\"col-310678066\" class=\"col small-12 large-12\">\n<div class=\"col-inner\"><\/div>\n<\/div>\n<\/div>\n","protected":false},"excerpt":{"rendered":"<p>brass, natural rose quartz and opalith<\/p>\n<p>10 mm x 60 mm<\/p>\n<div class=\"product-short-description\">\n<p>see more <a href=\"https:\/\/rnojomku.sendsmaily.net\/templates\/d9e7e47a-c650-48a9-8340-e30d89f43231\/html\/\">here<\/a><\/p>\n<\/div>\n<div class=\"add-to-cart-container form-normal is-normal\"><\/div>\n","protected":false},"featured_media":165412,"template":"","meta":[],"product_brand":[],"product_cat":[759,325,358,315,146,659],"product_tag":[],"class_list":{"0":"post-165418","1":"product","2":"type-product","3":"status-publish","4":"has-post-thumbnail","6":"product_cat-new-en","7":"product_cat-ker-en","8":"product_cat-rhiannon-en","9":"product_cat-golden-earrings","10":"product_cat-natural-stone-earrings","11":"product_cat-pearls-and-shell-earrings","12":"product_shipping_class-xs-en-2","14":"first","15":"instock","16":"taxable","17":"shipping-taxable","18":"purchasable","19":"product-type-variable"},"_links":{"self":[{"href":"https:\/\/minervashop.eu\/en\/wp-json\/wp\/v2\/product\/165418","targetHints":{"allow":["GET"]}}],"collection":[{"href":"https:\/\/minervashop.eu\/en\/wp-json\/wp\/v2\/product"}],"about":[{"href":"https:\/\/minervashop.eu\/en\/wp-json\/wp\/v2\/types\/product"}],"wp:featuredmedia":[{"embeddable":true,"href":"https:\/\/minervashop.eu\/en\/wp-json\/wp\/v2\/media\/165412"}],"wp:attachment":[{"href":"https:\/\/minervashop.eu\/en\/wp-json\/wp\/v2\/media?parent=165418"}],"wp:term":[{"taxonomy":"product_brand","embeddable":true,"href":"https:\/\/minervashop.eu\/en\/wp-json\/wp\/v2\/product_brand?post=165418"},{"taxonomy":"product_cat","embeddable":true,"href":"https:\/\/minervashop.eu\/en\/wp-json\/wp\/v2\/product_cat?post=165418"},{"taxonomy":"product_tag","embeddable":true,"href":"https:\/\/minervashop.eu\/en\/wp-json\/wp\/v2\/product_tag?post=165418"}],"curies":[{"name":"wp","href":"https:\/\/api.w.org\/{rel}","templated":true}]}}