{"id":165518,"date":"2026-03-23T15:37:41","date_gmt":"2026-03-23T15:37:41","guid":{"rendered":"https:\/\/minervashop.eu\/toode\/citrine-chips-bangle\/"},"modified":"2026-03-24T08:32:48","modified_gmt":"2026-03-24T08:32:48","slug":"citrine-chips-bangle","status":"publish","type":"product","link":"https:\/\/minervashop.eu\/en\/product\/citrine-chips-bangle\/","title":{"rendered":"Citrine chips bangle"},"content":{"rendered":"<div id=\"row-1734750412\" class=\"row\">\n<div id=\"col-1972771654\" class=\"col small-12 large-12\">\n<div class=\"col-inner\">\n<div class=\"woocommerce-tabs wc-tabs-wrapper container tabbed-content\">\n<div class=\"tab-panels\">\n<div id=\"tab-description\" class=\"woocommerce-Tabs-panel woocommerce-Tabs-panel--description panel entry-content active\" role=\"tabpanel\" aria-labelledby=\"tab-title-description\">\n<div id=\"row-1026668083\" class=\"row\">\n<div id=\"col-1258685871\" class=\"col small-12 large-12\">\n<div class=\"col-inner\">\n<div class=\"woocommerce-tabs wc-tabs-wrapper container tabbed-content\">\n<div class=\"tab-panels\">\n<div id=\"tab-description\" class=\"woocommerce-Tabs-panel woocommerce-Tabs-panel--description panel entry-content active\" role=\"tabpanel\" aria-labelledby=\"tab-title-description\">\n<div class=\"term-description\">\n<p class=\"western\" align=\"justify\"><b>TSITRIIN<\/b>\u2013 (kollane v\u00f5i pruunikas kristalne kvarts), annab julgust elule n\u00e4kku vaadata, soodustab enesev\u00e4ljendamist, aitab depressiooni vastu, aitab m\u00f5ista ja hakkama saada pealesunnitud muljega. Oran\u017eikas-kollane kivi (sakraalt\u0161akrale) aitab vabaneda pingest ja stressist ning rohkem nautida. Kollane kivi (p\u00e4ikesep\u00f5imikule) tasakaalustab seede- ja n\u00e4rvis\u00fcsteemi ning toetab m\u00f5tteselgust ja keskendumisv\u00f5imet. Suurendab enesekindlust ja isiklikku v\u00e4ge. Toob teadmisi tarkuse k\u00f5rgematelt tasanditelt. Kristall, mis ei vaja puhastamist! \u00d5petab, kuidas saavutada edu ja j\u00f5ukust ja seda ka hoida. Tugevdab eneseusku, h\u00e4vitab iseloomu laastavaid omadusi. Soodustab positiivset meelt edasiliikumiseks, aitab mitte tagasi vaadata m\u00f6\u00f6dunule. Eriti sobilik neile, keda m\u00f5jutab teiste inimeste arvamus. Intellektuaalidele ja loogilise m\u00f5tlemisega inimestel aitab ametialaselt edasi j\u00f5uda. KEHA: tugevdab n\u00e4rve, k\u00f5htu, pankreast, p\u00f5rna, samuti aitab voodim\u00e4rgamise vastu. Soodustab seedetegevust, puhastab verd, rahustab n\u00e4rvis\u00fcsteemi. Kasulik naisorganitele menstruaalprobleemide korral. MAAGIA: maja m\u00fc\u00fcmisraskuste korral pange suur kristall, geood v\u00f5i kobar esikusse v\u00f5i elutuppa. V\u00f5ib panna ka v\u00e4ikese kivi igasse tuppa. See suurendab huvi teie kinnisvara vastu.                <\/p>\n<\/div>\n<\/div>\n<\/div>\n<\/div>\n<\/div>\n<\/div>\n<\/div>\n<\/div>\n<\/div>\n<\/div>\n<\/div>\n<\/div>\n<\/div>\n<div id=\"row-226270406\" class=\"row\">\n<div id=\"col-545423039\" class=\"col small-12 large-12\">\n<div class=\"col-inner\">\n<div class=\"related related-products-wrapper product-section\"><\/div>\n<\/div>\n<\/div>\n<\/div>\n","protected":false},"excerpt":{"rendered":"<p><strong>vaata lisa <a href=\"https:\/\/rnojomku.sendsmaily.net\/templates\/acafb176-ee1f-4e4a-bba3-5c57e9a8e0e3\/html\/\">siit<\/a><\/strong><\/p>\n<p>metal base, natural citrine chips, glass beads<\/p>\n<p>max width 26 mm<\/p>\n<p>18-22 cm wrist<\/p>\n","protected":false},"featured_media":165524,"template":"","meta":[],"product_brand":[],"product_cat":[759,325,565,684],"product_tag":[],"class_list":{"0":"post-165518","1":"product","2":"type-product","3":"status-publish","4":"has-post-thumbnail","6":"product_cat-new-en","7":"product_cat-ker-en","8":"product_cat-chips-bracelets","9":"product_cat-natural-stone-metal-bracelets","10":"product_shipping_class-s-en","12":"first","13":"instock","14":"taxable","15":"shipping-taxable","16":"purchasable","17":"product-type-simple"},"_links":{"self":[{"href":"https:\/\/minervashop.eu\/en\/wp-json\/wp\/v2\/product\/165518","targetHints":{"allow":["GET"]}}],"collection":[{"href":"https:\/\/minervashop.eu\/en\/wp-json\/wp\/v2\/product"}],"about":[{"href":"https:\/\/minervashop.eu\/en\/wp-json\/wp\/v2\/types\/product"}],"wp:featuredmedia":[{"embeddable":true,"href":"https:\/\/minervashop.eu\/en\/wp-json\/wp\/v2\/media\/165524"}],"wp:attachment":[{"href":"https:\/\/minervashop.eu\/en\/wp-json\/wp\/v2\/media?parent=165518"}],"wp:term":[{"taxonomy":"product_brand","embeddable":true,"href":"https:\/\/minervashop.eu\/en\/wp-json\/wp\/v2\/product_brand?post=165518"},{"taxonomy":"product_cat","embeddable":true,"href":"https:\/\/minervashop.eu\/en\/wp-json\/wp\/v2\/product_cat?post=165518"},{"taxonomy":"product_tag","embeddable":true,"href":"https:\/\/minervashop.eu\/en\/wp-json\/wp\/v2\/product_tag?post=165518"}],"curies":[{"name":"wp","href":"https:\/\/api.w.org\/{rel}","templated":true}]}}