{"id":165663,"date":"2026-03-25T09:10:04","date_gmt":"2026-03-25T09:10:04","guid":{"rendered":"https:\/\/minervashop.eu\/?post_type=product&#038;p=165663"},"modified":"2026-03-25T13:33:39","modified_gmt":"2026-03-25T13:33:39","slug":"fuksia-roosa-lilla-lilledega-nooriga-kaelakee","status":"publish","type":"product","link":"https:\/\/minervashop.eu\/en\/toode\/fuksia-roosa-lilla-lilledega-nooriga-kaelakee\/","title":{"rendered":"Fuksia roosa\/lilla lilledega n\u00f6\u00f6riga kaelakee"},"content":{"rendered":"","protected":false},"excerpt":{"rendered":"<div class=\"product-short-description\">\n<p><strong>vaata lisa\u00a0<a href=\"https:\/\/rnojomku.sendsmaily.net\/templates\/acafb176-ee1f-4e4a-bba3-5c57e9a8e0e3\/html\/\">siit<\/a><\/strong><\/p>\n<\/div>\n<div class=\"add-to-cart-container form-normal is-normal\">akr\u00fc\u00fcl helmed, seemisnahkne n\u00f6\u00f6r 58 +4 cm<\/div>\n<div>ripats 11 cm<\/div>\n","protected":false},"featured_media":165674,"template":"","meta":[],"product_brand":[],"product_cat":[758,458],"product_tag":[],"class_list":{"0":"post-165663","1":"product","2":"type-product","3":"status-publish","4":"has-post-thumbnail","6":"product_cat-uued-tooted","7":"product_cat-kunstmaterjalist-kaelakeed","8":"product_shipping_class-xs","10":"first","11":"instock","12":"taxable","13":"shipping-taxable","14":"purchasable","15":"product-type-simple"},"_links":{"self":[{"href":"https:\/\/minervashop.eu\/en\/wp-json\/wp\/v2\/product\/165663","targetHints":{"allow":["GET"]}}],"collection":[{"href":"https:\/\/minervashop.eu\/en\/wp-json\/wp\/v2\/product"}],"about":[{"href":"https:\/\/minervashop.eu\/en\/wp-json\/wp\/v2\/types\/product"}],"wp:featuredmedia":[{"embeddable":true,"href":"https:\/\/minervashop.eu\/en\/wp-json\/wp\/v2\/media\/165674"}],"wp:attachment":[{"href":"https:\/\/minervashop.eu\/en\/wp-json\/wp\/v2\/media?parent=165663"}],"wp:term":[{"taxonomy":"product_brand","embeddable":true,"href":"https:\/\/minervashop.eu\/en\/wp-json\/wp\/v2\/product_brand?post=165663"},{"taxonomy":"product_cat","embeddable":true,"href":"https:\/\/minervashop.eu\/en\/wp-json\/wp\/v2\/product_cat?post=165663"},{"taxonomy":"product_tag","embeddable":true,"href":"https:\/\/minervashop.eu\/en\/wp-json\/wp\/v2\/product_tag?post=165663"}],"curies":[{"name":"wp","href":"https:\/\/api.w.org\/{rel}","templated":true}]}}