{"id":166013,"date":"2026-04-02T10:55:44","date_gmt":"2026-04-02T10:55:44","guid":{"rendered":"https:\/\/minervashop.eu\/toode\/rose-quartz-garnet-chips-hoop-earrings\/"},"modified":"2026-04-02T10:55:44","modified_gmt":"2026-04-02T10:55:44","slug":"rose-quartz-garnet-chips-hoop-earrings","status":"publish","type":"product","link":"https:\/\/minervashop.eu\/en\/product\/rose-quartz-garnet-chips-hoop-earrings\/","title":{"rendered":"Rose quartz\/garnet chips hoop earrings"},"content":{"rendered":"<p class=\"western\" align=\"justify\">Rose Quartz is a calming and reassuring crystal, excellent for use in trauma or crisis. The soft pink emanations of Rose Quartz comforts and heals any wounds the heart has suffered, penetrating the inner chambers of the Heart Chakra where emotional experiences are recorded and stored. It dissolves the sorrows, worries, fears, and resentments suppressing the heart&#8217;s ability to give and receive love, and replaces it with healing, comfort and inner nourishment. According to crystal healing rose quartz increases sensitivity, empathy and helpfulness.It helps more clearly perceive one&#8217;s own needs and those of other people and to support their fulfillment. Rose quartz stands for heart power, romantic and love ability. The rose quartz is connected with emotions and love. This is a stone of warmth and love, as it heals emotional wounds and pain with it&#8217;s gentle calming salve. Opens the heart to the beauty within and all around us, and will begin its healing by reducing resentments. As Amethyst is to the Spirit, so Rose Quartz is to the Heart. It gives Self-Acceptance, Self Love, and Personal Worth Enhances all forms of love: self love, mother love, caring, kindness, platonic and romantic love. Kindness: Opens our hearts and encourages us to be tender, peaceful and gentle. Teaches forgiveness and tolerance. Attracts: Emanates unconditional love and nurturance and helps us attract positive, gentle, non-judgemental love into our lives. Star signs: Cancer, Capricorn, Taurus, Libra, Aquarius          Efektiivne kriisisituatsioonis. Suurendab empaatiat, aitab leppida muutustega. It soothes heartache, rescues from the sadness, fear and evil that stand in the way of receiving love. Suitable for anyone who has not yet adjusted to life but has experienced love. Also for those who have not had enough affection and care in childhood. If we can love ourselves, we can love those around us. Healing emotional wounds and pain, starting with the reduction of bitterness.     Avab s\u00fcdame ilule meie sees ja \u00fcmber. Related to friendship, love spells, spiritual balance, getting rid of loneliness, successful court cases and learning to love yourself. If amethyst is for the spirit, pink quartz is for the heart. It gives self-love, self-approval and a sense of personal usefulness.   Suurendab igasugust armastust: enda vastu, emaarmastust, hoolimist, headust, platoonilist ja romantilist armastust. Headus: avama s\u00fcdame ja julgustama \u00f5rnusele ja rahule. \u00d5petab andestamist ja tolerantsi. Veetlus: kiirgama tingimusteta armastust ja hellust. Aitab tuua positiivset ja \u00f5rna armastust meie ellu.    MAAGIA: Kui surnud s\u00f5ber v\u00f5i sugulane ei lase teil rahulikult elada, kandke kaelas roosat kvartsi. See aitab teil vabaneda s\u00fc\u00fctundest. For the timid and shy, the reality-cutting effects of obsidian are softened by aventurine, rose quartz and chrysocolla. See aitab teil vabaneda s\u00fc\u00fctundest. For use in massage therapy or decoration. VOICE: sensitivity; helps with sexual difficulties, sheds clear light on personal needs and expectations. BODY: harmonizes the heart, strengthens the sexual organs and fertility. MAAGIA: In the event of family disputes, place pink quartz in the most frequented areas of the living space to transform negative energy into positive energy. After a traumatic event, such as a break-up or physical assault, place a piece of rose quartz in a cup of tea to help relax and forget the bad. <b>Asterisk<\/b>: <b>Cancer, Capricorn, Taurus, Libra, Aquarius.<\/b>    <\/p>\n<div id=\"row-26921135\" class=\"row\">\n<div id=\"col-466081818\" class=\"col small-12 large-12\">\n<div class=\"col-inner\">\n<div class=\"woocommerce-tabs wc-tabs-wrapper container tabbed-content\">\n<div class=\"tab-panels\">\n<div id=\"tab-description\" class=\"woocommerce-Tabs-panel woocommerce-Tabs-panel--description panel entry-content active\" role=\"tabpanel\" aria-labelledby=\"tab-title-description\">\n<p align=\"JUSTIFY\"><b>GRANAAT <\/b>on populaarne v\u00e4\u00e4riskivi juba pronksiajast. Kaitseb oma kandjat negatiivsuse ja depressiooni eest ning sisendab julgust. S\u00fcmboliseerib energiat, p\u00fchendumist ja ustavust. Armastuse kivi. Elavdab kujutlusv\u00f5imet, sobib r\u00f5\u00f5muks, kaitseks, kaastundeks, puhastamiseks, tervendamiseks, armuloitsudeks, toob \u00f5nne. Tugevdab aurat, annab j\u00f5udu maagilistes toimingutes, muudab ausaks ja truuks, annab armastusele p\u00fcsivust ja aitab suunata kundalini energiat. Ravitakse depressiooni ja s\u00fcdamepekslemist, hoiab tervise stabiilse, parandab vereringet ja teeb l\u00f5pu vere k\u00f6himisele. Tuligranaat \u00f5hutab armastajate vahel nii r\u00f5\u00f5mu kui lahkhelisid, tugevdab tervist, peletab depressiooni ja vaigistab s\u00fcdamepekslemist.       <\/p>\n<\/div>\n<\/div>\n<\/div>\n<\/div>\n<\/div>\n<\/div>\n","protected":false},"excerpt":{"rendered":"<p>natural stones garnet, rose quartz rock crystal, blue sandstone<\/p>\n<p>68 mm<\/p>\n<p>stainless steel hoop<\/p>\n","protected":false},"featured_media":166008,"template":"","meta":[],"product_brand":[],"product_cat":[759,358,146],"product_tag":[],"class_list":{"0":"post-166013","1":"product","2":"type-product","3":"status-publish","4":"has-post-thumbnail","6":"product_cat-new-en","7":"product_cat-rhiannon-en","8":"product_cat-natural-stone-earrings","9":"product_shipping_class-xs-en-2","11":"first","12":"instock","13":"taxable","14":"shipping-taxable","15":"purchasable","16":"product-type-simple"},"_links":{"self":[{"href":"https:\/\/minervashop.eu\/en\/wp-json\/wp\/v2\/product\/166013","targetHints":{"allow":["GET"]}}],"collection":[{"href":"https:\/\/minervashop.eu\/en\/wp-json\/wp\/v2\/product"}],"about":[{"href":"https:\/\/minervashop.eu\/en\/wp-json\/wp\/v2\/types\/product"}],"wp:featuredmedia":[{"embeddable":true,"href":"https:\/\/minervashop.eu\/en\/wp-json\/wp\/v2\/media\/166008"}],"wp:attachment":[{"href":"https:\/\/minervashop.eu\/en\/wp-json\/wp\/v2\/media?parent=166013"}],"wp:term":[{"taxonomy":"product_brand","embeddable":true,"href":"https:\/\/minervashop.eu\/en\/wp-json\/wp\/v2\/product_brand?post=166013"},{"taxonomy":"product_cat","embeddable":true,"href":"https:\/\/minervashop.eu\/en\/wp-json\/wp\/v2\/product_cat?post=166013"},{"taxonomy":"product_tag","embeddable":true,"href":"https:\/\/minervashop.eu\/en\/wp-json\/wp\/v2\/product_tag?post=166013"}],"curies":[{"name":"wp","href":"https:\/\/api.w.org\/{rel}","templated":true}]}}