{"id":166094,"date":"2026-04-07T09:59:49","date_gmt":"2026-04-07T09:59:49","guid":{"rendered":"https:\/\/minervashop.eu\/toode\/rose-quartz-opalith-aquamarine-beads-ring\/"},"modified":"2026-04-07T09:59:49","modified_gmt":"2026-04-07T09:59:49","slug":"rose-quartz-opalith-aquamarine-beads-ring","status":"publish","type":"product","link":"https:\/\/minervashop.eu\/en\/product\/rose-quartz-opalith-aquamarine-beads-ring\/","title":{"rendered":"Rose quartz\/opalith\/aquamarine beads ring"},"content":{"rendered":"<p class=\"western\" align=\"justify\">Rose Quartz is a calming and reassuring crystal, excellent for use in trauma or crisis. The soft pink emanations of Rose Quartz comforts and heals any wounds the heart has suffered, penetrating the inner chambers of the Heart Chakra where emotional experiences are recorded and stored. It dissolves the sorrows, worries, fears, and resentments suppressing the heart&#8217;s ability to give and receive love, and replaces it with healing, comfort and inner nourishment. According to crystal healing rose quartz increases sensitivity, empathy and helpfulness.It helps more clearly perceive one&#8217;s own needs and those of other people and to support their fulfillment. Rose quartz stands for heart power, romantic and love ability. The rose quartz is connected with emotions and love. This is a stone of warmth and love, as it heals emotional wounds and pain with it&#8217;s gentle calming salve. Opens the heart to the beauty within and all around us, and will begin its healing by reducing resentments. As Amethyst is to the Spirit, so Rose Quartz is to the Heart. It gives Self-Acceptance, Self Love, and Personal Worth Enhances all forms of love: self love, mother love, caring, kindness, platonic and romantic love. Kindness: Opens our hearts and encourages us to be tender, peaceful and gentle. Teaches forgiveness and tolerance. Attracts: Emanates unconditional love and nurturance and helps us attract positive, gentle, non-judgemental love into our lives. Star signs: Cancer, Capricorn, Taurus, Libra, Aquarius          Efektiivne kriisisituatsioonis. Suurendab empaatiat, aitab leppida muutustega. It soothes heartache, rescues from the sadness, fear and evil that stand in the way of receiving love. Suitable for anyone who has not yet adjusted to life but has experienced love. Also for those who have not had enough affection and care in childhood. If we can love ourselves, we can love those around us. Healing emotional wounds and pain, starting with the reduction of bitterness.     Avab s\u00fcdame ilule meie sees ja \u00fcmber. Related to friendship, love spells, spiritual balance, getting rid of loneliness, successful court cases and learning to love yourself. If amethyst is for the spirit, pink quartz is for the heart. It gives self-love, self-approval and a sense of personal usefulness.   Suurendab igasugust armastust: enda vastu, emaarmastust, hoolimist, headust, platoonilist ja romantilist armastust. Headus: avama s\u00fcdame ja julgustama \u00f5rnusele ja rahule. \u00d5petab andestamist ja tolerantsi. Veetlus: kiirgama tingimusteta armastust ja hellust. Aitab tuua positiivset ja \u00f5rna armastust meie ellu.    MAAGIA: Kui surnud s\u00f5ber v\u00f5i sugulane ei lase teil rahulikult elada, kandke kaelas roosat kvartsi. See aitab teil vabaneda s\u00fc\u00fctundest. For the timid and shy, the reality-cutting effects of obsidian are softened by aventurine, rose quartz and chrysocolla. See aitab teil vabaneda s\u00fc\u00fctundest. For use in massage therapy or decoration. VOICE: sensitivity; helps with sexual difficulties, sheds clear light on personal needs and expectations. BODY: harmonizes the heart, strengthens the sexual organs and fertility. MAAGIA: In the event of family disputes, place pink quartz in the most frequented areas of the living space to transform negative energy into positive energy. After a traumatic event, such as a break-up or physical assault, place a piece of rose quartz in a cup of tea to help relax and forget the bad. <b>Asterisk<\/b>: <b>Cancer, Capricorn, Taurus, Libra, Aquarius.<\/b>    <\/p>\n<p align=\"JUSTIFY\"><strong>see more <a href=\"https:\/\/minervashop.eu\/uudised\/naturaalsete-kivide-vagi\/\">here<\/a><\/strong><\/p>\n<p><strong>for stones see <a href=\"https:\/\/minervashop.eu\/en\/product category\/natural-stones\/\">here<\/a><\/strong><\/p>\n<p><strong>for more information <a href=\"https:\/\/minervashop.eu\/uudised\/naturaalsest-kivist-ehted\/\">click here<\/a><\/strong><\/p>\n<div id=\"row-1047864664\" class=\"row\">\n<div id=\"col-1165101048\" class=\"col small-12 large-12\">\n<div class=\"col-inner\">\n<div class=\"woocommerce-tabs wc-tabs-wrapper container tabbed-content\">\n<div class=\"tab-panels\">\n<div id=\"tab-description\" class=\"woocommerce-Tabs-panel woocommerce-Tabs-panel--description panel entry-content active\" role=\"tabpanel\" aria-labelledby=\"tab-title-description\">\n<p class=\"western\" align=\"justify\"><b>AKVAMARIIN <\/b>\u2013 rauasisaldusega ber\u00fcll, sinisest rohelise v\u00e4rvuseni; Akvamariinis sisaldub mere energia, seet\u00f5ttu kannavad meremehed kaitseks tormide eest, v\u00e4hendades hirmu vee ees. Kaitseks reisil eba\u00f5nne eest. Aitab vabaneda hirmudest, puhastab hingetraumadest, mis on seotud emotsionaalse ja f\u00fc\u00fcsilise kohtlemisega. Sobib lastele, kelle k\u00e4itumine on muutunud agressiivseks \u00fcleelatud traumaatilistest s\u00fcndmustest. Ravib paanikahoogusid teismelistel, kes muretsevad, et nad ei suuda t\u00e4ita oma vanemate kehtestatud k\u00f5rgeid n\u00f5udmisi. Kasulik t\u00f5siste muutuste korral, aidates \u00fcle saada hirmust tundmatu ees. Seostatakse loovuse, suhtlemise, eneseteadvuse ja usaldusega. Soodustab kompromisse l\u00e4bir\u00e4\u00e4kimistel. Tasakaalustab emotsioone. Puhastav ja rahustav. Akvamariin t\u00e4hendab s\u00fcgavat p\u00fchendumust oma t\u00f5eliste tunnete jagamisel kellegagi, keda armastad eluaegse l\u00e4heduse eest. Aitab leida armastatu, \u00fchendab erineva elustiiliga partnereid, suurendab p\u00fchendumust ja truudust armastatule. Seostatuna kurgut\u0161akraga aitab \u00fcle saada r\u00e4\u00e4kimise hirmust. Suurep\u00e4rane kivi \u00f5petajatele ja igasugustele esitlejatele. L\u00f5\u00f5gastab k\u00f5nelejaid, aidates teadvustada teadlikkust omaenda t\u00f5est, tarkusest ja tunnetest ning v\u00e4ljendada neid selgelt ja veenvalt. Aitab r\u00e4\u00e4kida selgelt ja ilma vihata ka rasketes olukordades. Aitab v\u00e4ljendada emotsioone ja tundeid, eriti selliseid, mis on varjul trauma t\u00f5ttu v\u00f5i mida ei ole meeldiv l\u00e4bi elada. Annab visadust, distsipliini ja muretust. Julgustab tervendavaid omadusi arendama. \u00dchendab s\u00fcdame m\u00f5istusega. K\u00e4tkeb endas \u00f5rna ja kaastundlikku energiat, tuues samas ka vastutustunnet oma tegevuse eest. VAIM: kaugele- ja etten\u00e4gevus; parandab sihikindlust ja distsipliini; selgindab segadust, aitab tuua lahendust l\u00f5petamata tegevusele. Seostatakse rahu, vaikuse, kaastunde, kaitse, ennustamise (klaaskuuli, k\u00fc\u00fcnlaleegi vms. ainiti silmitsemine), tervise, mereloitsude, ps\u00fc\u00fchilise tegevuse ja s\u00fcdamevaevuste leevendamisega. Meditatsioonil aitab \u00fchendust saada oma sisemise hingega. Sobib kurbuse ja valu leevendamiseks, keerulistes olukordades. Kiirendab intellektuaalset arutlusprotsessi ja t\u00f5stab kiiret vastamisv\u00f5imet. KEHA: allergia, heinapalavik; silmade-, hingamisteede-, kilpn\u00e4\u00e4rme- ja p\u00f5ieprobleemide puhul. Rahustab n\u00e4rvis\u00fcsteemi ja kujundab kasutaja meeleolu. Suurep\u00e4rane hambavalu, maksa probleemide, kurguvalu ja k\u00f5huprobleemide korral. Akvamariinivee joomine on sama hea, kui kose k\u00f5rval seismine. See rahustab juhitamatuks muutuvaid emotsioone ja eriti viha. Avaldab soodsat m\u00f5ju selliste haiguste puhul, mida iseloomustavad j\u00e4ikus ja lupjumine (artriit, arterioskleroos, liigeste ja lihaste j\u00e4ikus jne. ) Ehteid puhastada voolava veega ning seej\u00e4rel laadida p\u00e4ikese k\u00e4es. NB! Akvamariin on rabe!                                 <\/p>\n<\/div>\n<\/div>\n<\/div>\n<\/div>\n<\/div>\n<\/div>\n<div id=\"row-26921135\" class=\"row\">\n<div id=\"col-466081818\" class=\"col small-12 large-12\">\n<div class=\"col-inner\">\n<div class=\"woocommerce-tabs wc-tabs-wrapper container tabbed-content\">\n<div class=\"tab-panels\">\n<div id=\"tab-description\" class=\"woocommerce-Tabs-panel woocommerce-Tabs-panel--description panel entry-content active\" role=\"tabpanel\" aria-labelledby=\"tab-title-description\"><\/div>\n<\/div>\n<\/div>\n<\/div>\n<\/div>\n<\/div>\n","protected":false},"excerpt":{"rendered":"<p>natural stone beads rose quartz  12 mm, opalith 6 mm and aquamarine 6-8 mm, wire, acrylic beads, <\/p>\n<p>adjustable size 16-18<\/p>\n","protected":false},"featured_media":0,"template":"","meta":[],"product_brand":[],"product_cat":[759,359,190,194,134],"product_tag":[],"class_list":{"0":"post-166094","1":"product","2":"type-product","3":"status-publish","5":"product_cat-new-en","6":"product_cat-domnu-en","7":"product_cat-silver-color-rings","8":"product_cat-other-material-rings","9":"product_cat-natural-stone-rings","10":"product_shipping_class-xs-en-2","12":"first","13":"instock","14":"taxable","15":"shipping-taxable","16":"purchasable","17":"product-type-simple"},"_links":{"self":[{"href":"https:\/\/minervashop.eu\/en\/wp-json\/wp\/v2\/product\/166094","targetHints":{"allow":["GET"]}}],"collection":[{"href":"https:\/\/minervashop.eu\/en\/wp-json\/wp\/v2\/product"}],"about":[{"href":"https:\/\/minervashop.eu\/en\/wp-json\/wp\/v2\/types\/product"}],"wp:attachment":[{"href":"https:\/\/minervashop.eu\/en\/wp-json\/wp\/v2\/media?parent=166094"}],"wp:term":[{"taxonomy":"product_brand","embeddable":true,"href":"https:\/\/minervashop.eu\/en\/wp-json\/wp\/v2\/product_brand?post=166094"},{"taxonomy":"product_cat","embeddable":true,"href":"https:\/\/minervashop.eu\/en\/wp-json\/wp\/v2\/product_cat?post=166094"},{"taxonomy":"product_tag","embeddable":true,"href":"https:\/\/minervashop.eu\/en\/wp-json\/wp\/v2\/product_tag?post=166094"}],"curies":[{"name":"wp","href":"https:\/\/api.w.org\/{rel}","templated":true}]}}