{"id":166100,"date":"2026-04-07T10:11:49","date_gmt":"2026-04-07T10:11:49","guid":{"rendered":"https:\/\/minervashop.eu\/toode\/paua-shell-aquamarine-jade-beads-flower-pendant-organza-cords-necklace\/"},"modified":"2026-04-07T10:11:49","modified_gmt":"2026-04-07T10:11:49","slug":"paua-shell-aquamarine-jade-beads-flower-pendant-organza-cords-necklace","status":"publish","type":"product","link":"https:\/\/minervashop.eu\/en\/product\/paua-shell-aquamarine-jade-beads-flower-pendant-organza-cords-necklace\/","title":{"rendered":"Paua shell aquamarine\/jade beads flower pendant organza cords necklace"},"content":{"rendered":"<div id=\"row-1047864664\" class=\"row\">\n<div id=\"col-1165101048\" class=\"col small-12 large-12\">\n<div class=\"col-inner\">\n<div class=\"woocommerce-tabs wc-tabs-wrapper container tabbed-content\">\n<div class=\"tab-panels\">\n<div id=\"tab-description\" class=\"woocommerce-Tabs-panel woocommerce-Tabs-panel--description panel entry-content active\" role=\"tabpanel\" aria-labelledby=\"tab-title-description\">\n<p class=\"western\" align=\"justify\"><b>AKVAMARIIN <\/b>\u2013 rauasisaldusega ber\u00fcll, sinisest rohelise v\u00e4rvuseni; Akvamariinis sisaldub mere energia, seet\u00f5ttu kannavad meremehed kaitseks tormide eest, v\u00e4hendades hirmu vee ees. Kaitseks reisil eba\u00f5nne eest. Aitab vabaneda hirmudest, puhastab hingetraumadest, mis on seotud emotsionaalse ja f\u00fc\u00fcsilise kohtlemisega. Sobib lastele, kelle k\u00e4itumine on muutunud agressiivseks \u00fcleelatud traumaatilistest s\u00fcndmustest. Ravib paanikahoogusid teismelistel, kes muretsevad, et nad ei suuda t\u00e4ita oma vanemate kehtestatud k\u00f5rgeid n\u00f5udmisi. Kasulik t\u00f5siste muutuste korral, aidates \u00fcle saada hirmust tundmatu ees. Seostatakse loovuse, suhtlemise, eneseteadvuse ja usaldusega. Soodustab kompromisse l\u00e4bir\u00e4\u00e4kimistel. Tasakaalustab emotsioone. Puhastav ja rahustav. Akvamariin t\u00e4hendab s\u00fcgavat p\u00fchendumust oma t\u00f5eliste tunnete jagamisel kellegagi, keda armastad eluaegse l\u00e4heduse eest. Aitab leida armastatu, \u00fchendab erineva elustiiliga partnereid, suurendab p\u00fchendumust ja truudust armastatule. Seostatuna kurgut\u0161akraga aitab \u00fcle saada r\u00e4\u00e4kimise hirmust. Suurep\u00e4rane kivi \u00f5petajatele ja igasugustele esitlejatele. L\u00f5\u00f5gastab k\u00f5nelejaid, aidates teadvustada teadlikkust omaenda t\u00f5est, tarkusest ja tunnetest ning v\u00e4ljendada neid selgelt ja veenvalt. Aitab r\u00e4\u00e4kida selgelt ja ilma vihata ka rasketes olukordades. Aitab v\u00e4ljendada emotsioone ja tundeid, eriti selliseid, mis on varjul trauma t\u00f5ttu v\u00f5i mida ei ole meeldiv l\u00e4bi elada. Annab visadust, distsipliini ja muretust. Julgustab tervendavaid omadusi arendama. \u00dchendab s\u00fcdame m\u00f5istusega. K\u00e4tkeb endas \u00f5rna ja kaastundlikku energiat, tuues samas ka vastutustunnet oma tegevuse eest. VAIM: kaugele- ja etten\u00e4gevus; parandab sihikindlust ja distsipliini; selgindab segadust, aitab tuua lahendust l\u00f5petamata tegevusele. Seostatakse rahu, vaikuse, kaastunde, kaitse, ennustamise (klaaskuuli, k\u00fc\u00fcnlaleegi vms. ainiti silmitsemine), tervise, mereloitsude, ps\u00fc\u00fchilise tegevuse ja s\u00fcdamevaevuste leevendamisega. Meditatsioonil aitab \u00fchendust saada oma sisemise hingega. Sobib kurbuse ja valu leevendamiseks, keerulistes olukordades. Kiirendab intellektuaalset arutlusprotsessi ja t\u00f5stab kiiret vastamisv\u00f5imet. KEHA: allergia, heinapalavik; silmade-, hingamisteede-, kilpn\u00e4\u00e4rme- ja p\u00f5ieprobleemide puhul. Rahustab n\u00e4rvis\u00fcsteemi ja kujundab kasutaja meeleolu. Suurep\u00e4rane hambavalu, maksa probleemide, kurguvalu ja k\u00f5huprobleemide korral. Akvamariinivee joomine on sama hea, kui kose k\u00f5rval seismine. See rahustab juhitamatuks muutuvaid emotsioone ja eriti viha. Avaldab soodsat m\u00f5ju selliste haiguste puhul, mida iseloomustavad j\u00e4ikus ja lupjumine (artriit, arterioskleroos, liigeste ja lihaste j\u00e4ikus jne. ) Ehteid puhastada voolava veega ning seej\u00e4rel laadida p\u00e4ikese k\u00e4es. NB! Akvamariin on rabe!                                 <\/p>\n<\/div>\n<\/div>\n<\/div>\n<\/div>\n<\/div>\n<\/div>\n<div id=\"row-833346299\" class=\"row\">\n<div id=\"col-2106778137\" class=\"col small-12 large-12\">\n<div class=\"col-inner\">\n<div class=\"product-short-description\">\n<div class=\"product-short-description\">\n<div class=\"product-short-description\">\n<p><strong>see more <a href=\"https:\/\/rnojomku.sendsmaily.net\/templates\/acafb176-ee1f-4e4a-bba3-5c57e9a8e0e3\/html\/\">here<\/a><\/strong><\/p>\n<\/div>\n<\/div>\n<\/div>\n<\/div>\n<\/div>\n<\/div>\n","protected":false},"excerpt":{"rendered":"<p>natural stone beads aquamarine 6-8 mm, opalith 4 mm, blue agate 4 mm<\/p>\n<p>Paua shell flower bead, acrylic beads<\/p>\n<p>organza\/cotton cords  40+7 cm<\/p>\n<p>pendant 7 x 5 cm<\/p>\n","protected":false},"featured_media":166097,"template":"","meta":[],"product_brand":[],"product_cat":[759,359,462,400],"product_tag":[],"class_list":{"0":"post-166100","1":"product","2":"type-product","3":"status-publish","4":"has-post-thumbnail","6":"product_cat-new-en","7":"product_cat-domnu-en","8":"product_cat-man-made-material-necklaces","9":"product_cat-natural-material-necklaces","10":"product_shipping_class-xs-en-2","12":"first","13":"instock","14":"taxable","15":"shipping-taxable","16":"purchasable","17":"product-type-simple"},"_links":{"self":[{"href":"https:\/\/minervashop.eu\/en\/wp-json\/wp\/v2\/product\/166100","targetHints":{"allow":["GET"]}}],"collection":[{"href":"https:\/\/minervashop.eu\/en\/wp-json\/wp\/v2\/product"}],"about":[{"href":"https:\/\/minervashop.eu\/en\/wp-json\/wp\/v2\/types\/product"}],"wp:featuredmedia":[{"embeddable":true,"href":"https:\/\/minervashop.eu\/en\/wp-json\/wp\/v2\/media\/166097"}],"wp:attachment":[{"href":"https:\/\/minervashop.eu\/en\/wp-json\/wp\/v2\/media?parent=166100"}],"wp:term":[{"taxonomy":"product_brand","embeddable":true,"href":"https:\/\/minervashop.eu\/en\/wp-json\/wp\/v2\/product_brand?post=166100"},{"taxonomy":"product_cat","embeddable":true,"href":"https:\/\/minervashop.eu\/en\/wp-json\/wp\/v2\/product_cat?post=166100"},{"taxonomy":"product_tag","embeddable":true,"href":"https:\/\/minervashop.eu\/en\/wp-json\/wp\/v2\/product_tag?post=166100"}],"curies":[{"name":"wp","href":"https:\/\/api.w.org\/{rel}","templated":true}]}}