{"id":166232,"date":"2026-04-08T14:43:05","date_gmt":"2026-04-08T14:43:05","guid":{"rendered":"https:\/\/minervashop.eu\/?post_type=product&#038;p=166232"},"modified":"2026-04-08T14:43:06","modified_gmt":"2026-04-08T14:43:06","slug":"hundiga-kaelaripats-ketiga","status":"publish","type":"product","link":"https:\/\/minervashop.eu\/en\/toode\/hundiga-kaelaripats-ketiga\/","title":{"rendered":"Hundiga kaelaripats ketiga"},"content":{"rendered":"<h4><strong>Hunti on l\u00e4bi aegade peetud v\u00f5imsaks v\u00e4eloomaks, sest ka looduses on ta osav, kogukonda hoidev, tark ja igasugustes tingimustes hakkama saav loom. Kui vaja, saab ta ka \u00fcksi hakkama. Temalt on inimestel palju \u00f5ppida. Ega asjata pole ta \u00fcks hinnatumaid v\u00e4eloomi ka \u0161amaanide ja teadjate hulgas.<\/strong><\/h4>\n<p align=\"justify\"><strong>Hunt \u2013 lojaalne, kirglik, julge. Esindatud paljudes kultuurides. Kutsub esile austust, hirmu ja vaimustust. P\u00f5lisameeriklased pidasid teda j\u00f5u s\u00fcmboliks. Hundid on suurep\u00e4rased jahtijad, vaprad ja kiired, v\u00f5imelised looma tugevaid sotsiaalseid liitusid. Nad on vankumatult lojaalsed oma perer\u00fchmale. Hundi vaim on eriti kasulik s\u00f5dalastele, inspireerides julgetele tegudele. Hundid loovad eluaegseid paare ega unusta oma pereliikme j\u00f5udu ja hindavad igat pereliiget. Hundi \u00fcksindus on vaid ajutine n\u00e4htus, ta on perele p\u00fchendunud. \u00dcksiku hundi tarkus v\u00e4eloomana aitab neid, kes on oma elus mingis olukorras \u00fclemineku staadiumis. Ta meenutab meile aja p\u00fchadust \u00fcksi olles. Oma territooriumi uuendamine v\u00f5i laiendamine enda sees s\u00fcgaval v\u00f5i v\u00e4ljaspool on elu t\u00e4htis osa. Ei tasu alahinnata \u00fchiskonda naasmise hetke. Hunt \u00f5petab hoidma peresidemeid ja -v\u00e4\u00e4rtusi, vaatamata sellele, et tahaks olla \u00fcksinduses. Hunt esindab maa elementi, see on j\u00f5ud ja rahu, \u00fchendus ja f\u00fc\u00fcsiline j\u00f5ud.<\/strong><\/p>\n","protected":false},"excerpt":{"rendered":"<div class=\"product-short-description\">\n<div class=\"product-short-description\">\n<div class=\"product-short-description\">\n<div class=\"buy-btn-content js-buy-btn-content\">\n<div class=\"edy-buy-button-container edy-buy-button-view\">\n<div class=\"product-short-description\">\n<h3><strong>vaata lisa infot\u00a0<a href=\"https:\/\/rnojomku.sendsmaily.net\/templates\/9e110e04-5e30-4e8b-bb40-bf7729f773df\/html\/\">siit<\/a><\/strong><\/h3>\n<\/div>\n<\/div>\n<\/div>\n<\/div>\n<\/div>\n<\/div>\n<div class=\"add-to-cart-container form-normal is-normal\">roostevaba teras<\/div>\n<div>kett 1,5 mm x 40+5 cm<\/div>\n<div>ripats 2 x 3 cm<\/div>\n","protected":false},"featured_media":166233,"template":"","meta":[],"product_brand":[],"product_cat":[758,260,207,627],"product_tag":[],"class_list":{"0":"post-166232","1":"product","2":"type-product","3":"status-publish","4":"has-post-thumbnail","6":"product_cat-uued-tooted","7":"product_cat-danu","8":"product_cat-hobedased-kaelaripatsid","9":"product_cat-hundid-ja-koerad","10":"product_shipping_class-xs","12":"first","13":"instock","14":"taxable","15":"shipping-taxable","16":"purchasable","17":"product-type-simple"},"_links":{"self":[{"href":"https:\/\/minervashop.eu\/en\/wp-json\/wp\/v2\/product\/166232","targetHints":{"allow":["GET"]}}],"collection":[{"href":"https:\/\/minervashop.eu\/en\/wp-json\/wp\/v2\/product"}],"about":[{"href":"https:\/\/minervashop.eu\/en\/wp-json\/wp\/v2\/types\/product"}],"wp:featuredmedia":[{"embeddable":true,"href":"https:\/\/minervashop.eu\/en\/wp-json\/wp\/v2\/media\/166233"}],"wp:attachment":[{"href":"https:\/\/minervashop.eu\/en\/wp-json\/wp\/v2\/media?parent=166232"}],"wp:term":[{"taxonomy":"product_brand","embeddable":true,"href":"https:\/\/minervashop.eu\/en\/wp-json\/wp\/v2\/product_brand?post=166232"},{"taxonomy":"product_cat","embeddable":true,"href":"https:\/\/minervashop.eu\/en\/wp-json\/wp\/v2\/product_cat?post=166232"},{"taxonomy":"product_tag","embeddable":true,"href":"https:\/\/minervashop.eu\/en\/wp-json\/wp\/v2\/product_tag?post=166232"}],"curies":[{"name":"wp","href":"https:\/\/api.w.org\/{rel}","templated":true}]}}