{"id":166398,"date":"2026-04-13T11:30:24","date_gmt":"2026-04-13T11:30:24","guid":{"rendered":"https:\/\/minervashop.eu\/toode\/black-snake-pearls-necklace\/"},"modified":"2026-04-13T11:30:24","modified_gmt":"2026-04-13T11:30:24","slug":"black-snake-pearls-necklace","status":"publish","type":"product","link":"https:\/\/minervashop.eu\/en\/product\/black-snake-pearls-necklace\/","title":{"rendered":"Black snake pearls necklace"},"content":{"rendered":"<div class=\"term-description\">\n<p align=\"justify\"><strong>Madu tuleb pidada k\u00f5ige enam austatud olendiks, kuna ta kehastab nii paljusid erinevaid j\u00f5ude. Mao maa-alune urg seostab teda allmaailmaga, kuid ta seostub ka \u00fcrgvetega, millest elu alguse sai. Nad on v\u00f5imsad targad \u00f5petajad ja v\u00f5ivad palju n\u00e4idata neile, kes madusesse suhtuvad austusega. Maos\u00fcmboolika on tugev p\u00f5llumajanduslikes \u00fchiskondades, kus ta osutas p\u00f5lluviljakusele. Madu on v\u00f5imsalt seotud eluj\u00f5uga ja algse energiaga. Teda peetakse v\u00e4ekaks tootemloomaks esindades elul\u00e4tet, muutumist ja kasvavat energiat. S\u00fcmboliseerib ka igavikku, teadlikkust, kavalust, intellekti ja transformatsiooni. Tihti koheldakse madu eba\u00f5iglaselt ja kardetakse, kuigi ta on \u00fcks v\u00f5imsamaid maagilisi olendeid. Ta on seotud ravitsemise, transformatsiooni ja seksuaalse energiaga. Madu \u2013 austatud, kannatlik, alalhoidlik. Iidses Mehhiko m\u00fctoloogias m\u00e4ngivad nad suurt rolli. Ketzalcoatl \u2013 iidse Ameerika jumal \u2013 maailma ja inimkonna looja, on sulismadu linnu sulgedega ja mao kehaga. L\u00f5gismao hammustus on surmav. Tavaliselt hammustavad nad neid, kes neid provotseerivad. Iidsed s\u00f5dalased \u00f5ppisid maolt kavalust ja osavust, et v\u00f5itlusv\u00e4ljal v\u00f5itmatuks j\u00e4\u00e4da. Paljudes uskumustes ja m\u00fctoloogiates seostatakse madu ka taass\u00fcnni, transformatsiooni ja surematusega oma v\u00f5ime poolest nahka heita. Madudel on omadus maailma suhtuda inimestest erinevalt. Nad tunnetavad soojust ja vibratsiooni, mille t\u00f5ttu saavad saagi k\u00e4tte ka t\u00e4ielikus pimeduses. Nad kuulevad k\u00f5ige vaiksematki heli ja k\u00f5ige kergemat v\u00f5nget \u00f5hus. See annab neile v\u00f5imaluse kiireks reageeringuks ohu ja muutuste vastu. Seotud tule stiihiaga. Neile on vaja v\u00e4list soojuse allikat, nagu p\u00e4ike v\u00f5i soe kivi, et reguleerida keha temperatuuri. Madu \u00f5petab meile tasakaalustama oma temperamenti, eemaldudes olukorrast, mis v\u00f5ivad meid kahjustada. Ta n\u00e4itab, kus asub eluandev energia allikas ja kuidas neid \u00f5igesti kasutada, s\u00e4\u00e4stes j\u00f5uvarusid edasiseks tegevuseks. Madude tarkus annab julgust, vastupidavust ja austust eluj\u00f5ule iga\u00fches meis. Kui austada mao piire, siis austab ka tema teid. V\u00f5ib teha k\u00f5risti ja panna selle oma altarile ja kasutada rituaalides, mis on suunatud tarkuse saamiseks l\u00f5gismaolt.                          <\/strong><\/p>\n<p align=\"justify\"><strong>see more <a href=\"https:\/\/rnojomku.sendsmaily.net\/templates\/da16a470-aafd-4eaf-98ba-32a100bc1992\/html\/\">here<\/a><\/strong><\/p>\n<\/div>\n","protected":false},"excerpt":{"rendered":"<p>alloy, acrylic pearls, metal details, braided cord <\/p>\n<p>necklace length 54 cm<\/p>\n<p>pendant 6 x 5 cm<\/p>\n","protected":false},"featured_media":166392,"template":"","meta":[],"product_brand":[],"product_cat":[759,181,462,658],"product_tag":[],"class_list":{"0":"post-166398","1":"product","2":"type-product","3":"status-publish","4":"has-post-thumbnail","6":"product_cat-new-en","7":"product_cat-ceridwen-en","8":"product_cat-man-made-material-necklaces","9":"product_cat-reptiles","10":"product_shipping_class-xs-en-2","12":"first","13":"instock","14":"taxable","15":"shipping-taxable","16":"purchasable","17":"product-type-simple"},"_links":{"self":[{"href":"https:\/\/minervashop.eu\/en\/wp-json\/wp\/v2\/product\/166398","targetHints":{"allow":["GET"]}}],"collection":[{"href":"https:\/\/minervashop.eu\/en\/wp-json\/wp\/v2\/product"}],"about":[{"href":"https:\/\/minervashop.eu\/en\/wp-json\/wp\/v2\/types\/product"}],"wp:featuredmedia":[{"embeddable":true,"href":"https:\/\/minervashop.eu\/en\/wp-json\/wp\/v2\/media\/166392"}],"wp:attachment":[{"href":"https:\/\/minervashop.eu\/en\/wp-json\/wp\/v2\/media?parent=166398"}],"wp:term":[{"taxonomy":"product_brand","embeddable":true,"href":"https:\/\/minervashop.eu\/en\/wp-json\/wp\/v2\/product_brand?post=166398"},{"taxonomy":"product_cat","embeddable":true,"href":"https:\/\/minervashop.eu\/en\/wp-json\/wp\/v2\/product_cat?post=166398"},{"taxonomy":"product_tag","embeddable":true,"href":"https:\/\/minervashop.eu\/en\/wp-json\/wp\/v2\/product_tag?post=166398"}],"curies":[{"name":"wp","href":"https:\/\/api.w.org\/{rel}","templated":true}]}}