{"id":166439,"date":"2026-04-14T09:48:42","date_gmt":"2026-04-14T09:48:42","guid":{"rendered":"https:\/\/minervashop.eu\/toode\/black-onyx-garnet-opalith-antique-golden-long-drop-earrings\/"},"modified":"2026-04-14T09:48:42","modified_gmt":"2026-04-14T09:48:42","slug":"black-onyx-garnet-opalith-antique-golden-long-drop-earrings","status":"publish","type":"product","link":"https:\/\/minervashop.eu\/en\/product\/black-onyx-garnet-opalith-antique-golden-long-drop-earrings\/","title":{"rendered":"Black onyx\/garnet\/opalith antique golden long drop earrings"},"content":{"rendered":"<div id=\"row-607862422\" class=\"row\">\n<div id=\"col-1934387341\" class=\"col small-12 large-12\">\n<div class=\"col-inner\">\n<div class=\"woocommerce-tabs wc-tabs-wrapper container tabbed-content\">\n<div class=\"tab-panels\">\n<div id=\"tab-description\" class=\"woocommerce-Tabs-panel woocommerce-Tabs-panel--description panel entry-content active\" role=\"tabpanel\" aria-labelledby=\"tab-title-description\">\n<p class=\"western\" align=\"justify\"><b>OON\u00dcKS<\/b> on kaitsva energia kandja, eriti must oon\u00fcks. See on k\u00f5ige iidsem kivi, mida tunti juba varajastes tsivilisatsioonides v\u00f5imsa energia poolest. See s\u00fcgav-must valgete triipudega kivi oli k\u00f5rgelt hinnatud tseremooniatel ja matustel maagilise kivina. Samuti kasutati seda amuletina m\u00f5\u00f5kadel, kilpidel ja r\u00fc\u00fcdel s\u00f5jamehe kaitseks ja vapruseks lahinguv\u00e4ljal. Kantakse negatiivsusest hoidumiseks, s\u00fcmboliseerib k\u00f5rgendatud meelt, enesekindlust ja vaimuj\u00f5udu. Seostatakse abielu\u00f5nne ja siirusega. Cupido l\u00f5ikas oma noolega magava Venuse k\u00fc\u00fcsi. K\u00fc\u00fcnet\u00fckid kukkusid Induse j\u00f5kke, vajusid p\u00f5hja ja muutusid oon\u00fcksiteks. Arvatakse, et see kivi \u00f5hutab t\u00fclisid ja vaidlusi, p\u00f5hjustab depressiooni ja veidraid unen\u00e4gusid. Oon\u00fcksi kandmine pidavat \u00f6\u00f6siti tekitama koledaid n\u00e4gemusi ja deemonite r\u00fcnnakuid, p\u00e4eval kohtusse kaebamist ja riidu. Valgete kihtidega oon\u00fcks toob muret, vaidlusi, hirmu ja \u00f5udseid fantaasiaid. K\u00f5iki neid negatiivseid efekte neutraliseerib samaaegselt kantav sardikivi. Must oon\u00fcks peegeldab iseenda k\u00f5iki aspekte, nii positiivseid kui negatiivseid. Ta pidavat tooma endaga halbu unen\u00e4gusid, tugevdama luu\u00fcdi ja suurendama s\u00fcljeeritust poistel. Silma peal hoituna v\u00e4ljutab sealt puru. Sinine oon\u00fcks vastab kurgut\u0161akrale ja teda kasutatakse k\u00f5rgema inspiratsiooni saamiseks. Maandab ja stabiliseerib emotsionaalset keha, tuues tugevust raskustes v\u00f5i segastes olukordades ning raskes vaimses ja f\u00fc\u00fcsilises stressis. Rahustab n\u00e4rvilisust ning vaigistab \u00e4revust ja hirmu. Rahustab tujukust ning taastab ratsionaalse m\u00f5tlemise ja enesekontrolli. Annab enesekontrolli energiat koos kindlustunde, fokusseerituse ja \u00f5igete otsuste tegemise oskusega.                   <\/p>\n<\/div>\n<\/div>\n<\/div>\n<\/div>\n<\/div>\n<\/div>\n<div id=\"row-1562538578\" class=\"row\">\n<div id=\"col-1134919629\" class=\"col small-12 large-12\">\n<div class=\"col-inner\">\n<div id=\"row-658714782\" class=\"row\">\n<div id=\"col-869371245\" class=\"col small-12 large-12\">\n<div class=\"col-inner\">\n<div class=\"woocommerce-tabs wc-tabs-wrapper container tabbed-content\">\n<div class=\"tab-panels\">\n<div id=\"tab-description\" class=\"woocommerce-Tabs-panel woocommerce-Tabs-panel--description panel entry-content active\" role=\"tabpanel\" aria-labelledby=\"tab-title-description\">\n<div id=\"row-26921135\" class=\"row\">\n<div id=\"col-466081818\" class=\"col small-12 large-12\">\n<div class=\"col-inner\">\n<div class=\"woocommerce-tabs wc-tabs-wrapper container tabbed-content\">\n<div class=\"tab-panels\">\n<div id=\"tab-description\" class=\"woocommerce-Tabs-panel woocommerce-Tabs-panel--description panel entry-content active\" role=\"tabpanel\" aria-labelledby=\"tab-title-description\">\n<p align=\"JUSTIFY\"><b>GRANAAT <\/b>on populaarne v\u00e4\u00e4riskivi juba pronksiajast. Kaitseb oma kandjat negatiivsuse ja depressiooni eest ning sisendab julgust. S\u00fcmboliseerib energiat, p\u00fchendumist ja ustavust. Armastuse kivi. Elavdab kujutlusv\u00f5imet, sobib r\u00f5\u00f5muks, kaitseks, kaastundeks, puhastamiseks, tervendamiseks, armuloitsudeks, toob \u00f5nne. Tugevdab aurat, annab j\u00f5udu maagilistes toimingutes, muudab ausaks ja truuks, annab armastusele p\u00fcsivust ja aitab suunata kundalini energiat. Ravitakse depressiooni ja s\u00fcdamepekslemist, hoiab tervise stabiilse, parandab vereringet ja teeb l\u00f5pu vere k\u00f6himisele. Tuligranaat \u00f5hutab armastajate vahel nii r\u00f5\u00f5mu kui lahkhelisid, tugevdab tervist, peletab depressiooni ja vaigistab s\u00fcdamepekslemist.       <\/p>\n<\/div>\n<\/div>\n<\/div>\n<\/div>\n<\/div>\n<\/div>\n<\/div>\n<\/div>\n<\/div>\n<\/div>\n<\/div>\n<\/div>\n<\/div>\n<\/div>\n<\/div>\n","protected":false},"excerpt":{"rendered":"<div class=\"product-short-description\">\n<div class=\"product-short-description\">\n<p><strong>see more <a href=\"https:\/\/rnojomku.sendsmaily.net\/templates\/acafb176-ee1f-4e4a-bba3-5c57e9a8e0e3\/html\/\">here<\/a><\/strong><\/p>\n<\/div>\n<\/div>\n<div class=\"add-to-cart-container form-normal is-normal\">brass, natural stone beads and glass beads<\/div>\n<div>11 x 3 cm<\/div>\n","protected":false},"featured_media":166435,"template":"","meta":[],"product_brand":[],"product_cat":[759,181,315,146],"product_tag":[],"class_list":{"0":"post-166439","1":"product","2":"type-product","3":"status-publish","4":"has-post-thumbnail","6":"product_cat-new-en","7":"product_cat-ceridwen-en","8":"product_cat-golden-earrings","9":"product_cat-natural-stone-earrings","10":"product_shipping_class-xs-en-2","12":"first","13":"instock","14":"taxable","15":"shipping-taxable","16":"purchasable","17":"product-type-simple"},"_links":{"self":[{"href":"https:\/\/minervashop.eu\/en\/wp-json\/wp\/v2\/product\/166439","targetHints":{"allow":["GET"]}}],"collection":[{"href":"https:\/\/minervashop.eu\/en\/wp-json\/wp\/v2\/product"}],"about":[{"href":"https:\/\/minervashop.eu\/en\/wp-json\/wp\/v2\/types\/product"}],"wp:featuredmedia":[{"embeddable":true,"href":"https:\/\/minervashop.eu\/en\/wp-json\/wp\/v2\/media\/166435"}],"wp:attachment":[{"href":"https:\/\/minervashop.eu\/en\/wp-json\/wp\/v2\/media?parent=166439"}],"wp:term":[{"taxonomy":"product_brand","embeddable":true,"href":"https:\/\/minervashop.eu\/en\/wp-json\/wp\/v2\/product_brand?post=166439"},{"taxonomy":"product_cat","embeddable":true,"href":"https:\/\/minervashop.eu\/en\/wp-json\/wp\/v2\/product_cat?post=166439"},{"taxonomy":"product_tag","embeddable":true,"href":"https:\/\/minervashop.eu\/en\/wp-json\/wp\/v2\/product_tag?post=166439"}],"curies":[{"name":"wp","href":"https:\/\/api.w.org\/{rel}","templated":true}]}}