{"id":166455,"date":"2026-04-15T09:10:16","date_gmt":"2026-04-15T09:10:16","guid":{"rendered":"https:\/\/minervashop.eu\/?post_type=product&#038;p=166455"},"modified":"2026-04-15T12:19:38","modified_gmt":"2026-04-15T12:19:38","slug":"siniste-helmestega-rippuvad-kellukaga-hobedased-korvarongad","status":"publish","type":"product","link":"https:\/\/minervashop.eu\/en\/toode\/siniste-helmestega-rippuvad-kellukaga-hobedased-korvarongad\/","title":{"rendered":"Siniste helmestega rippuvad kellukaga h\u00f5bedased k\u00f5rvar\u00f5ngad"},"content":{"rendered":"","protected":false},"excerpt":{"rendered":"<p><strong>vaata lisa\u00a0<a href=\"https:\/\/rnojomku.sendsmaily.net\/templates\/acafb176-ee1f-4e4a-bba3-5c57e9a8e0e3\/html\/\">siit<\/a><\/strong><\/p>\n<p><strong>vaata veel\u00a0<a href=\"https:\/\/minervashop.eu\/uudised\/ruumide-lohnastamine\/\">siit<\/a><\/strong><\/p>\n<p>klaas ja akr\u00fc\u00fcl helmed, messing, sinine ahhaat p\u00e4rlid 4 mm<\/p>\n<p>62 x 20 mm<\/p>\n","protected":false},"featured_media":166467,"template":"","meta":[],"product_brand":[],"product_cat":[758,264,153],"product_tag":[],"class_list":{"0":"post-166455","1":"product","2":"type-product","3":"status-publish","4":"has-post-thumbnail","6":"product_cat-uued-tooted","7":"product_cat-domnu","8":"product_cat-hobeda-varvi-korvarongad","9":"product_shipping_class-xs","11":"first","12":"instock","13":"taxable","14":"shipping-taxable","15":"purchasable","16":"product-type-simple"},"_links":{"self":[{"href":"https:\/\/minervashop.eu\/en\/wp-json\/wp\/v2\/product\/166455","targetHints":{"allow":["GET"]}}],"collection":[{"href":"https:\/\/minervashop.eu\/en\/wp-json\/wp\/v2\/product"}],"about":[{"href":"https:\/\/minervashop.eu\/en\/wp-json\/wp\/v2\/types\/product"}],"wp:featuredmedia":[{"embeddable":true,"href":"https:\/\/minervashop.eu\/en\/wp-json\/wp\/v2\/media\/166467"}],"wp:attachment":[{"href":"https:\/\/minervashop.eu\/en\/wp-json\/wp\/v2\/media?parent=166455"}],"wp:term":[{"taxonomy":"product_brand","embeddable":true,"href":"https:\/\/minervashop.eu\/en\/wp-json\/wp\/v2\/product_brand?post=166455"},{"taxonomy":"product_cat","embeddable":true,"href":"https:\/\/minervashop.eu\/en\/wp-json\/wp\/v2\/product_cat?post=166455"},{"taxonomy":"product_tag","embeddable":true,"href":"https:\/\/minervashop.eu\/en\/wp-json\/wp\/v2\/product_tag?post=166455"}],"curies":[{"name":"wp","href":"https:\/\/api.w.org\/{rel}","templated":true}]}}