{"id":166499,"date":"2026-04-16T13:40:19","date_gmt":"2026-04-16T13:40:19","guid":{"rendered":"https:\/\/minervashop.eu\/toode\/purple-jade-memory-wire-bracelet-key-pendant\/"},"modified":"2026-04-16T13:40:19","modified_gmt":"2026-04-16T13:40:19","slug":"purple-jade-memory-wire-bracelet-key-pendant","status":"publish","type":"product","link":"https:\/\/minervashop.eu\/en\/product\/purple-jade-memory-wire-bracelet-key-pendant\/","title":{"rendered":"Purple jade memory wire bracelet Key pendant"},"content":{"rendered":"<div class=\"term-description\">\n<div class=\"term-description\">\n<p align=\"justify\"><strong>The key has the power to open and close. It allows access to a certain area and thus symbolises wisdom, maturity or success. Numerous keys symbolise high status, as it indicates abundant and valuable possessions.  <\/strong><\/p>\n<div class=\"product-short-description\">\n<p class=\"western\" align=\"justify\"><b>Helelilla jaad<\/b> \u2013 leevendab emotsionaalset haava ja traumat. Vabastab negatiivseid m\u00f5tteid ja \u00e4rrituvust ning rahustab meelt. Stabiliseerib isiksust, integreerides keha meelega, stimuleerides ideesid ja muudab \u00fclesanded v\u00e4hem keeruliseks ning lihtsustab nendega hakkamasaamist. \u00d5petab peent arusaamist ja vaoshoitust emotsionaalsetes asjades ning seab paika kindlad piirid. Otsa ette panduna toob t\u00e4henduslikke unen\u00e4gusid ning parandab nende meelespidamist. Vabastab allasurutud tunded une n\u00e4gemise k\u00e4igus. Osaleb ideaalide ja lootuste hoidmises ning h\u00f5lbustab ambitsioonide ja nende m\u00f5tete f\u00fc\u00fcsilisse reaalsusse viimist. Annab enesekindlust ja eneseteadlikkust ning enese kasulikolemise tunnet.       <\/p>\n<\/div>\n<\/div>\n<\/div>\n","protected":false},"excerpt":{"rendered":"<div class=\"product-short-description\">\n<div class=\"product-short-description\">\n<p><strong>vaata lisa <a href=\"https:\/\/rnojomku.sendsmaily.net\/templates\/acafb176-ee1f-4e4a-bba3-5c57e9a8e0e3\/html\/\">siit<\/a><\/strong><\/p>\n<p>natural purple jade beads 8 mm<\/p>\n<p>metal details, acrylic beads<\/p>\n<p>wear as bracelet, arm bracelet, anklet or necklace<\/p>\n<\/div>\n<\/div>\n","protected":false},"featured_media":166517,"template":"","meta":[],"product_brand":[],"product_cat":[759,615,462,400,523,684,202],"product_tag":[],"class_list":{"0":"post-166499","1":"product","2":"type-product","3":"status-publish","4":"has-post-thumbnail","6":"product_cat-new-en","7":"product_cat-anklets","8":"product_cat-man-made-material-necklaces","9":"product_cat-natural-material-necklaces","10":"product_cat-silver-and-silver-plated-bracelets","11":"product_cat-natural-stone-metal-bracelets","12":"product_cat-keyrings","13":"product_shipping_class-xs-en-2","15":"first","16":"instock","17":"taxable","18":"shipping-taxable","19":"purchasable","20":"product-type-simple"},"_links":{"self":[{"href":"https:\/\/minervashop.eu\/en\/wp-json\/wp\/v2\/product\/166499","targetHints":{"allow":["GET"]}}],"collection":[{"href":"https:\/\/minervashop.eu\/en\/wp-json\/wp\/v2\/product"}],"about":[{"href":"https:\/\/minervashop.eu\/en\/wp-json\/wp\/v2\/types\/product"}],"wp:featuredmedia":[{"embeddable":true,"href":"https:\/\/minervashop.eu\/en\/wp-json\/wp\/v2\/media\/166517"}],"wp:attachment":[{"href":"https:\/\/minervashop.eu\/en\/wp-json\/wp\/v2\/media?parent=166499"}],"wp:term":[{"taxonomy":"product_brand","embeddable":true,"href":"https:\/\/minervashop.eu\/en\/wp-json\/wp\/v2\/product_brand?post=166499"},{"taxonomy":"product_cat","embeddable":true,"href":"https:\/\/minervashop.eu\/en\/wp-json\/wp\/v2\/product_cat?post=166499"},{"taxonomy":"product_tag","embeddable":true,"href":"https:\/\/minervashop.eu\/en\/wp-json\/wp\/v2\/product_tag?post=166499"}],"curies":[{"name":"wp","href":"https:\/\/api.w.org\/{rel}","templated":true}]}}