{"id":166507,"date":"2026-04-16T13:50:46","date_gmt":"2026-04-16T13:50:46","guid":{"rendered":"https:\/\/minervashop.eu\/toode\/purple-beads-silvery-drop-earrings\/"},"modified":"2026-04-16T13:50:46","modified_gmt":"2026-04-16T13:50:46","slug":"purple-beads-silvery-drop-earrings","status":"publish","type":"product","link":"https:\/\/minervashop.eu\/en\/product\/purple-beads-silvery-drop-earrings\/","title":{"rendered":"Purple beads silvery drop earrings"},"content":{"rendered":"<div id=\"row-1355846600\" class=\"row\">\n<div id=\"col-1658996794\" class=\"col small-12 large-12\">\n<div class=\"col-inner\">\n<div class=\"woocommerce-tabs wc-tabs-wrapper container tabbed-content\">\n<div class=\"tab-panels\">\n<div id=\"tab-description\" class=\"woocommerce-Tabs-panel woocommerce-Tabs-panel--description panel entry-content active\" role=\"tabpanel\" aria-labelledby=\"tab-title-description\">\n<div class=\"term-description\">\n<div class=\"term-description\">\n<div class=\"product-short-description\">\n<p class=\"western\" align=\"justify\"><b>Helelilla jaad<\/b> \u2013 leevendab emotsionaalset haava ja traumat. Vabastab negatiivseid m\u00f5tteid ja \u00e4rrituvust ning rahustab meelt. Stabiliseerib isiksust, integreerides keha meelega, stimuleerides ideesid ja muudab \u00fclesanded v\u00e4hem keeruliseks ning lihtsustab nendega hakkamasaamist. \u00d5petab peent arusaamist ja vaoshoitust emotsionaalsetes asjades ning seab paika kindlad piirid. Otsa ette panduna toob t\u00e4henduslikke unen\u00e4gusid ning parandab nende meelespidamist. Vabastab allasurutud tunded une n\u00e4gemise k\u00e4igus. Osaleb ideaalide ja lootuste hoidmises ning h\u00f5lbustab ambitsioonide ja nende m\u00f5tete f\u00fc\u00fcsilisse reaalsusse viimist. Annab enesekindlust ja eneseteadlikkust ning enese kasulikolemise tunnet.       <\/p>\n<\/div>\n<\/div>\n<\/div>\n<\/div>\n<\/div>\n<\/div>\n<\/div>\n<\/div>\n<\/div>\n<div id=\"row-1464991273\" class=\"row\">\n<div id=\"col-1309527359\" class=\"col small-12 large-12\">\n<div class=\"col-inner\">\n<div class=\"related related-products-wrapper product-section\"><\/div>\n<\/div>\n<\/div>\n<\/div>\n","protected":false},"excerpt":{"rendered":"<div class=\"product-short-description\">\n<div class=\"product-short-description\">\n<p><strong>vaata lisa <a href=\"https:\/\/rnojomku.sendsmaily.net\/templates\/acafb176-ee1f-4e4a-bba3-5c57e9a8e0e3\/html\/\">siit<\/a><\/strong><\/p>\n<p>natural purple jade beads 8 mm, acrylic beads, metal details<\/p>\n<p>8 x 58 mm<\/p>\n<\/div>\n<\/div>\n","protected":false},"featured_media":166523,"template":"","meta":[],"product_brand":[],"product_cat":[759,187,146],"product_tag":[],"class_list":{"0":"post-166507","1":"product","2":"type-product","3":"status-publish","4":"has-post-thumbnail","6":"product_cat-new-en","7":"product_cat-silver-color-earrings","8":"product_cat-natural-stone-earrings","9":"product_shipping_class-xs-en-2","11":"first","12":"instock","13":"taxable","14":"shipping-taxable","15":"purchasable","16":"product-type-variable"},"_links":{"self":[{"href":"https:\/\/minervashop.eu\/en\/wp-json\/wp\/v2\/product\/166507","targetHints":{"allow":["GET"]}}],"collection":[{"href":"https:\/\/minervashop.eu\/en\/wp-json\/wp\/v2\/product"}],"about":[{"href":"https:\/\/minervashop.eu\/en\/wp-json\/wp\/v2\/types\/product"}],"wp:featuredmedia":[{"embeddable":true,"href":"https:\/\/minervashop.eu\/en\/wp-json\/wp\/v2\/media\/166523"}],"wp:attachment":[{"href":"https:\/\/minervashop.eu\/en\/wp-json\/wp\/v2\/media?parent=166507"}],"wp:term":[{"taxonomy":"product_brand","embeddable":true,"href":"https:\/\/minervashop.eu\/en\/wp-json\/wp\/v2\/product_brand?post=166507"},{"taxonomy":"product_cat","embeddable":true,"href":"https:\/\/minervashop.eu\/en\/wp-json\/wp\/v2\/product_cat?post=166507"},{"taxonomy":"product_tag","embeddable":true,"href":"https:\/\/minervashop.eu\/en\/wp-json\/wp\/v2\/product_tag?post=166507"}],"curies":[{"name":"wp","href":"https:\/\/api.w.org\/{rel}","templated":true}]}}