{"id":166692,"date":"2026-04-21T09:28:48","date_gmt":"2026-04-21T09:28:48","guid":{"rendered":"https:\/\/minervashop.eu\/toode\/chakra-bracelet-hematite-elastic\/"},"modified":"2026-04-22T14:40:23","modified_gmt":"2026-04-22T14:40:23","slug":"chakra-bracelet-hematite-elastic","status":"publish","type":"product","link":"https:\/\/minervashop.eu\/en\/product\/chakra-bracelet-hematite-elastic\/","title":{"rendered":"Chakra bracelet rock crystal elastic<br>"},"content":{"rendered":"<div id=\"row-252135290\" class=\"row\">\n<div id=\"col-565833341\" class=\"col small-12 large-12\">\n<div class=\"col-inner\">\n<div class=\"woocommerce-tabs wc-tabs-wrapper container tabbed-content\">\n<div class=\"tab-panels\">\n<div id=\"tab-description\" class=\"woocommerce-Tabs-panel woocommerce-Tabs-panel--description panel entry-content active\" role=\"tabpanel\" aria-labelledby=\"tab-title-description\">\n<div id=\"row-1441291187\" class=\"row\">\n<div id=\"col-1827909013\" class=\"col small-12 large-12\">\n<div class=\"col-inner\">\n<div class=\"woocommerce-tabs wc-tabs-wrapper container tabbed-content\">\n<div class=\"tab-panels\">\n<div id=\"tab-description\" class=\"woocommerce-Tabs-panel woocommerce-Tabs-panel--description panel entry-content active\" role=\"tabpanel\" aria-labelledby=\"tab-title-description\">\n<div id=\"row-1659793798\" class=\"row\">\n<div id=\"col-1995371004\" class=\"col small-12 large-12\">\n<div class=\"col-inner\">\n<div class=\"woocommerce-tabs wc-tabs-wrapper container tabbed-content\">\n<div class=\"tab-panels\">\n<div id=\"tab-description\" class=\"woocommerce-Tabs-panel woocommerce-Tabs-panel--description panel entry-content active\" role=\"tabpanel\" aria-labelledby=\"tab-title-description\">\n<p align=\"JUSTIFY\">Hematite helps to feel intense emotions towards another person without getting caught up in them. In this way you will be truly able to give them support without taking on any of their suffering.                       <\/p>\n<p>This bracelet includes red jasper, carnelian, yellow aventurine, green aventurine, angelite, sodalite, and amethyst. The hematite adds a grounding element and a metallic sheen. <\/p>\n<div id=\"row-194133509\" class=\"row\">\n<div id=\"col-511890332\" class=\"col small-12 large-12\">\n<div class=\"col-inner\">\n<div class=\"woocommerce-tabs wc-tabs-wrapper container tabbed-content\">\n<div class=\"tab-panels\">\n<div id=\"tab-description\" class=\"woocommerce-Tabs-panel woocommerce-Tabs-panel--description panel entry-content active\" role=\"tabpanel\" aria-labelledby=\"tab-title-description\">\n<p class=\"western\" align=\"justify\"><b>rock crystal <\/b> Since ancient times, Rock Crystal has been used for creating beautiful jewellery. This stone is well-known as the great balancer of body and mind. Generally, Rock Crystal&#8217;s healing powers are said to be able to conquer all fears, that it has the Power of Light, helping you in enlightening and enforcing your intuitive insight, and can penetrate deeply into the darkness of ignorance. This stone purifies, energises and boosts clear thinking.* * The characteristics of all mineral stones on our website are not scientifically proven; they are based on experiences of users and gemstone therapists. Any healing properties outlined are in no way meant to replace diagnosis or treatment by a qualified therapist or physician. If in doubt about your health, consult a physician.           M\u00e4ekristalli peetakse puhtuse s\u00fcmboliks. Suudab salvestada ja edastada energiat ning seet\u00f5ttu kasutatakse tervendamisel ja mediteerimisel. Sakilise v\u00f5i teravaotsalise tipuga kristalli kasutatakse sujuvama ja harmoonilisema energia saavutamiseks. Pannakse halbade energiav\u00f5ngetega kohtadesse, lastakse veidi aega seista ja negatiivsust endasse koguda, seej\u00e4rel v\u00f5etakse \u00e4ra ja pestakse puhtaks -see parandab paiga energiat. Seotud selguse, tugevuse, eluj\u00f5u, ps\u00fc\u00fchilise tegevuse ja vaimse stimulatsiooniga. Suure kristalli asetamine kolmandale silmale suurendab ps\u00fc\u00fchilisi v\u00f5imeid. * The characteristics of all mineral stones on our website are not scientifically proven; they are based on experiences of users and gemstone therapists. Any healing properties outlined are in no way meant to replace diagnosis or treatment by a qualified therapist or physician. If in doubt about your health, consult a physician.      Rose quartz is known as the stone of unconditional love and compassion. It is often associated with the heart chakra and is believed to promote emotional healing, self-love, and harmony in relationships. The gentle pink hue of rose quartz symbolizes peace, tenderness, and a deep connection to one&#8217;s own emotions.* \u00d5petab iga\u00fchte tema omal tasandil ja kiirusel. K\u00f5iki vaimseid p\u00fc\u00fcdlusi saab stimuleerida selle kivi energiaga. Aitab olla vastuv\u00f5tlik k\u00f5rgemalt tulevale juhatusele.   KEHA: tugevdab energia liikumist, n\u00e4rve, aju, n\u00e4\u00e4rmeid; kergendab valu ja turset; ravitakse voolmeid, k\u00f5hulahtisust, podagrat, neerukive, vedelikupeetust. M\u00e4ekristallide loomus on kootav. Mees leotatud m\u00e4ekristallid pidavat suurendama piimaeritust. MAAGIA: V\u00f5imas kivi igasuguseks maagiaks \u2013 t\u00f5mbab ligi positiivset energiat, t\u00f5stab enesekindlust ja annab lisaenergiat, kui oled v\u00e4sinud, tunned end kehvalt v\u00f5i taastud haigusest. M\u00e4ekristall suurendab energiat ning t\u00f5mbab t\u00e4helepanu. *Peret\u00fclide korral pane eluruumi k\u00e4idavamatesse kohtadesse m\u00e4ekristall, mis muudab negatiivse energia positiivseks. *Kanna kuldketi otsas selget m\u00e4ekristalli, nii, et see puudutab ihu s\u00fcdame kohal. Kristallist saad j\u00f5udu ja energiat, kuld annab samuti energiat ja annab p\u00e4ikesejumala kaitset. * Kanna kurgut\u0161akra kohal m\u00e4ekristalli \u2013 see aitab t\u00f5sta enesekindlust.<b> * <\/b>lauba vastas hoituna aktiveerib kolmanda silma ning annab m\u00f5tlemiseks loovenergiat. Rock crystal or clear quartz, is a powerful healing stone and energiser. It stimulates clear thinking and perception. It supports you to connect with your inner wisdom. Purifies and strengthens both the energetic and physical body, such as the immune system.**      <b>**The characteristics of all mineral stones on our website are not scientifically proven; they are based on experiences of users and gemstone therapists. Any healing properties outlined are in no way meant to replace diagnosis or treatment by a qualified therapist or physician. If in doubt about your health, consult a physician.<\/b><\/p>\n<\/div>\n<\/div>\n<\/div>\n<\/div>\n<\/div>\n<\/div>\n<div id=\"row-186496294\" class=\"row\">\n<div id=\"col-571987686\" class=\"col small-12 large-12\">\n<div class=\"col-inner\">\n<div class=\"related related-products-wrapper product-section\"><\/div>\n<\/div>\n<\/div>\n<\/div>\n<\/div>\n<\/div>\n<\/div>\n<\/div>\n<\/div>\n<\/div>\n<\/div>\n<\/div>\n<\/div>\n<\/div>\n<\/div>\n<\/div>\n<\/div>\n<\/div>\n<\/div>\n<\/div>\n<\/div>\n<\/div>\n","protected":false},"excerpt":{"rendered":"<h3><strong>see more <a href=\"https:\/\/minervashop.eu\/uudised\/naturaalsest-kivist-ehted\/\">here<\/a><\/strong><\/h3>\n<p>kivide omadusi vaat <a href=\"https:\/\/minervashop.eu\/tootekategooria\/naturaalsed-kivid\/\" data-cke-saved-href=\"\/epood\/Trummelkivid\/\">siit<\/a>.<\/p>\n<p>8 mm natural stone beads<\/p>\n<p>8 cm diameter<\/p>\n","protected":false},"featured_media":167204,"template":"","meta":[],"product_brand":[],"product_cat":[759,244],"product_tag":[],"class_list":{"0":"post-166692","1":"product","2":"type-product","3":"status-publish","4":"has-post-thumbnail","6":"product_cat-new-en","7":"product_cat-round-beads-bracelets","8":"product_shipping_class-xs-en-2","10":"first","11":"instock","12":"taxable","13":"shipping-taxable","14":"purchasable","15":"product-type-variable"},"_links":{"self":[{"href":"https:\/\/minervashop.eu\/en\/wp-json\/wp\/v2\/product\/166692","targetHints":{"allow":["GET"]}}],"collection":[{"href":"https:\/\/minervashop.eu\/en\/wp-json\/wp\/v2\/product"}],"about":[{"href":"https:\/\/minervashop.eu\/en\/wp-json\/wp\/v2\/types\/product"}],"wp:featuredmedia":[{"embeddable":true,"href":"https:\/\/minervashop.eu\/en\/wp-json\/wp\/v2\/media\/167204"}],"wp:attachment":[{"href":"https:\/\/minervashop.eu\/en\/wp-json\/wp\/v2\/media?parent=166692"}],"wp:term":[{"taxonomy":"product_brand","embeddable":true,"href":"https:\/\/minervashop.eu\/en\/wp-json\/wp\/v2\/product_brand?post=166692"},{"taxonomy":"product_cat","embeddable":true,"href":"https:\/\/minervashop.eu\/en\/wp-json\/wp\/v2\/product_cat?post=166692"},{"taxonomy":"product_tag","embeddable":true,"href":"https:\/\/minervashop.eu\/en\/wp-json\/wp\/v2\/product_tag?post=166692"}],"curies":[{"name":"wp","href":"https:\/\/api.w.org\/{rel}","templated":true}]}}