{"id":166791,"date":"2026-04-21T11:11:50","date_gmt":"2026-04-21T11:11:50","guid":{"rendered":"https:\/\/minervashop.eu\/toode\/bracelet-rock-crystal-amethyst-flower-of-life\/"},"modified":"2026-04-21T11:11:50","modified_gmt":"2026-04-21T11:11:50","slug":"bracelet-rock-crystal-amethyst-flower-of-life","status":"publish","type":"product","link":"https:\/\/minervashop.eu\/en\/product\/bracelet-rock-crystal-amethyst-flower-of-life\/","title":{"rendered":"Bracelet rock crystal\/amethyst + flower of life"},"content":{"rendered":"<p align=\"justify\"> Gemstone: Amethyst \u2013 spiritual awareness, tranquillity, focus     Amethyst is a purple-coloured quartz crystal. Purple shades vary from light lavender to deep violet. Amethyst crystals have a spiritual quality to them and can be used to help individuals tap into higher levels of consciousness. It can serve as a bridge between physical and ethereal frequencies, creating an opening for enlightenment. A delicate gemstone necklace combining polished 3 mm natural stone beads with a gold-toned sun pendant, representing strength, vitality, and creative energy. Adjustable with a \u00b15 cm extension chain, the necklace offers flexibility and universal fit Amethyst has a spiritual quality that can be used to help tap into higher levels of consciousness. It can serve as a bridge between the physical and ethereal realms. Amethyst has a spiritual quality that can be used to help tap into higher levels of consciousness. It can serve as a bridge between the physical and ethereal realms. Amethyst is a purple-coloured quartz crystal. Purple shades vary from light lavender to deep violet. Amethyst crystals have a spiritual quality to them and can be used to help individuals tap into higher levels of consciousness. It can serve as a bridge between physical and ethereal frequencies, creating an opening for enlightenment. The characteristics of all mineral stones on our website are not scientifically proven; they are based on experiences of users and gemstone therapists. Any healing properties outlined are in no way meant to replace diagnosis or treatment by a qualified therapist or physician. If in doubt about your health, consult a physician.  Amethyst is a purple-coloured quartz crystal. Colours range from light lavender to deep violet. Amethyst crystals possess spiritual properties and can be used to support raising the level of consciousness. They form a bridge between earthly and etheric worlds, opening up to spiritual consciousness.** Please Note: Amethyst is a natural product, so the colour of the beads may vary from light to dark purple. <\/p>\n<p class=\"western\" align=\"justify\"><b>rock crystal <\/b> Kristalli l\u00e4bipaistvus ja puhtus annab kristallile peegel-kvaliteedi, millest on k\u00f5ik selgelt n\u00e4ha. * The characteristics of all mineral stones on our website are not scientifically proven; they are based on experiences of users and gemstone therapists. Any healing properties outlined are in no way meant to replace diagnosis or treatment by a qualified therapist or physician. If in doubt about your health, consult a physician.           M\u00e4ekristalli peetakse puhtuse s\u00fcmboliks. Suudab salvestada ja edastada energiat ning seet\u00f5ttu kasutatakse tervendamisel ja mediteerimisel. Sakilise v\u00f5i teravaotsalise tipuga kristalli kasutatakse sujuvama ja harmoonilisema energia saavutamiseks. Pannakse halbade energiav\u00f5ngetega kohtadesse, lastakse veidi aega seista ja negatiivsust endasse koguda, seej\u00e4rel v\u00f5etakse \u00e4ra ja pestakse puhtaks -see parandab paiga energiat. Seotud selguse, tugevuse, eluj\u00f5u, ps\u00fc\u00fchilise tegevuse ja vaimse stimulatsiooniga. Suure kristalli asetamine kolmandale silmale suurendab ps\u00fc\u00fchilisi v\u00f5imeid. * The characteristics of all mineral stones on our website are not scientifically proven; they are based on experiences of users and gemstone therapists. Any healing properties outlined are in no way meant to replace diagnosis or treatment by a qualified therapist or physician. If in doubt about your health, consult a physician.      Rose quartz is known as the stone of unconditional love and compassion. It is often associated with the heart chakra and is believed to promote emotional healing, self-love, and harmony in relationships. The gentle pink hue of rose quartz symbolizes peace, tenderness, and a deep connection to one&#8217;s own emotions.* \u00d5petab iga\u00fchte tema omal tasandil ja kiirusel. K\u00f5iki vaimseid p\u00fc\u00fcdlusi saab stimuleerida selle kivi energiaga. Aitab olla vastuv\u00f5tlik k\u00f5rgemalt tulevale juhatusele.   KEHA: tugevdab energia liikumist, n\u00e4rve, aju, n\u00e4\u00e4rmeid; kergendab valu ja turset; ravitakse voolmeid, k\u00f5hulahtisust, podagrat, neerukive, vedelikupeetust. M\u00e4ekristallide loomus on kootav. Mees leotatud m\u00e4ekristallid pidavat suurendama piimaeritust. MAAGIA: V\u00f5imas kivi igasuguseks maagiaks \u2013 t\u00f5mbab ligi positiivset energiat, t\u00f5stab enesekindlust ja annab lisaenergiat, kui oled v\u00e4sinud, tunned end kehvalt v\u00f5i taastud haigusest. M\u00e4ekristall suurendab energiat ning t\u00f5mbab t\u00e4helepanu. *Peret\u00fclide korral pane eluruumi k\u00e4idavamatesse kohtadesse m\u00e4ekristall, mis muudab negatiivse energia positiivseks. *Kanna kuldketi otsas selget m\u00e4ekristalli, nii, et see puudutab ihu s\u00fcdame kohal. Kristallist saad j\u00f5udu ja energiat, kuld annab samuti energiat ja annab p\u00e4ikesejumala kaitset. * Kanna kurgut\u0161akra kohal m\u00e4ekristalli \u2013 see aitab t\u00f5sta enesekindlust.<b> * <\/b>lauba vastas hoituna aktiveerib kolmanda silma ning annab m\u00f5tlemiseks loovenergiat. Rock crystal or clear quartz, is a powerful healing stone and energiser. It stimulates clear thinking and perception. It supports you to connect with your inner wisdom. Purifies and strengthens both the energetic and physical body, such as the immune system.**      <b>**The characteristics of all mineral stones on our website are not scientifically proven; they are based on experiences of users and gemstone therapists. Any healing properties outlined are in no way meant to replace diagnosis or treatment by a qualified therapist or physician. If in doubt about your health, consult a physician.<\/b><\/p>\n<div id=\"row-770720450\" class=\"row\">\n<div id=\"col-1252232119\" class=\"col small-12 large-12\">\n<div class=\"col-inner\">\n<div class=\"woocommerce-tabs wc-tabs-wrapper container tabbed-content\">\n<div class=\"tab-panels\">\n<div id=\"tab-description\" class=\"woocommerce-Tabs-panel woocommerce-Tabs-panel--description panel entry-content active\" role=\"tabpanel\" aria-labelledby=\"tab-title-description\">\n<div id=\"row-634501554\" class=\"row\">\n<div id=\"col-1927087072\" class=\"col small-12 large-12\">\n<div class=\"col-inner\">\n<div class=\"woocommerce-tabs wc-tabs-wrapper container tabbed-content\">\n<div class=\"tab-panels\">\n<div id=\"tab-description\" class=\"woocommerce-Tabs-panel woocommerce-Tabs-panel--description panel entry-content active\" role=\"tabpanel\" aria-labelledby=\"tab-title-description\">\n<div class=\"product-short-description\">\n<p align=\"justify\">The Flower of Life is one of the standard and most powerful symbols in nature, in holy geometry. It is an ancient metaphor for the connection of all life in the Universe. In many cultures this symbol is well known.      <\/p>\n<\/div>\n<\/div>\n<\/div>\n<\/div>\n<\/div>\n<\/div>\n<\/div>\n<\/div>\n<\/div>\n<\/div>\n<\/div>\n<\/div>\n<\/div>\n","protected":false},"excerpt":{"rendered":"<h3><strong>see more <a href=\"https:\/\/minervashop.eu\/uudised\/naturaalsest-kivist-ehted\/\">here<\/a><\/strong><\/h3>\n<p><strong>for information on stones <a href=\"https:\/\/minervashop.eu\/en\/product category\/natural-stones\/\">click here<\/a><\/strong><\/p>\n","protected":false},"featured_media":166788,"template":"","meta":[],"product_brand":[],"product_cat":[117,684,244],"product_tag":[],"class_list":{"0":"post-166791","1":"product","2":"type-product","3":"status-publish","4":"has-post-thumbnail","6":"product_cat-coming-soon-2","7":"product_cat-natural-stone-metal-bracelets","8":"product_cat-round-beads-bracelets","9":"product_shipping_class-xs-en-2","11":"first","12":"outofstock","13":"taxable","14":"shipping-taxable","15":"purchasable","16":"product-type-simple"},"_links":{"self":[{"href":"https:\/\/minervashop.eu\/en\/wp-json\/wp\/v2\/product\/166791","targetHints":{"allow":["GET"]}}],"collection":[{"href":"https:\/\/minervashop.eu\/en\/wp-json\/wp\/v2\/product"}],"about":[{"href":"https:\/\/minervashop.eu\/en\/wp-json\/wp\/v2\/types\/product"}],"wp:featuredmedia":[{"embeddable":true,"href":"https:\/\/minervashop.eu\/en\/wp-json\/wp\/v2\/media\/166788"}],"wp:attachment":[{"href":"https:\/\/minervashop.eu\/en\/wp-json\/wp\/v2\/media?parent=166791"}],"wp:term":[{"taxonomy":"product_brand","embeddable":true,"href":"https:\/\/minervashop.eu\/en\/wp-json\/wp\/v2\/product_brand?post=166791"},{"taxonomy":"product_cat","embeddable":true,"href":"https:\/\/minervashop.eu\/en\/wp-json\/wp\/v2\/product_cat?post=166791"},{"taxonomy":"product_tag","embeddable":true,"href":"https:\/\/minervashop.eu\/en\/wp-json\/wp\/v2\/product_tag?post=166791"}],"curies":[{"name":"wp","href":"https:\/\/api.w.org\/{rel}","templated":true}]}}