{"id":166812,"date":"2026-04-21T11:53:36","date_gmt":"2026-04-21T11:53:36","guid":{"rendered":"https:\/\/minervashop.eu\/toode\/angel-wing-pendant-rose-quartz\/"},"modified":"2026-04-21T12:25:59","modified_gmt":"2026-04-21T12:25:59","slug":"angel-wing-pendant-rose-quartz","status":"publish","type":"product","link":"https:\/\/minervashop.eu\/en\/product\/angel-wing-pendant-rose-quartz\/","title":{"rendered":"Angel wing pendant rose quartz<br>"},"content":{"rendered":"<p>ROOSA KVARTS \u2013 Roosa kvarts on pere ja kodu kaitseks, lisab enesekindlust ning vabastab s\u00fcdamevalust. Armastuse, soojuse ja s\u00f5pruse kivi. Aitab kurbuse, stressi ja pingete korral. Ravitseb emotsionaalseid haavu ja valu, alustades kibestumuse taandamisega.    Rose quartz promotes gentleness and love, stimulating positive emotional interactions.* <br \/> Related to friendship, love spells, spiritual balance, getting rid of loneliness, successful court cases and learning to love yourself. If amethyst is for the spirit, pink quartz is for the heart. It gives self-love, self-approval and a sense of personal usefulness.   Suurendab igasugust armastust: enda vastu, emaarmastust, hoolimist, headust, platoonilist ja romantilist armastust. Headus: avama s\u00fcdame ja julgustama \u00f5rnusele ja rahule. \u00d5petab andestamist ja tolerantsi. Veetlus: kiirgama tingimusteta armastust ja hellust. Aitab tuua positiivset ja \u00f5rna armastust meie ellu.    VAIM: tundlikkus; suurendab empaatiat, aitab seksuaalraskuste puhul, valgustab selgelt isiklikke vajadusi ja ootusi. KEHA: harmoniseerib s\u00fcdame t\u00f6\u00f6d, tugevdab seksuaalorganeid ja viljakust. MAAGIA: P\u00e4rast traumaatilist s\u00fcndmust, nt. lahkuminekut v\u00f5i f\u00fc\u00fcsilist r\u00fcnnakut, pane tassi teed tehes sinna sisse t\u00fckike roosat kvartsi, mis aitab l\u00f5\u00f5gastuda ja halba unustada. <b>T\u00e4htkuju<\/b>: V\u00e4hk, Kaljukits, S\u00f5nn, Kaalud, Veevalaja   <\/p>\n<p align=\"justify\"> Gemstone: Amethyst \u2013 spiritual awareness, tranquillity, focus     Amethyst is a purple-coloured quartz crystal. Purple shades vary from light lavender to deep violet. Amethyst crystals have a spiritual quality to them and can be used to help individuals tap into higher levels of consciousness. It can serve as a bridge between physical and ethereal frequencies, creating an opening for enlightenment. A delicate gemstone necklace combining polished 3 mm natural stone beads with a gold-toned sun pendant, representing strength, vitality, and creative energy. Adjustable with a \u00b15 cm extension chain, the necklace offers flexibility and universal fit Amethyst has a spiritual quality that can be used to help tap into higher levels of consciousness. It can serve as a bridge between the physical and ethereal realms. Amethyst has a spiritual quality that can be used to help tap into higher levels of consciousness. It can serve as a bridge between the physical and ethereal realms. Amethyst is a purple-coloured quartz crystal. Purple shades vary from light lavender to deep violet. Amethyst crystals have a spiritual quality to them and can be used to help individuals tap into higher levels of consciousness. It can serve as a bridge between physical and ethereal frequencies, creating an opening for enlightenment. The characteristics of all mineral stones on our website are not scientifically proven; they are based on experiences of users and gemstone therapists. Any healing properties outlined are in no way meant to replace diagnosis or treatment by a qualified therapist or physician. If in doubt about your health, consult a physician.  Amethyst is a purple-coloured quartz crystal. Colours range from light lavender to deep violet. Amethyst crystals possess spiritual properties and can be used to support raising the level of consciousness. They form a bridge between earthly and etheric worlds, opening up to spiritual consciousness.** Please Note: Amethyst is a natural product, so the colour of the beads may vary from light to dark purple. <\/p>\n<h4 align=\"left\"><strong>Angel &#8211; the embodiment of goodness, mediator between heaven and earth. The name comes from the Greek word <i>angelos<\/i> (messenger) and refers to their main role in conveying good messages.  On the physical level, angelite has a cooling effect, and a positive effect on inflammation, fluid balance, edema, thyroid gland, throat \/ neck area, lungs and kidneys.**  *This product is nickel, lead and cadmium free; meaning therefore that such elements are not present or in the limited quantities allowed within the European product safety standards (REACH). <\/strong><strong>The cherubim are the closest to God. They were thought to have 6 wings. They appear as bushy-cheeked babies and have a playful nature, symbolising both joy and kindness. Putos are boys with wings, representing innocence and purity.   <\/strong><\/h4>\n","protected":false},"excerpt":{"rendered":"<h3><strong>see more <a href=\"https:\/\/minervashop.eu\/uudised\/naturaalsest-kivist-ehted\/\">here<\/a><\/strong><\/h3>\n<p><strong>for information on stones <a href=\"https:\/\/minervashop.eu\/en\/product category\/natural-stones\/\">click here<\/a><\/strong><\/p>\n<p>3 x 1.5 cm<\/p>\n","protected":false},"featured_media":166836,"template":"","meta":[],"product_brand":[],"product_cat":[117,322,358,185,628],"product_tag":[],"class_list":{"0":"post-166812","1":"product","2":"type-product","3":"status-publish","4":"has-post-thumbnail","6":"product_cat-coming-soon-2","7":"product_cat-brigitta-en","8":"product_cat-rhiannon-en","9":"product_cat-natural-stone-pendants","10":"product_cat-angels-en","11":"product_shipping_class-xs-en-2","13":"first","14":"outofstock","15":"taxable","16":"shipping-taxable","17":"purchasable","18":"product-type-variable"},"_links":{"self":[{"href":"https:\/\/minervashop.eu\/en\/wp-json\/wp\/v2\/product\/166812","targetHints":{"allow":["GET"]}}],"collection":[{"href":"https:\/\/minervashop.eu\/en\/wp-json\/wp\/v2\/product"}],"about":[{"href":"https:\/\/minervashop.eu\/en\/wp-json\/wp\/v2\/types\/product"}],"wp:featuredmedia":[{"embeddable":true,"href":"https:\/\/minervashop.eu\/en\/wp-json\/wp\/v2\/media\/166836"}],"wp:attachment":[{"href":"https:\/\/minervashop.eu\/en\/wp-json\/wp\/v2\/media?parent=166812"}],"wp:term":[{"taxonomy":"product_brand","embeddable":true,"href":"https:\/\/minervashop.eu\/en\/wp-json\/wp\/v2\/product_brand?post=166812"},{"taxonomy":"product_cat","embeddable":true,"href":"https:\/\/minervashop.eu\/en\/wp-json\/wp\/v2\/product_cat?post=166812"},{"taxonomy":"product_tag","embeddable":true,"href":"https:\/\/minervashop.eu\/en\/wp-json\/wp\/v2\/product_tag?post=166812"}],"curies":[{"name":"wp","href":"https:\/\/api.w.org\/{rel}","templated":true}]}}