{"id":166855,"date":"2026-04-21T12:40:05","date_gmt":"2026-04-21T12:40:05","guid":{"rendered":"https:\/\/minervashop.eu\/toode\/bracelet-black-onyx-red-tiger-eye-aa-quality-elastic\/"},"modified":"2026-04-21T12:40:05","modified_gmt":"2026-04-21T12:40:05","slug":"bracelet-black-onyx-red-tiger-eye-aa-quality-elastic","status":"publish","type":"product","link":"https:\/\/minervashop.eu\/en\/product\/bracelet-black-onyx-red-tiger-eye-aa-quality-elastic\/","title":{"rendered":"Bracelet black onyx\/ red tiger eye AA quality elastic<br>"},"content":{"rendered":"<h3><strong>see more <a href=\"https:\/\/minervashop.eu\/uudised\/naturaalsest-kivist-ehted\/\">here<\/a><\/strong><\/h3>\n<p><strong>for information on stones <a href=\"https:\/\/minervashop.eu\/en\/product category\/natural-stones\/\">click here<\/a><\/strong><\/p>\n<div id=\"row-26320335\" class=\"row\">\n<div id=\"col-1054045986\" class=\"col small-12 large-12\">\n<div class=\"col-inner\">\n<div class=\"woocommerce-tabs wc-tabs-wrapper container tabbed-content\">\n<div class=\"tab-panels\">\n<div id=\"tab-description\" class=\"woocommerce-Tabs-panel woocommerce-Tabs-panel--description panel entry-content active\" role=\"tabpanel\" aria-labelledby=\"tab-title-description\">\n<div id=\"row-268888486\" class=\"row\">\n<div id=\"col-1304364618\" class=\"col small-12 large-12\">\n<div class=\"col-inner\">\n<div class=\"woocommerce-tabs wc-tabs-wrapper container tabbed-content\">\n<div class=\"tab-panels\">\n<div id=\"tab-description\" class=\"woocommerce-Tabs-panel woocommerce-Tabs-panel--description panel entry-content active\" role=\"tabpanel\" aria-labelledby=\"tab-title-description\">\n<div id=\"row-301896925\" class=\"row\">\n<div id=\"col-1395015415\" class=\"col small-12 large-12\">\n<div class=\"col-inner\">\n<div class=\"woocommerce-tabs wc-tabs-wrapper container tabbed-content\">\n<div class=\"tab-panels\">\n<div id=\"tab-description\" class=\"woocommerce-Tabs-panel woocommerce-Tabs-panel--description panel entry-content active\" role=\"tabpanel\" aria-labelledby=\"tab-title-description\">\n<p class=\"western\" align=\"justify\">Tiger Eye- A protective stone as a talisman. If you want to make a change in your life, this is the stone for you. Brings balance and strength to get through difficulties. Balances blocked energies, bringing confidence and inner peace. Increases practical perception. Aids in recognising one&#8217;s talents and abilities. Energizes the emotional body. Alleviates depression. Relieves doubts and helps to make decisions. Helps to be practical. If you are feeling nervous, agitated, fearful, this stone is helpful. Think of the qualities of a tiger &#8211; calm, focused, decisive, alert, with perfect timing and slow and careful action. Strengthens confidence in yourself and gives you the courage to make the most of the opportunities ahead. A very strong stone! <i>Money<\/i>: This stone is well suited for worldly people. Stimulates wealth and prosperity and maintains stability to keep it. Creates order in chaos. Harmony. Associated with proper power, courage and grace, and a clear vision without illusions. Helps one to be more ambitious and focused in one&#8217;s actions. Improves memory and attention span, so suitable for children who have learning difficulties. Children with concentration difficulties are advised to carry it to school. For healing personality disorders. <i>Grounding<\/i>. Brings peace and clarity without making you lifeless and boring. Helps develop psychic development. KEHA: Heals the eyes. Heals the throat and sexual organs. Heals the throat. Worn for short periods on the right arm or as a pendant. Apply to area of the body in need of healing. For spiritual grounding on the solar plexus chakra. <b>Constellations<\/b>: Virgo, Leo, Sagittarius, Scorpio, Gemini.                             <\/p>\n<\/div>\n<\/div>\n<\/div>\n<\/div>\n<\/div>\n<\/div>\n<\/div>\n<\/div>\n<\/div>\n<\/div>\n<\/div>\n<\/div>\n<\/div>\n<\/div>\n<\/div>\n<\/div>\n<\/div>\n<\/div>\n<div id=\"row-1283688014\" class=\"row\">\n<div id=\"col-380166357\" class=\"col small-12 large-12\">\n<div class=\"col-inner\">\n<div class=\"related related-products-wrapper product-section\">\n<div id=\"row-607862422\" class=\"row\">\n<div id=\"col-1934387341\" class=\"col small-12 large-12\">\n<div class=\"col-inner\">\n<div class=\"woocommerce-tabs wc-tabs-wrapper container tabbed-content\">\n<div class=\"tab-panels\">\n<div id=\"tab-description\" class=\"woocommerce-Tabs-panel woocommerce-Tabs-panel--description panel entry-content active\" role=\"tabpanel\" aria-labelledby=\"tab-title-description\">\n<p class=\"western\" align=\"justify\"><b>OON\u00dcKS<\/b> on kaitsva energia kandja, eriti must oon\u00fcks. See on k\u00f5ige iidsem kivi, mida tunti juba varajastes tsivilisatsioonides v\u00f5imsa energia poolest. See s\u00fcgav-must valgete triipudega kivi oli k\u00f5rgelt hinnatud tseremooniatel ja matustel maagilise kivina. Samuti kasutati seda amuletina m\u00f5\u00f5kadel, kilpidel ja r\u00fc\u00fcdel s\u00f5jamehe kaitseks ja vapruseks lahinguv\u00e4ljal. Kantakse negatiivsusest hoidumiseks, s\u00fcmboliseerib k\u00f5rgendatud meelt, enesekindlust ja vaimuj\u00f5udu. Seostatakse abielu\u00f5nne ja siirusega. Cupido l\u00f5ikas oma noolega magava Venuse k\u00fc\u00fcsi. K\u00fc\u00fcnet\u00fckid kukkusid Induse j\u00f5kke, vajusid p\u00f5hja ja muutusid oon\u00fcksiteks. Arvatakse, et see kivi \u00f5hutab t\u00fclisid ja vaidlusi, p\u00f5hjustab depressiooni ja veidraid unen\u00e4gusid. Oon\u00fcksi kandmine pidavat \u00f6\u00f6siti tekitama koledaid n\u00e4gemusi ja deemonite r\u00fcnnakuid, p\u00e4eval kohtusse kaebamist ja riidu. Valgete kihtidega oon\u00fcks toob muret, vaidlusi, hirmu ja \u00f5udseid fantaasiaid. K\u00f5iki neid negatiivseid efekte neutraliseerib samaaegselt kantav sardikivi. Must oon\u00fcks peegeldab iseenda k\u00f5iki aspekte, nii positiivseid kui negatiivseid. Ta pidavat tooma endaga halbu unen\u00e4gusid, tugevdama luu\u00fcdi ja suurendama s\u00fcljeeritust poistel. Silma peal hoituna v\u00e4ljutab sealt puru. Sinine oon\u00fcks vastab kurgut\u0161akrale ja teda kasutatakse k\u00f5rgema inspiratsiooni saamiseks. Maandab ja stabiliseerib emotsionaalset keha, tuues tugevust raskustes v\u00f5i segastes olukordades ning raskes vaimses ja f\u00fc\u00fcsilises stressis. Rahustab n\u00e4rvilisust ning vaigistab \u00e4revust ja hirmu. Rahustab tujukust ning taastab ratsionaalse m\u00f5tlemise ja enesekontrolli. Annab enesekontrolli energiat koos kindlustunde, fokusseerituse ja \u00f5igete otsuste tegemise oskusega.                   <\/p>\n<\/div>\n<\/div>\n<\/div>\n<\/div>\n<\/div>\n<\/div>\n<div id=\"row-1562538578\" class=\"row\">\n<div id=\"col-1134919629\" class=\"col small-12 large-12\">\n<div class=\"col-inner\">\n<div id=\"row-658714782\" class=\"row\">\n<div id=\"col-869371245\" class=\"col small-12 large-12\">\n<div class=\"col-inner\">\n<div class=\"woocommerce-tabs wc-tabs-wrapper container tabbed-content\">\n<div class=\"tab-panels\">\n<div id=\"tab-description\" class=\"woocommerce-Tabs-panel woocommerce-Tabs-panel--description panel entry-content active\" role=\"tabpanel\" aria-labelledby=\"tab-title-description\">\n<div id=\"row-26921135\" class=\"row\">\n<div id=\"col-466081818\" class=\"col small-12 large-12\">\n<div class=\"col-inner\">\n<div class=\"woocommerce-tabs wc-tabs-wrapper container tabbed-content\">\n<div class=\"tab-panels\">\n<div id=\"tab-description\" class=\"woocommerce-Tabs-panel woocommerce-Tabs-panel--description panel entry-content active\" role=\"tabpanel\" aria-labelledby=\"tab-title-description\"><\/div>\n<\/div>\n<\/div>\n<\/div>\n<\/div>\n<\/div>\n<\/div>\n<\/div>\n<\/div>\n<\/div>\n<\/div>\n<\/div>\n<\/div>\n<\/div>\n<\/div>\n<\/div>\n<\/div>\n<\/div>\n<\/div>\n","protected":false},"excerpt":{"rendered":"<div class=\"product-short-description\">\n<div class=\"product-short-description\">\n<p><strong>vaata lisa <a href=\"https:\/\/rnojomku.sendsmaily.net\/templates\/ecf3332f-9eed-4892-b19d-dca55d2a20fc\/html\/\">siit<\/a><\/strong><\/p>\n<p>6 mm pearls<\/p>\n<p>diameter 65 mm<\/p>\n<\/div>\n<\/div>\n<div class=\"add-to-cart-container form-normal is-normal\"><\/div>\n","protected":false},"featured_media":166854,"template":"","meta":[],"product_brand":[],"product_cat":[117,181,244],"product_tag":[],"class_list":{"0":"post-166855","1":"product","2":"type-product","3":"status-publish","4":"has-post-thumbnail","6":"product_cat-coming-soon-2","7":"product_cat-ceridwen-en","8":"product_cat-round-beads-bracelets","9":"product_shipping_class-xs-en-2","11":"first","12":"outofstock","13":"taxable","14":"shipping-taxable","15":"purchasable","16":"product-type-variable"},"_links":{"self":[{"href":"https:\/\/minervashop.eu\/en\/wp-json\/wp\/v2\/product\/166855","targetHints":{"allow":["GET"]}}],"collection":[{"href":"https:\/\/minervashop.eu\/en\/wp-json\/wp\/v2\/product"}],"about":[{"href":"https:\/\/minervashop.eu\/en\/wp-json\/wp\/v2\/types\/product"}],"wp:featuredmedia":[{"embeddable":true,"href":"https:\/\/minervashop.eu\/en\/wp-json\/wp\/v2\/media\/166854"}],"wp:attachment":[{"href":"https:\/\/minervashop.eu\/en\/wp-json\/wp\/v2\/media?parent=166855"}],"wp:term":[{"taxonomy":"product_brand","embeddable":true,"href":"https:\/\/minervashop.eu\/en\/wp-json\/wp\/v2\/product_brand?post=166855"},{"taxonomy":"product_cat","embeddable":true,"href":"https:\/\/minervashop.eu\/en\/wp-json\/wp\/v2\/product_cat?post=166855"},{"taxonomy":"product_tag","embeddable":true,"href":"https:\/\/minervashop.eu\/en\/wp-json\/wp\/v2\/product_tag?post=166855"}],"curies":[{"name":"wp","href":"https:\/\/api.w.org\/{rel}","templated":true}]}}