{"id":166980,"date":"2026-04-22T08:27:08","date_gmt":"2026-04-22T08:27:08","guid":{"rendered":"https:\/\/minervashop.eu\/toode\/garnet-tumbled-stone-a-quality-piece\/"},"modified":"2026-04-28T09:49:43","modified_gmt":"2026-04-28T09:49:43","slug":"garnet-tumbled-stone-a-quality-piece","status":"publish","type":"product","link":"https:\/\/minervashop.eu\/en\/product\/garnet-tumbled-stone-a-quality-piece\/","title":{"rendered":"Garnet tumbled stone A quality piece"},"content":{"rendered":"<div id=\"row-1881416207\" class=\"row\">\n<div id=\"col-1698948497\" class=\"col small-12 large-12\">\n<div class=\"col-inner\">\n<div class=\"woocommerce-tabs wc-tabs-wrapper container tabbed-content\">\n<div class=\"tab-panels\">\n<div id=\"tab-description\" class=\"woocommerce-Tabs-panel woocommerce-Tabs-panel--description panel entry-content active\" role=\"tabpanel\" aria-labelledby=\"tab-title-description\">\n<div id=\"row-26921135\" class=\"row\">\n<div id=\"col-466081818\" class=\"col small-12 large-12\">\n<div class=\"col-inner\">\n<div class=\"woocommerce-tabs wc-tabs-wrapper container tabbed-content\">\n<div class=\"tab-panels\">\n<div id=\"tab-description\" class=\"woocommerce-Tabs-panel woocommerce-Tabs-panel--description panel entry-content active\" role=\"tabpanel\" aria-labelledby=\"tab-title-description\">\n<p align=\"JUSTIFY\"><b>GRANAAT <\/b>on populaarne v\u00e4\u00e4riskivi juba pronksiajast. Kaitseb oma kandjat negatiivsuse ja depressiooni eest ning sisendab julgust. S\u00fcmboliseerib energiat, p\u00fchendumist ja ustavust. Armastuse kivi. Elavdab kujutlusv\u00f5imet, sobib r\u00f5\u00f5muks, kaitseks, kaastundeks, puhastamiseks, tervendamiseks, armuloitsudeks, toob \u00f5nne. Tugevdab aurat, annab j\u00f5udu maagilistes toimingutes, muudab ausaks ja truuks, annab armastusele p\u00fcsivust ja aitab suunata kundalini energiat. Ravitakse depressiooni ja s\u00fcdamepekslemist, hoiab tervise stabiilse, parandab vereringet ja teeb l\u00f5pu vere k\u00f6himisele. Tuligranaat \u00f5hutab armastajate vahel nii r\u00f5\u00f5mu kui lahkhelisid, tugevdab tervist, peletab depressiooni ja vaigistab s\u00fcdamepekslemist.       <\/p>\n<\/div>\n<\/div>\n<\/div>\n<\/div>\n<\/div>\n<\/div>\n<\/div>\n<\/div>\n<\/div>\n<\/div>\n<\/div>\n<\/div>\n<div id=\"row-322512613\" class=\"row\">\n<div id=\"col-1470861937\" class=\"col small-12 large-12\">\n<div class=\"col-inner\">\n<div class=\"related related-products-wrapper product-section\"><\/div>\n<\/div>\n<\/div>\n<\/div>\n","protected":false},"excerpt":{"rendered":"<p>A quality<\/p>\n<p>Brazil<\/p>\n<div class=\"product-short-description\">\n<div class=\"product-short-description\">\n<h4><strong>see more <a href=\"https:\/\/minervashop.eu\/uudised\/naturaalsete-kivide-vagi\/\">here<\/a><\/strong><\/h4>\n<\/div>\n<div class=\"add-to-cart-container form-normal is-normal\">ca 3-4 cm<\/div>\n<\/div>\n","protected":false},"featured_media":166974,"template":"","meta":[],"product_brand":[],"product_cat":[759,358,392],"product_tag":[],"class_list":{"0":"post-166980","1":"product","2":"type-product","3":"status-publish","4":"has-post-thumbnail","6":"product_cat-new-en","7":"product_cat-rhiannon-en","8":"product_cat-tumble-stones","9":"product_shipping_class-xs-en-2","11":"first","12":"instock","13":"taxable","14":"shipping-taxable","15":"purchasable","16":"product-type-simple"},"_links":{"self":[{"href":"https:\/\/minervashop.eu\/en\/wp-json\/wp\/v2\/product\/166980","targetHints":{"allow":["GET"]}}],"collection":[{"href":"https:\/\/minervashop.eu\/en\/wp-json\/wp\/v2\/product"}],"about":[{"href":"https:\/\/minervashop.eu\/en\/wp-json\/wp\/v2\/types\/product"}],"wp:featuredmedia":[{"embeddable":true,"href":"https:\/\/minervashop.eu\/en\/wp-json\/wp\/v2\/media\/166974"}],"wp:attachment":[{"href":"https:\/\/minervashop.eu\/en\/wp-json\/wp\/v2\/media?parent=166980"}],"wp:term":[{"taxonomy":"product_brand","embeddable":true,"href":"https:\/\/minervashop.eu\/en\/wp-json\/wp\/v2\/product_brand?post=166980"},{"taxonomy":"product_cat","embeddable":true,"href":"https:\/\/minervashop.eu\/en\/wp-json\/wp\/v2\/product_cat?post=166980"},{"taxonomy":"product_tag","embeddable":true,"href":"https:\/\/minervashop.eu\/en\/wp-json\/wp\/v2\/product_tag?post=166980"}],"curies":[{"name":"wp","href":"https:\/\/api.w.org\/{rel}","templated":true}]}}