{"id":167014,"date":"2026-04-22T10:26:35","date_gmt":"2026-04-22T10:26:35","guid":{"rendered":"https:\/\/minervashop.eu\/toode\/hematite-garnet-facet-bracelet-with-ohm-elastic\/"},"modified":"2026-04-22T10:26:35","modified_gmt":"2026-04-22T10:26:35","slug":"hematite-garnet-facet-bracelet-with-ohm-elastic","status":"publish","type":"product","link":"https:\/\/minervashop.eu\/en\/product\/hematite-garnet-facet-bracelet-with-ohm-elastic\/","title":{"rendered":"Hematite\/garnet facet bracelet with ohm elastic<br>"},"content":{"rendered":"<p><strong>see more <a href=\"https:\/\/rnojomku.sendsmaily.net\/templates\/acafb176-ee1f-4e4a-bba3-5c57e9a8e0e3\/html\/\">here<\/a><\/strong><\/p>\n<div id=\"row-252135290\" class=\"row\">\n<div id=\"col-565833341\" class=\"col small-12 large-12\">\n<div class=\"col-inner\">\n<div class=\"woocommerce-tabs wc-tabs-wrapper container tabbed-content\">\n<div class=\"tab-panels\">\n<div id=\"tab-description\" class=\"woocommerce-Tabs-panel woocommerce-Tabs-panel--description panel entry-content active\" role=\"tabpanel\" aria-labelledby=\"tab-title-description\">\n<div id=\"row-1441291187\" class=\"row\">\n<div id=\"col-1827909013\" class=\"col small-12 large-12\">\n<div class=\"col-inner\">\n<div class=\"woocommerce-tabs wc-tabs-wrapper container tabbed-content\">\n<div class=\"tab-panels\">\n<div id=\"tab-description\" class=\"woocommerce-Tabs-panel woocommerce-Tabs-panel--description panel entry-content active\" role=\"tabpanel\" aria-labelledby=\"tab-title-description\">\n<div id=\"row-1659793798\" class=\"row\">\n<div id=\"col-1995371004\" class=\"col small-12 large-12\">\n<div class=\"col-inner\">\n<div class=\"woocommerce-tabs wc-tabs-wrapper container tabbed-content\">\n<div class=\"tab-panels\">\n<div id=\"tab-description\" class=\"woocommerce-Tabs-panel woocommerce-Tabs-panel--description panel entry-content active\" role=\"tabpanel\" aria-labelledby=\"tab-title-description\">\n<p align=\"JUSTIFY\">Hematite helps to feel intense emotions towards another person without getting caught up in them. In this way you will be truly able to give them support without taking on any of their suffering.                       <\/p>\n<div id=\"row-1881416207\" class=\"row\">\n<div id=\"col-1698948497\" class=\"col small-12 large-12\">\n<div class=\"col-inner\">\n<div class=\"woocommerce-tabs wc-tabs-wrapper container tabbed-content\">\n<div class=\"tab-panels\">\n<div id=\"tab-description\" class=\"woocommerce-Tabs-panel woocommerce-Tabs-panel--description panel entry-content active\" role=\"tabpanel\" aria-labelledby=\"tab-title-description\">\n<div id=\"row-26921135\" class=\"row\">\n<div id=\"col-466081818\" class=\"col small-12 large-12\">\n<div class=\"col-inner\">\n<div class=\"woocommerce-tabs wc-tabs-wrapper container tabbed-content\">\n<div class=\"tab-panels\">\n<div id=\"tab-description\" class=\"woocommerce-Tabs-panel woocommerce-Tabs-panel--description panel entry-content active\" role=\"tabpanel\" aria-labelledby=\"tab-title-description\">\n<p align=\"JUSTIFY\"><b>GRANAAT <\/b>on populaarne v\u00e4\u00e4riskivi juba pronksiajast. Kaitseb oma kandjat negatiivsuse ja depressiooni eest ning sisendab julgust. S\u00fcmboliseerib energiat, p\u00fchendumist ja ustavust. Armastuse kivi. Elavdab kujutlusv\u00f5imet, sobib r\u00f5\u00f5muks, kaitseks, kaastundeks, puhastamiseks, tervendamiseks, armuloitsudeks, toob \u00f5nne. Tugevdab aurat, annab j\u00f5udu maagilistes toimingutes, muudab ausaks ja truuks, annab armastusele p\u00fcsivust ja aitab suunata kundalini energiat. Ravitakse depressiooni ja s\u00fcdamepekslemist, hoiab tervise stabiilse, parandab vereringet ja teeb l\u00f5pu vere k\u00f6himisele. Tuligranaat \u00f5hutab armastajate vahel nii r\u00f5\u00f5mu kui lahkhelisid, tugevdab tervist, peletab depressiooni ja vaigistab s\u00fcdamepekslemist.       <\/p>\n<\/div>\n<\/div>\n<\/div>\n<\/div>\n<\/div>\n<\/div>\n<\/div>\n<\/div>\n<\/div>\n<\/div>\n<\/div>\n<\/div>\n<\/div>\n<\/div>\n<\/div>\n<\/div>\n<\/div>\n<\/div>\n<\/div>\n<\/div>\n<\/div>\n<\/div>\n<\/div>\n<\/div>\n<\/div>\n<\/div>\n<\/div>\n<\/div>\n<\/div>\n<\/div>\n<div id=\"row-1291517628\" class=\"row\">\n<div id=\"col-775358626\" class=\"col small-12 large-12\">\n<div class=\"col-inner\">\n<div class=\"related related-products-wrapper product-section\"><\/div>\n<\/div>\n<\/div>\n<\/div>\n","protected":false},"excerpt":{"rendered":"<h3><strong>see more <a href=\"https:\/\/minervashop.eu\/uudised\/naturaalsest-kivist-ehted\/\">here<\/a><\/strong><\/h3>\n<p><strong>for information on stones <a href=\"https:\/\/minervashop.eu\/en\/product category\/natural-stones\/\">click here<\/a><\/strong><\/p>\n<p>Ohm&#8217; is considered the primordial sound or the sound of creation in various spiritual traditions, including Hinduism and Buddhism. &#8211; It is believed to be the sound that resonated at the beginning of the universe and is said to be the essence of all sounds in existence.      <\/p>\n","protected":false},"featured_media":167010,"template":"","meta":[],"product_brand":[],"product_cat":[117,348,144],"product_tag":[],"class_list":{"0":"post-167014","1":"product","2":"type-product","3":"status-publish","4":"has-post-thumbnail","6":"product_cat-coming-soon-2","7":"product_cat-eastern-amulets","8":"product_cat-various-shapes-stone-bracelets","9":"product_shipping_class-xs-en-2","11":"first","12":"outofstock","13":"taxable","14":"shipping-taxable","15":"purchasable","16":"product-type-simple"},"_links":{"self":[{"href":"https:\/\/minervashop.eu\/en\/wp-json\/wp\/v2\/product\/167014","targetHints":{"allow":["GET"]}}],"collection":[{"href":"https:\/\/minervashop.eu\/en\/wp-json\/wp\/v2\/product"}],"about":[{"href":"https:\/\/minervashop.eu\/en\/wp-json\/wp\/v2\/types\/product"}],"wp:featuredmedia":[{"embeddable":true,"href":"https:\/\/minervashop.eu\/en\/wp-json\/wp\/v2\/media\/167010"}],"wp:attachment":[{"href":"https:\/\/minervashop.eu\/en\/wp-json\/wp\/v2\/media?parent=167014"}],"wp:term":[{"taxonomy":"product_brand","embeddable":true,"href":"https:\/\/minervashop.eu\/en\/wp-json\/wp\/v2\/product_brand?post=167014"},{"taxonomy":"product_cat","embeddable":true,"href":"https:\/\/minervashop.eu\/en\/wp-json\/wp\/v2\/product_cat?post=167014"},{"taxonomy":"product_tag","embeddable":true,"href":"https:\/\/minervashop.eu\/en\/wp-json\/wp\/v2\/product_tag?post=167014"}],"curies":[{"name":"wp","href":"https:\/\/api.w.org\/{rel}","templated":true}]}}