{"id":167037,"date":"2026-04-22T11:34:49","date_gmt":"2026-04-22T11:34:49","guid":{"rendered":"https:\/\/minervashop.eu\/toode\/bracelet-tiger-eye-rutilated-quartz-with-elephant\/"},"modified":"2026-04-22T11:34:49","modified_gmt":"2026-04-22T11:34:49","slug":"bracelet-tiger-eye-rutilated-quartz-with-elephant","status":"publish","type":"product","link":"https:\/\/minervashop.eu\/en\/product\/bracelet-tiger-eye-rutilated-quartz-with-elephant\/","title":{"rendered":"Bracelet tiger eye\/ rutilated quartz with elephant<br>"},"content":{"rendered":"<div class=\"term-description\">\n<p align=\"justify\"><strong>Ganesh or Ganesha embodies wisdom and intelligence. He protects the sciences and arts alike: music, poetry and dance. He is also worshipped as tutelary deity for the home and business. His presence is a promise of good fortune. In Hinduism, Ganesh is often invoked when one is about to start something new. As a remover of obstacles he clears the way for success.                    <\/strong><\/p>\n<div id=\"row-1244636461\" class=\"row\">\n<div id=\"col-283512098\" class=\"col small-12 large-12\">\n<div class=\"col-inner\">\n<div class=\"woocommerce-tabs wc-tabs-wrapper container tabbed-content\">\n<div class=\"tab-panels\">\n<div id=\"tab-description\" class=\"woocommerce-Tabs-panel woocommerce-Tabs-panel--description panel entry-content active\" role=\"tabpanel\" aria-labelledby=\"tab-title-description\">\n<div id=\"row-268888486\" class=\"row\">\n<div id=\"col-1304364618\" class=\"col small-12 large-12\">\n<div class=\"col-inner\">\n<div class=\"woocommerce-tabs wc-tabs-wrapper container tabbed-content\">\n<div class=\"tab-panels\">\n<div id=\"tab-description\" class=\"woocommerce-Tabs-panel woocommerce-Tabs-panel--description panel entry-content active\" role=\"tabpanel\" aria-labelledby=\"tab-title-description\">\n<div id=\"row-301896925\" class=\"row\">\n<div id=\"col-1395015415\" class=\"col small-12 large-12\">\n<div class=\"col-inner\">\n<div class=\"woocommerce-tabs wc-tabs-wrapper container tabbed-content\">\n<div class=\"tab-panels\">\n<div id=\"tab-description\" class=\"woocommerce-Tabs-panel woocommerce-Tabs-panel--description panel entry-content active\" role=\"tabpanel\" aria-labelledby=\"tab-title-description\">\n<p class=\"western\" align=\"justify\">Tiger Eye- A protective stone as a talisman. If you want to make a change in your life, this is the stone for you. Brings balance and strength to get through difficulties. Balances blocked energies, bringing confidence and inner peace. Increases practical perception. Aids in recognising one&#8217;s talents and abilities. Energizes the emotional body. Alleviates depression. Relieves doubts and helps to make decisions. Helps to be practical. If you are feeling nervous, agitated, fearful, this stone is helpful. Think of the qualities of a tiger &#8211; calm, focused, decisive, alert, with perfect timing and slow and careful action. Strengthens confidence in yourself and gives you the courage to make the most of the opportunities ahead. A very strong stone! <i>Money<\/i>: This stone is well suited for worldly people. Stimulates wealth and prosperity and maintains stability to keep it. Creates order in chaos. Harmony. Associated with proper power, courage and grace, and a clear vision without illusions. Helps one to be more ambitious and focused in one&#8217;s actions. Improves memory and attention span, so suitable for children who have learning difficulties. Children with concentration difficulties are advised to carry it to school. For healing personality disorders. <i>Grounding<\/i>. Brings peace and clarity without making you lifeless and boring. Helps develop psychic development. KEHA: Heals the eyes. Heals the throat and sexual organs. Heals the throat. Worn for short periods on the right arm or as a pendant. Apply to area of the body in need of healing. For spiritual grounding on the solar plexus chakra. <b>Constellations<\/b>: Virgo, Leo, Sagittarius, Scorpio, Gemini.                             <\/p>\n<\/div>\n<\/div>\n<\/div>\n<\/div>\n<\/div>\n<\/div>\n<\/div>\n<\/div>\n<\/div>\n<\/div>\n<\/div>\n<\/div>\n<\/div>\n<\/div>\n<\/div>\n<\/div>\n<\/div>\n<\/div>\n<div id=\"row-1096685004\" class=\"row\">\n<div id=\"col-430575744\" class=\"col small-12 large-12\">\n<div class=\"col-inner\">\n<div class=\"related related-products-wrapper product-section\">\n<p class=\"western\" align=\"justify\">Rutilated quartz is a stone with golden-like &#8216;needles&#8217; inside and is known for its healing properties. It strenghtens willpower, and is a vitalising stone. It helps lighten your mood and purify negativities. **        Rahustab s\u00fcngeid meeleolusid, on antidepressant. Leevendab hirme, foobiaid ja \u00e4revust, lastes vabaks krampumised ja enesevihkamise. Edendab andestust. Avab aura, v\u00f5imaldades ravimist. Abiks terapeutidele ja n\u00f5ustajatele. Kaitseb ps\u00fc\u00fchilise r\u00fcnde eest.<br \/>\nKEHA: allergia, astma, s\u00fcdameprobleemid.<br \/>\nKrooniliste haiguste puhul ning viljatuse ja impotentsuse korral.<br \/>\nKurnatuse korral.<br \/>\nRavitseb hingamisteid ja bronhiiti, stimuleerib ja tasakaalustab kilpn\u00e4\u00e4ret, t\u00f5rjub parasiite.<br \/>\nStimuleerib rakkude kasvu ja uuenemist ning parandab katkisi kudesid. Soodustab ilusat kehahoidu.         Normaalse energia taastamiseks v\u00e4he- v\u00f5i liigaktiivsetes piirkondades. Ergutab n\u00e4rvis\u00fcsteemi t\u00f6\u00f6d ja k\u00f5iki aju funktsioone. *This product is nickel, lead and cadmium free; meaning therefore that such elements are not present or in the limited quantities allowed within the European product safety standards (REACH).   <\/p>\n<p><strong>see more <a href=\"https:\/\/minervashop.eu\/uudised\/naturaalsest-kivist-ehted\/\">here<\/a><\/strong><\/p>\n<\/div>\n<\/div>\n<\/div>\n<\/div>\n<\/div>\n","protected":false},"excerpt":{"rendered":"<p><strong>vaata lisaks <a href=\"https:\/\/rnojomku.sendsmaily.net\/templates\/103ba3cb-4ecc-4af3-8cbb-7da51985e907\/html\/\">siit<\/a><\/strong><\/p>\n<p>8 mm pearls <\/p>\n<p>diameter 65 mm<\/p>\n<p>alloy<\/p>\n<p>China<\/p>\n","protected":false},"featured_media":167036,"template":"","meta":[],"product_brand":[],"product_cat":[117,244,664],"product_tag":[],"class_list":{"0":"post-167037","1":"product","2":"type-product","3":"status-publish","4":"has-post-thumbnail","6":"product_cat-coming-soon-2","7":"product_cat-round-beads-bracelets","8":"product_cat-elephants","9":"product_shipping_class-xs-en-2","11":"first","12":"outofstock","13":"taxable","14":"shipping-taxable","15":"purchasable","16":"product-type-simple"},"_links":{"self":[{"href":"https:\/\/minervashop.eu\/en\/wp-json\/wp\/v2\/product\/167037","targetHints":{"allow":["GET"]}}],"collection":[{"href":"https:\/\/minervashop.eu\/en\/wp-json\/wp\/v2\/product"}],"about":[{"href":"https:\/\/minervashop.eu\/en\/wp-json\/wp\/v2\/types\/product"}],"wp:featuredmedia":[{"embeddable":true,"href":"https:\/\/minervashop.eu\/en\/wp-json\/wp\/v2\/media\/167036"}],"wp:attachment":[{"href":"https:\/\/minervashop.eu\/en\/wp-json\/wp\/v2\/media?parent=167037"}],"wp:term":[{"taxonomy":"product_brand","embeddable":true,"href":"https:\/\/minervashop.eu\/en\/wp-json\/wp\/v2\/product_brand?post=167037"},{"taxonomy":"product_cat","embeddable":true,"href":"https:\/\/minervashop.eu\/en\/wp-json\/wp\/v2\/product_cat?post=167037"},{"taxonomy":"product_tag","embeddable":true,"href":"https:\/\/minervashop.eu\/en\/wp-json\/wp\/v2\/product_tag?post=167037"}],"curies":[{"name":"wp","href":"https:\/\/api.w.org\/{rel}","templated":true}]}}