{"id":167110,"date":"2026-04-22T12:55:00","date_gmt":"2026-04-22T12:55:00","guid":{"rendered":"https:\/\/minervashop.eu\/?post_type=product&#038;p=167110"},"modified":"2026-04-22T12:55:50","modified_gmt":"2026-04-22T12:55:50","slug":"puriit-kristall-hobedase-aasaga-ripats","status":"publish","type":"product","link":"https:\/\/minervashop.eu\/en\/toode\/puriit-kristall-hobedase-aasaga-ripats\/","title":{"rendered":"P\u00fcriit kristall h\u00f5bedase aasaga ripats"},"content":{"rendered":"<h3><strong>vaata lisaks\u00a0<a href=\"https:\/\/minervashop.eu\/uudised\/naturaalsest-kivist-ehted\/\">siit<\/a><\/strong><\/h3>\n<div class=\"product-short-description\">\n<p><strong>kivide kohta leiab info\u00a0<a href=\"https:\/\/minervashop.eu\/tootekategooria\/naturaalsed-kivid\/\">siit<\/a><\/strong><\/p>\n<div id=\"row-74388153\" class=\"row\">\n<div id=\"col-1949322030\" class=\"col small-12 large-12\">\n<div class=\"col-inner\">\n<div class=\"woocommerce-tabs wc-tabs-wrapper container tabbed-content\">\n<div class=\"tab-panels\">\n<div id=\"tab-description\" class=\"woocommerce-Tabs-panel woocommerce-Tabs-panel--description panel entry-content active\" role=\"tabpanel\" aria-labelledby=\"tab-title-description\">\n<p class=\"western\" align=\"justify\"><b>P\u00dcRIIT<\/b>\u2013 (metalne l\u00e4ige) tulekivi v\u00f5i narrikuld; enese tunnustamine, toob v\u00e4lja saladused ja allasurutud m\u00e4lestused; annab eluj\u00f5udu; tugevdab tahet; muudab avatuks, otsekoheseks ja ausaks; v\u00e4hendab kindlate olukordade ja haiguste p\u00f5hjusi. Leevendab \u00e4revust, nurjumistunnet ja depressiooni. Kaitseb negatiivse energia eest. Stimuleerides aju v\u00e4hendab n\u00e4rvilisust ja v\u00e4simust. Ideaalne kivi uuteks ideedeks, projektideks ja finantsotsusteks, aidates vastu v\u00f5tta kindlaid otsuseid ja tegutseda kiiresti. Naistel aitab v\u00e4hendada ebakindlust ja hirme, meestele annab j\u00f5udu ning arendab liidri omadusi. Sobib \u00f5pilastele, kellel on raskusi \u00f5ppimisega. Aitab arendada m\u00e4lu ja meeles pidada \u00f5ppematerjali. KEHA: reguleerib seedes\u00fcsteemi \u2013 stimuleerib maksa, soolestikku, m\u00fcrkide kahjutustamist ja v\u00e4ljutamist; ergutab vereringet. Vabastab kehast m\u00fcrke, kaitstes organismi saastumise ja negatiivse energia eest. Sisaldab rauda ja v\u00e4\u00e4vlit. Raud on oluline vere koostisosa, ilma milleta ei suuda rakud hapnikku omastada. V\u00e4\u00e4vel kuulub aminohapete ja proteiinide koostisse.<\/p>\n<\/div>\n<\/div>\n<\/div>\n<\/div>\n<\/div>\n<\/div>\n<div id=\"row-360598159\" class=\"row\">\n<div id=\"col-2047154458\" class=\"col small-12 large-12\">\n<div class=\"col-inner\">\n<div class=\"related related-products-wrapper product-section\"><\/div>\n<\/div>\n<\/div>\n<\/div>\n<\/div>\n","protected":false},"excerpt":{"rendered":"<p><strong>vaata lisaks\u00a0<a href=\"https:\/\/rnojomku.sendsmaily.net\/templates\/103ba3cb-4ecc-4af3-8cbb-7da51985e907\/html\/\">siit<\/a><\/strong><\/p>\n<p>ca 2,5 cm<\/p>\n<p>Brasiiliast<\/p>\n","protected":false},"featured_media":167111,"template":"","meta":[],"product_brand":[],"product_cat":[15,265,213],"product_tag":[],"class_list":{"0":"post-167110","1":"product","2":"type-product","3":"status-publish","4":"has-post-thumbnail","6":"product_cat-varsti-saabumas","7":"product_cat-ker","8":"product_cat-naturaalse-toorkiviga-kaelaripatsid","9":"product_shipping_class-xs","11":"first","12":"outofstock","13":"taxable","14":"shipping-taxable","15":"purchasable","16":"product-type-simple"},"_links":{"self":[{"href":"https:\/\/minervashop.eu\/en\/wp-json\/wp\/v2\/product\/167110","targetHints":{"allow":["GET"]}}],"collection":[{"href":"https:\/\/minervashop.eu\/en\/wp-json\/wp\/v2\/product"}],"about":[{"href":"https:\/\/minervashop.eu\/en\/wp-json\/wp\/v2\/types\/product"}],"wp:featuredmedia":[{"embeddable":true,"href":"https:\/\/minervashop.eu\/en\/wp-json\/wp\/v2\/media\/167111"}],"wp:attachment":[{"href":"https:\/\/minervashop.eu\/en\/wp-json\/wp\/v2\/media?parent=167110"}],"wp:term":[{"taxonomy":"product_brand","embeddable":true,"href":"https:\/\/minervashop.eu\/en\/wp-json\/wp\/v2\/product_brand?post=167110"},{"taxonomy":"product_cat","embeddable":true,"href":"https:\/\/minervashop.eu\/en\/wp-json\/wp\/v2\/product_cat?post=167110"},{"taxonomy":"product_tag","embeddable":true,"href":"https:\/\/minervashop.eu\/en\/wp-json\/wp\/v2\/product_tag?post=167110"}],"curies":[{"name":"wp","href":"https:\/\/api.w.org\/{rel}","templated":true}]}}