{"id":167123,"date":"2026-04-22T13:12:18","date_gmt":"2026-04-22T13:12:18","guid":{"rendered":"https:\/\/minervashop.eu\/toode\/bracelet-golden-triangle-chips-elastic\/"},"modified":"2026-04-22T13:12:18","modified_gmt":"2026-04-22T13:12:18","slug":"bracelet-golden-triangle-chips-elastic","status":"publish","type":"product","link":"https:\/\/minervashop.eu\/en\/product\/bracelet-golden-triangle-chips-elastic\/","title":{"rendered":"Bracelet golden triangle chips elastic<br>"},"content":{"rendered":"<p>Bracelet with a combination of the three gemstones known as the Golden Triangle: Amethyst, Rock Crystal and Rose Quartz. Relaxes, purifies and revitalises your energy.<\/p>\n<p>Both the number \u2018three\u2019 and the triangle have always had a special meaning to mankind. For example, in the Christian doctrine of the Trinity; or in Buddhism in the unity of body, speech and mind. The triangle is a powerful symbol that can be seen in the Pyramids. In the mystical freemasonry, the triangle is the basic principle and the ultimate goal of all that is constructed.   <\/p>\n<p>Amethyst: Has a positive effect on your autonomic nervous system and thus supports relaxation of both body and mind. It relieves stress related symptoms like headaches and nervousness. It can even help diminish symptoms of migraine.<\/p>\n<h3><strong>see more <a href=\"https:\/\/minervashop.eu\/uudised\/naturaalsest-kivist-ehted\/\">here<\/a><\/strong><\/h3>\n<p><strong>for information on stones <a href=\"https:\/\/minervashop.eu\/en\/product category\/natural-stones\/\">click here<\/a><\/strong><\/p>\n<p>Rose quartz: Generates gentleness and love and thus supports a more peaceful and cosy atmosphere at home. Brings about a positive emotional exchange between people. With the rose quartz, you (again) learn to love yourself and others.    Rose quartz promotes gentleness and love, stimulating positive emotional interactions.* <br \/> Related to friendship, love spells, spiritual balance, getting rid of loneliness, successful court cases and learning to love yourself. If amethyst is for the spirit, pink quartz is for the heart. It gives self-love, self-approval and a sense of personal usefulness.   Suurendab igasugust armastust: enda vastu, emaarmastust, hoolimist, headust, platoonilist ja romantilist armastust. Headus: avama s\u00fcdame ja julgustama \u00f5rnusele ja rahule. \u00d5petab andestamist ja tolerantsi. Veetlus: kiirgama tingimusteta armastust ja hellust. Aitab tuua positiivset ja \u00f5rna armastust meie ellu.    VAIM: tundlikkus; suurendab empaatiat, aitab seksuaalraskuste puhul, valgustab selgelt isiklikke vajadusi ja ootusi. KEHA: harmoniseerib s\u00fcdame t\u00f6\u00f6d, tugevdab seksuaalorganeid ja viljakust. MAAGIA: P\u00e4rast traumaatilist s\u00fcndmust, nt. lahkuminekut v\u00f5i f\u00fc\u00fcsilist r\u00fcnnakut, pane tassi teed tehes sinna sisse t\u00fckike roosat kvartsi, mis aitab l\u00f5\u00f5gastuda ja halba unustada. <b>T\u00e4htkuju<\/b>: V\u00e4hk, Kaljukits, S\u00f5nn, Kaalud, Veevalaja   <\/p>\n","protected":false},"excerpt":{"rendered":"<div class=\"product-short-description\">\n<p>Elastic bracelet with &#8216;golden triangle&#8217; gemstone chips: rock crystal, rose quartz and amethyst. <\/p>\n<\/div>\n<div class=\"add-to-cart-container form-normal is-normal\">7 mm chips<\/div>\n<div>8 cm diameter<\/div>\n<div>China<\/div>\n","protected":false},"featured_media":167122,"template":"","meta":[],"product_brand":[],"product_cat":[117,565],"product_tag":[],"class_list":{"0":"post-167123","1":"product","2":"type-product","3":"status-publish","4":"has-post-thumbnail","6":"product_cat-coming-soon-2","7":"product_cat-chips-bracelets","8":"product_shipping_class-xs-en-2","10":"first","11":"outofstock","12":"taxable","13":"shipping-taxable","14":"purchasable","15":"product-type-simple"},"_links":{"self":[{"href":"https:\/\/minervashop.eu\/en\/wp-json\/wp\/v2\/product\/167123","targetHints":{"allow":["GET"]}}],"collection":[{"href":"https:\/\/minervashop.eu\/en\/wp-json\/wp\/v2\/product"}],"about":[{"href":"https:\/\/minervashop.eu\/en\/wp-json\/wp\/v2\/types\/product"}],"wp:featuredmedia":[{"embeddable":true,"href":"https:\/\/minervashop.eu\/en\/wp-json\/wp\/v2\/media\/167122"}],"wp:attachment":[{"href":"https:\/\/minervashop.eu\/en\/wp-json\/wp\/v2\/media?parent=167123"}],"wp:term":[{"taxonomy":"product_brand","embeddable":true,"href":"https:\/\/minervashop.eu\/en\/wp-json\/wp\/v2\/product_brand?post=167123"},{"taxonomy":"product_cat","embeddable":true,"href":"https:\/\/minervashop.eu\/en\/wp-json\/wp\/v2\/product_cat?post=167123"},{"taxonomy":"product_tag","embeddable":true,"href":"https:\/\/minervashop.eu\/en\/wp-json\/wp\/v2\/product_tag?post=167123"}],"curies":[{"name":"wp","href":"https:\/\/api.w.org\/{rel}","templated":true}]}}