{"id":167172,"date":"2026-04-22T13:51:44","date_gmt":"2026-04-22T13:51:44","guid":{"rendered":"https:\/\/minervashop.eu\/?post_type=product&#038;p=167172"},"modified":"2026-04-22T13:52:27","modified_gmt":"2026-04-22T13:52:27","slug":"maekristall-chevron-ametust-lootos-kummiga-kaevoru","status":"publish","type":"product","link":"https:\/\/minervashop.eu\/en\/toode\/maekristall-chevron-ametust-lootos-kummiga-kaevoru\/","title":{"rendered":"M\u00e4ekristall Chevron Amet\u00fcst lootos kummiga k\u00e4ev\u00f5ru"},"content":{"rendered":"<p align=\"JUSTIFY\"><b>M\u00c4EKRISTALL e.\u00a0KVARTS \u2013<\/b>\u00a0Kristalli l\u00e4bipaistvus ja puhtus annab kristallile peegel-kvaliteedi, millest on k\u00f5ik selgelt n\u00e4ha. Energia edasiandja nii vastv\u00f5tjana kui edasikandjana. Kaitseks v\u00e4liste negatiivsete vibratsioonide eest. Toob harmooniat ja hoolitseb hea tervise eest. KEHA: puhastab ja v\u00f5imendab elundeid. Auto k\u00fctusetorustiku k\u00fclge kinnitatuna v\u00e4hendab kvartsi tipp k\u00fctusekulu. T\u00f5stab energia k\u00f5rgeima tasandini. Suurendab ps\u00fc\u00fchilist v\u00f5imekust, aitab kontsentreeruda. K\u00f5ige v\u00f5imsam ja mitmek\u00fclgsem ravi-kivi, eriti, mis puudutab enesev\u00e4\u00e4rikust, hoolimatu ja teotava lapsep\u00f5lve haavadest paranemiseks. See kivi ei lase sul langeda enesehaletsusse sellest, mida sa muuta ei saa. V\u00f5imaldab n\u00e4ha asju selgemalt ja objektiivsemalt, et teha \u00f5igeid otsuseid ja organiseerida ideesid. Kristall, mis imab ja v\u00f5imendab energiat. M\u00e4ekristalli peetakse puhtuse s\u00fcmboliks. Suudab salvestada ja edastada energiat ning seet\u00f5ttu kasutatakse tervendamisel ja mediteerimisel. Sakilise v\u00f5i teravaotsalise tipuga kristalli kasutatakse sujuvama ja harmoonilisema energia saavutamiseks. Pannakse halbade energiav\u00f5ngetega kohtadesse, lastakse veidi aega seista ja negatiivsust endasse koguda, seej\u00e4rel v\u00f5etakse \u00e4ra ja pestakse puhtaks -see parandab paiga energiat. Seotud selguse, tugevuse, eluj\u00f5u, ps\u00fc\u00fchilise tegevuse ja vaimse stimulatsiooniga. Suure kristalli asetamine kolmandale silmale suurendab ps\u00fc\u00fchilisi v\u00f5imeid. M\u00e4ekristallist kuuliga v\u00f5ib p\u00e4ikesekiirega s\u00fc\u00fcdata p\u00fcha tuld \u2013 pange kristallkuul puulaastudele p\u00e4ikese k\u00e4tte. Kristallprisma tekitab vikerkaare. Tugevdab k\u00f5ikide teiste kivide energiat ja v\u00f5imendab sinu emotsionaalset energiat. Seda kivi v\u00f5ib nimetada vaese mehe teemandiks, kuna ta on rikas k\u00f5ige muu kui materiaalse v\u00e4\u00e4rtuse poolest. V\u00f5imendab, fokusseerib, salvestab, annab energiat. H\u00e4\u00e4lestub k\u00f5ikidele t\u0161akratele, k\u00f5ikidele m\u00e4rkidele ja k\u00f5ikidele numbritele. VAIM: selgus, neutraalsus; tugevdab isiklikku seisukohta, parandab m\u00e4lu ja tajumisv\u00f5imet; suurendab teadlikkust ja toob m\u00f5tlemisse selgust. \u00d5petab iga\u00fchte tema omal tasandil ja kiirusel. K\u00f5iki vaimseid p\u00fc\u00fcdlusi saab stimuleerida selle kivi energiaga. Aitab olla vastuv\u00f5tlik k\u00f5rgemalt tulevale juhatusele. KEHA: tugevdab energia liikumist, n\u00e4rve, aju, n\u00e4\u00e4rmeid; kergendab valu ja turset; ravitakse voolmeid, k\u00f5hulahtisust, podagrat, neerukive, vedelikupeetust. M\u00e4ekristallide loomus on kootav. Mees leotatud m\u00e4ekristallid pidavat suurendama piimaeritust. MAAGIA: V\u00f5imas kivi igasuguseks maagiaks \u2013 t\u00f5mbab ligi positiivset energiat, t\u00f5stab enesekindlust ja annab lisaenergiat, kui oled v\u00e4sinud, tunned end kehvalt v\u00f5i taastud haigusest. M\u00e4ekristall suurendab energiat ning t\u00f5mbab t\u00e4helepanu. *Peret\u00fclide korral pane eluruumi k\u00e4idavamatesse kohtadesse m\u00e4ekristall, mis muudab negatiivse energia positiivseks. *Kanna kuldketi otsas selget m\u00e4ekristalli, nii, et see puudutab ihu s\u00fcdame kohal. Kristallist saad j\u00f5udu ja energiat, kuld annab samuti energiat ja annab p\u00e4ikesejumala kaitset. * Kanna kurgut\u0161akra kohal m\u00e4ekristalli \u2013 see aitab t\u00f5sta enesekindlust.<b>\u00a0*\u00a0<\/b>lauba vastas hoituna aktiveerib kolmanda silma ning annab m\u00f5tlemiseks loovenergiat. Suurep\u00e4rane palvete ja afirmatsioonide fokusseerimiseks. Stimuleerib ps\u00fc\u00fchilist ettekujutust. V\u00f5imendab palveid, soove ja positiivseid visualisatsioone. Hoiab sind \u00fchenduses sinu vaimse poolega, meenutades sulle, et sa oled vaimne olend f\u00fc\u00fcsilises inimkehas.\u00a0<b>T\u00e4hem\u00e4rgid: Kalad, L\u00f5vi, Kaljukits, S\u00f5nn, Kaalud, J\u00e4\u00e4r, Kaksikud.<\/b><\/p>\n<div class=\"term-description\">\n<div class=\"product-short-description\">\n<p align=\"justify\"><strong>Lootos \u2013 iidne puhtuse ja jumaliku armastuse s\u00fcmbol. Hindud ja budistid peavad lootost puhtuse m\u00e4rgiks, sest selle kaunis \u00f5is t\u00e4rkab mudas kasvavast taimest. Ebav\u00f5rdsuse \u00fcletamise ja raskete aegadega toimetuleku, aga ka vaimu, hinge ja iseenda taass\u00fcnni s\u00fcmbol. Lootose\u00f5it peetakse inimese tarkuse ja vaimse virgumise kujutuseks. Tuhande kroonlehega lootos s\u00fcmboliseerib spirituaalset virgumist. Avanemisootel lootosepung s\u00fcmboliseerib s\u00fcnnieelset hinge, mis v\u00f5ib puhkeda ja ennast jumalikule t\u00f5ele avada. Punane lootos on armastuse ja siiruse s\u00fcmbol. Sinine lootos s\u00fcmboliseerib p\u00fcha v\u00f5imu. Selle taime v\u00e4rskemaid osasid lisatakse armujoogile, omades narkootilist toimet. 8 kroonlehte t\u00e4hendavad ilmakaari. Joogas kasutatava t\u0161akras\u00fcsteemi s\u00fcmbol. Iga kroonleht on seotud t\u0161akra e. energiakeskusega, mis l\u00e4bivad n\u00e4htamatu spiraalina keha. Kaheksas kroonleht t\u00e4hendab kroont\u0161akra \u00fchinemist jumalikuga, mis on saavutatav ainult neile, kes on j\u00f5udnud virgumise \u00fclimale astmele. Nii, nagu lootose\u00f5is avaneb, areneb ka hing ja virgub spirituaalses v\u00f5i transtsendentses maailmas. Lootos on universaalne puhtuse ja valgustatuse s\u00fcmbol. Seda peetakse paljude feng shui meistrite poolt hea \u00f5nne lilleks, mis muudab halva \u00f5nne heaks ning t\u00f5stab r\u00f5\u00f5mu ja rahu tunnet. Lootosel on alati olnud seksuaalset laadi kaast\u00e4hendusi. Selle 2 sanskriti keelset nimetust \u2013 padma ja kamala \u2013 kasutatakse ka vagiina kirjeldamiseks. Lootose\u00f5is on ka Hiina vagiina s\u00fcmbol. Vanad egiptlased uskusid, et jumalanna Isis s\u00fcndis lootose\u00f5iest, mist\u00f5ttu seostasid nad lootost viljakuse ja seksuaalse v\u00f5imekusega. Hindud usuvad, et loomisjumal Brahma s\u00fcndis universumi nabas asuvast kuldsest lootose\u00f5iest. \u00dcks Buddha legend pajatab, et k\u00f5ikjal j\u00e4id temast jalaj\u00e4lgede asemele lootosed.<\/strong><\/p>\n<\/div>\n<\/div>\n","protected":false},"excerpt":{"rendered":"<h3><strong>vaata lisaks\u00a0<a href=\"https:\/\/minervashop.eu\/uudised\/naturaalsest-kivist-ehted\/\">siit<\/a><\/strong><\/h3>\n<p><strong>kivide kohta leiab info\u00a0<a href=\"https:\/\/minervashop.eu\/tootekategooria\/naturaalsed-kivid\/\">siit<\/a><\/strong><\/p>\n","protected":false},"featured_media":167173,"template":"","meta":[],"product_brand":[],"product_cat":[15,264,242,741],"product_tag":[],"class_list":{"0":"post-167172","1":"product","2":"type-product","3":"status-publish","4":"has-post-thumbnail","6":"product_cat-varsti-saabumas","7":"product_cat-domnu","8":"product_cat-umar-parlitega-kaevorud","9":"product_cat-lootos","10":"product_shipping_class-xs","12":"first","13":"outofstock","14":"taxable","15":"shipping-taxable","16":"purchasable","17":"product-type-simple"},"_links":{"self":[{"href":"https:\/\/minervashop.eu\/en\/wp-json\/wp\/v2\/product\/167172","targetHints":{"allow":["GET"]}}],"collection":[{"href":"https:\/\/minervashop.eu\/en\/wp-json\/wp\/v2\/product"}],"about":[{"href":"https:\/\/minervashop.eu\/en\/wp-json\/wp\/v2\/types\/product"}],"wp:featuredmedia":[{"embeddable":true,"href":"https:\/\/minervashop.eu\/en\/wp-json\/wp\/v2\/media\/167173"}],"wp:attachment":[{"href":"https:\/\/minervashop.eu\/en\/wp-json\/wp\/v2\/media?parent=167172"}],"wp:term":[{"taxonomy":"product_brand","embeddable":true,"href":"https:\/\/minervashop.eu\/en\/wp-json\/wp\/v2\/product_brand?post=167172"},{"taxonomy":"product_cat","embeddable":true,"href":"https:\/\/minervashop.eu\/en\/wp-json\/wp\/v2\/product_cat?post=167172"},{"taxonomy":"product_tag","embeddable":true,"href":"https:\/\/minervashop.eu\/en\/wp-json\/wp\/v2\/product_tag?post=167172"}],"curies":[{"name":"wp","href":"https:\/\/api.w.org\/{rel}","templated":true}]}}