{"id":167215,"date":"2026-04-22T14:48:02","date_gmt":"2026-04-22T14:48:02","guid":{"rendered":"https:\/\/minervashop.eu\/?post_type=product&#038;p=167215"},"modified":"2026-04-22T14:48:50","modified_gmt":"2026-04-22T14:48:50","slug":"fluoriit-roheline-trummelkivi-tk","status":"publish","type":"product","link":"https:\/\/minervashop.eu\/en\/toode\/fluoriit-roheline-trummelkivi-tk\/","title":{"rendered":"Fluoriit roheline trummelkivi tk."},"content":{"rendered":"<p><b>FLUORIIT<\/b>\u00a0(roheline)- soodustab loovust ja hajutab blokeeringud; tugevdab emotsioone ja meeleolu muutes need iseenesestm\u00f5istetavaks; aitab \u00fcle saada kitsarinnalisusest; toob ideesid ja kiiret intellektuaalset taipu. KEHA: soodustab m\u00fcrkide eemaldamist, aitab artriidi, reuma, seennakkuse ja podagra puhul; tasakaalustab hormoone, aitab p\u00e4rast s\u00fcnnitust ning puberteedi ja menopausi ajal. (lilla)- vabastamine, vaba tahe; emotsionaalne stabiilsus ja sisemine rahu; aitab \u00f5ppimis- ja kontsentreerumisraskuste puhul, tugevdab m\u00e4lu; t\u00e4histab muudatusi teie elus. Fluoriit sobib energia maandamiseks ja vastuv\u00f5tlikkuse suurendamiseks teiste kivide m\u00f5ju suhtes. KEHA: aitab valedest s\u00f6\u00f6misharjumustest p\u00f5hjustatud \u00fclekaalu ning kasvajate ja m\u00e4daste haavade puhul.<\/p>\n<h4><strong>vaata lisaks\u00a0<a href=\"https:\/\/minervashop.eu\/uudised\/naturaalsete-kivide-vagi\/\">siit<\/a><\/strong><\/h4>\n","protected":false},"excerpt":{"rendered":"<p>India<\/p>\n","protected":false},"featured_media":167216,"template":"","meta":[],"product_brand":[],"product_cat":[15,262,210],"product_tag":[],"class_list":{"0":"post-167215","1":"product","2":"type-product","3":"status-publish","4":"has-post-thumbnail","6":"product_cat-varsti-saabumas","7":"product_cat-artha","8":"product_cat-trummelkivid","9":"product_shipping_class-xs","11":"first","12":"outofstock","13":"taxable","14":"shipping-taxable","15":"product-type-simple"},"_links":{"self":[{"href":"https:\/\/minervashop.eu\/en\/wp-json\/wp\/v2\/product\/167215","targetHints":{"allow":["GET"]}}],"collection":[{"href":"https:\/\/minervashop.eu\/en\/wp-json\/wp\/v2\/product"}],"about":[{"href":"https:\/\/minervashop.eu\/en\/wp-json\/wp\/v2\/types\/product"}],"wp:featuredmedia":[{"embeddable":true,"href":"https:\/\/minervashop.eu\/en\/wp-json\/wp\/v2\/media\/167216"}],"wp:attachment":[{"href":"https:\/\/minervashop.eu\/en\/wp-json\/wp\/v2\/media?parent=167215"}],"wp:term":[{"taxonomy":"product_brand","embeddable":true,"href":"https:\/\/minervashop.eu\/en\/wp-json\/wp\/v2\/product_brand?post=167215"},{"taxonomy":"product_cat","embeddable":true,"href":"https:\/\/minervashop.eu\/en\/wp-json\/wp\/v2\/product_cat?post=167215"},{"taxonomy":"product_tag","embeddable":true,"href":"https:\/\/minervashop.eu\/en\/wp-json\/wp\/v2\/product_tag?post=167215"}],"curies":[{"name":"wp","href":"https:\/\/api.w.org\/{rel}","templated":true}]}}