{"id":167484,"date":"2026-04-22T11:58:58","date_gmt":"2026-04-22T11:58:58","guid":{"rendered":"https:\/\/minervashop.eu\/toode\/incense-yoga-10-pieces\/"},"modified":"2026-04-22T11:58:58","modified_gmt":"2026-04-22T11:58:58","slug":"incense-yoga-10-pieces","status":"publish","type":"product","link":"https:\/\/minervashop.eu\/en\/product\/incense-yoga-10-pieces\/","title":{"rendered":"Incense Yoga 10 pieces."},"content":{"rendered":"<p>Valmistatud puhastest koostisainetest ja \u00f5rna aroomiga. Need viirukid on v\u00e4ga hinnatud, kuna neid p\u00f5letades tunned rahu ja siirust. Need on ausa kaubanduse toodang. Valminud paljude perekondade koost\u00f6\u00f6s L\u00f5una-Indias.   <\/p>\n<p>K\u00e4sitsi valmistatud Premium klassi viirukid.<\/p>\n<p>koostis: 100% naturaalsed koostisained ja \u00f5lid<br \/>\n10 pirdu pakis, p\u00f5leb 20 minutit<\/p>\n<p><strong>see more <a href=\"https:\/\/rnojomku.sendsmaily.net\/templates\/acafb176-ee1f-4e4a-bba3-5c57e9a8e0e3\/html\/\">here<\/a><\/strong><\/p>\n<p><strong>see more <a href=\"https:\/\/rnojomku.sendsmaily.net\/templates\/e43d81c4-860d-465d-a1b8-275b1e4bd0cc\/html\/\">here<\/a><\/strong><\/p>\n","protected":false},"excerpt":{"rendered":"<p><strong>vaata lisaks <a href=\"https:\/\/rnojomku.sendsmaily.net\/templates\/103ba3cb-4ecc-4af3-8cbb-7da51985e907\/html\/\">siit<\/a><\/strong><\/p>\n<p>Viirukid, mis sobivad jooga praktiseerijatele ja mediteerijatele ja neile, kes ei lepi v\u00e4hemaga kui India viirukid.<\/p>\n","protected":false},"featured_media":151654,"template":"","meta":[],"product_brand":[],"product_cat":[759,100],"product_tag":[],"class_list":{"0":"post-167484","1":"product","2":"type-product","3":"status-publish","4":"has-post-thumbnail","6":"product_cat-new-en","7":"product_cat-incense-sticks","8":"product_shipping_class-xs-en-2","10":"first","11":"instock","12":"taxable","13":"shipping-taxable","14":"purchasable","15":"product-type-variable"},"_links":{"self":[{"href":"https:\/\/minervashop.eu\/en\/wp-json\/wp\/v2\/product\/167484","targetHints":{"allow":["GET"]}}],"collection":[{"href":"https:\/\/minervashop.eu\/en\/wp-json\/wp\/v2\/product"}],"about":[{"href":"https:\/\/minervashop.eu\/en\/wp-json\/wp\/v2\/types\/product"}],"wp:featuredmedia":[{"embeddable":true,"href":"https:\/\/minervashop.eu\/en\/wp-json\/wp\/v2\/media\/151654"}],"wp:attachment":[{"href":"https:\/\/minervashop.eu\/en\/wp-json\/wp\/v2\/media?parent=167484"}],"wp:term":[{"taxonomy":"product_brand","embeddable":true,"href":"https:\/\/minervashop.eu\/en\/wp-json\/wp\/v2\/product_brand?post=167484"},{"taxonomy":"product_cat","embeddable":true,"href":"https:\/\/minervashop.eu\/en\/wp-json\/wp\/v2\/product_cat?post=167484"},{"taxonomy":"product_tag","embeddable":true,"href":"https:\/\/minervashop.eu\/en\/wp-json\/wp\/v2\/product_tag?post=167484"}],"curies":[{"name":"wp","href":"https:\/\/api.w.org\/{rel}","templated":true}]}}