{"id":167900,"date":"2026-05-11T09:07:40","date_gmt":"2026-05-11T09:07:40","guid":{"rendered":"https:\/\/minervashop.eu\/toode\/sakral-tsakra-aroomikuunal\/"},"modified":"2026-05-11T09:07:40","modified_gmt":"2026-05-11T09:07:40","slug":"sakral-tsakra-aroomikuunal","status":"publish","type":"product","link":"https:\/\/minervashop.eu\/en\/product\/sakral-tsakra-aroomikuunal\/","title":{"rendered":"Sakral t\u0161akra aroomik\u00fc\u00fcnal"},"content":{"rendered":"<p>Chakra Crystal Candle &#8211; Sacred Chakra<\/p>\n<p><strong>After burning this candle, the jar can be repurposed and you can clean and keep the rock crystals.<\/strong><\/p>\n<p>Experience the power of healing with this Chakra Crystal Candle. <\/p>\n<p>Made with real gemstone rocks, all natural soy wax, specially blended perfume and magical wood wicks.<strong>  <\/strong><\/p>\n<p>Embrace the quote on the box that proclaims, &#8220;The future belongs to those who dare to dream.&#8221; Light this candle to unleash your creativity, awaken your sensuality, and manifest your dreams.<\/p>\n<p><strong>Moroccan Roll<\/strong><\/p>\n<p>FRAGRANCE: Moroccan Roll<br \/>Top Notes: Neroli, Lemon<br \/>Heart Notes: Rose, Cypress, Jasmine<br \/>Base Notes: Patchouli, Oud, Cedarwood<\/p>\n<p><strong>s\u00fcdamenoodid: <\/strong>roos, k\u00fcpress, jasmiin<\/p>\n<p><strong>The fragrance of &#8220;Invoking Dreams&#8221; surrounds you, inspiring your innermost desires.<\/strong><\/p>\n","protected":false},"excerpt":{"rendered":"<div id=\"row-1823905836\" class=\"row\">\n<div id=\"col-151430643\" class=\"col small-12 large-12\">\n<div class=\"col-inner\">\n<div class=\"woocommerce-tabs wc-tabs-wrapper container tabbed-content\">\n<div class=\"tab-panels\">\n<div id=\"tab-description\" class=\"woocommerce-Tabs-panel woocommerce-Tabs-panel--description panel entry-content active\" role=\"tabpanel\" aria-labelledby=\"tab-title-description\">\n<p><em>Burning time: 17 hours<br \/><\/em><\/p>\n<\/div>\n<\/div>\n<\/div>\n<\/div>\n<\/div>\n<\/div>\n<div id=\"row-1321952750\" class=\"row\">\n<div id=\"col-631195433\" class=\"col small-12 large-12\">\n<div class=\"col-inner\">\n<div class=\"related related-products-wrapper product-section\">\n<p>8,5\u00d75 (cm)<\/p>\n<p>360g<\/p>\n<p>China<\/p>\n<p>Made with real gemstone rocks, all natural soy wax, specially blended perfume and magical wood wicks. <br \/>Crafted with the grounding energy of Red Jasper and the protective power of Black Agate, this candle embodies the essence of the Root Chakra. <br \/>The soothing fragrance of Black Oud adds an earthy dimension to your meditation and healing practices.<\/p>\n<p>Embrace the quote on the box that proclaims, &#8220;The future belongs to those who dare to dream.&#8221; Light this candle to unleash your creativity, awaken your sensuality, and manifest your dreams. <\/p>\n<\/div>\n<\/div>\n<\/div>\n<\/div>\n","protected":false},"featured_media":167890,"template":"","meta":[],"product_brand":[],"product_cat":[117,426],"product_tag":[],"class_list":{"0":"post-167900","1":"product","2":"type-product","3":"status-publish","4":"has-post-thumbnail","6":"product_cat-coming-soon-2","7":"product_cat-aroma-candles","8":"product_shipping_class-s-en","10":"first","11":"outofstock","12":"taxable","13":"shipping-taxable","14":"product-type-simple"},"_links":{"self":[{"href":"https:\/\/minervashop.eu\/en\/wp-json\/wp\/v2\/product\/167900","targetHints":{"allow":["GET"]}}],"collection":[{"href":"https:\/\/minervashop.eu\/en\/wp-json\/wp\/v2\/product"}],"about":[{"href":"https:\/\/minervashop.eu\/en\/wp-json\/wp\/v2\/types\/product"}],"wp:featuredmedia":[{"embeddable":true,"href":"https:\/\/minervashop.eu\/en\/wp-json\/wp\/v2\/media\/167890"}],"wp:attachment":[{"href":"https:\/\/minervashop.eu\/en\/wp-json\/wp\/v2\/media?parent=167900"}],"wp:term":[{"taxonomy":"product_brand","embeddable":true,"href":"https:\/\/minervashop.eu\/en\/wp-json\/wp\/v2\/product_brand?post=167900"},{"taxonomy":"product_cat","embeddable":true,"href":"https:\/\/minervashop.eu\/en\/wp-json\/wp\/v2\/product_cat?post=167900"},{"taxonomy":"product_tag","embeddable":true,"href":"https:\/\/minervashop.eu\/en\/wp-json\/wp\/v2\/product_tag?post=167900"}],"curies":[{"name":"wp","href":"https:\/\/api.w.org\/{rel}","templated":true}]}}