{"id":168144,"date":"2026-05-12T08:10:36","date_gmt":"2026-05-12T08:10:36","guid":{"rendered":"https:\/\/minervashop.eu\/toode\/gemstone-amethyst-gold-silver-plated-pendant\/"},"modified":"2026-05-12T08:24:27","modified_gmt":"2026-05-12T08:24:27","slug":"gemstone-amethyst-gold-silver-plated-pendant","status":"publish","type":"product","link":"https:\/\/minervashop.eu\/en\/product\/gemstone-amethyst-gold-silver-plated-pendant\/","title":{"rendered":"Natural rough stone metal cap pendant"},"content":{"rendered":"<p>Care instructions<br \/>Avoid contact with water, perfume and cleaning agents to preserve colour and finish<br \/>Clean gently with a soft dry cloth<\/p>\n<h3><strong>see more <a href=\"https:\/\/minervashop.eu\/uudised\/naturaalsest-kivist-ehted\/\">here<\/a><\/strong><\/h3>\n<p><strong>for information on stones <a href=\"https:\/\/minervashop.eu\/en\/product category\/natural-stones\/\">click here<\/a><\/strong><\/p>\n<p class=\"western\" align=\"justify\">Rose Quartz is a calming and reassuring crystal, excellent for use in trauma or crisis. The soft pink emanations of Rose Quartz comforts and heals any wounds the heart has suffered, penetrating the inner chambers of the Heart Chakra where emotional experiences are recorded and stored. It dissolves the sorrows, worries, fears, and resentments suppressing the heart&#8217;s ability to give and receive love, and replaces it with healing, comfort and inner nourishment. According to crystal healing rose quartz increases sensitivity, empathy and helpfulness.It helps more clearly perceive one&#8217;s own needs and those of other people and to support their fulfillment. Rose quartz stands for heart power, romantic and love ability. The rose quartz is connected with emotions and love. This is a stone of warmth and love, as it heals emotional wounds and pain with it&#8217;s gentle calming salve. Opens the heart to the beauty within and all around us, and will begin its healing by reducing resentments. As Amethyst is to the Spirit, so Rose Quartz is to the Heart. It gives Self-Acceptance, Self Love, and Personal Worth Enhances all forms of love: self love, mother love, caring, kindness, platonic and romantic love. Kindness: Opens our hearts and encourages us to be tender, peaceful and gentle. Teaches forgiveness and tolerance. Attracts: Emanates unconditional love and nurturance and helps us attract positive, gentle, non-judgemental love into our lives. Star signs: Cancer, Capricorn, Taurus, Libra, Aquarius          The soft, pastel pink tones of the Rose Quartz are complemented by gold and silver plating, giving each pendant a balanced, luxurious feel. Retailers can create a stunning line of jewellery by pairing these pendants with complementary pieces, or they can sell them individually, offering customers the flexibility to design their own jewellery. Suurendab empaatiat, aitab leppida muutustega. It soothes heartache, rescues from the sadness, fear and evil that stand in the way of receiving love. Suitable for anyone who has not yet adjusted to life but has experienced love. Also for those who have not had enough affection and care in childhood. If we can love ourselves, we can love those around us. Healing emotional wounds and pain, starting with the reduction of bitterness.     Rose quartz promotes gentleness and love, stimulating positive emotional interactions.* <br \/> Related to friendship, love spells, spiritual balance, getting rid of loneliness, successful court cases and learning to love yourself. If amethyst is for the spirit, pink quartz is for the heart. It gives self-love, self-approval and a sense of personal usefulness.   Suurendab igasugust armastust: enda vastu, emaarmastust, hoolimist, headust, platoonilist ja romantilist armastust. Headus: avama s\u00fcdame ja julgustama \u00f5rnusele ja rahule. \u00d5petab andestamist ja tolerantsi. Veetlus: kiirgama tingimusteta armastust ja hellust. Aitab tuua positiivset ja \u00f5rna armastust meie ellu.    MAAGIA: Kui surnud s\u00f5ber v\u00f5i sugulane ei lase teil rahulikult elada, kandke kaelas roosat kvartsi. See aitab teil vabaneda s\u00fc\u00fctundest. For the timid and shy, the reality-cutting effects of obsidian are softened by aventurine, rose quartz and chrysocolla. See aitab teil vabaneda s\u00fc\u00fctundest. For use in massage therapy or decoration. VOICE: sensitivity; helps with sexual difficulties, sheds clear light on personal needs and expectations. BODY: harmonizes the heart, strengthens the sexual organs and fertility. MAAGIA: In the event of family disputes, place pink quartz in the most frequented areas of the living space to transform negative energy into positive energy. After a traumatic event, such as a break-up or physical assault, place a piece of rose quartz in a cup of tea to help relax and forget the bad. <b>Asterisk<\/b>: <b>Cancer, Capricorn, Taurus, Libra, Aquarius.<\/b>    <\/p>\n<p align=\"justify\"> Gemstone: Amethyst \u2013 spiritual awareness, tranquillity, focus     Amethyst is a purple-coloured quartz crystal. Purple shades vary from light lavender to deep violet. Amethyst crystals have a spiritual quality to them and can be used to help individuals tap into higher levels of consciousness. It can serve as a bridge between physical and ethereal frequencies, creating an opening for enlightenment. A delicate gemstone necklace combining polished 3 mm natural stone beads with a gold-toned sun pendant, representing strength, vitality, and creative energy. Adjustable with a \u00b15 cm extension chain, the necklace offers flexibility and universal fit Amethyst has a spiritual quality that can be used to help tap into higher levels of consciousness. It can serve as a bridge between the physical and ethereal realms. Amethyst has a spiritual quality that can be used to help tap into higher levels of consciousness. It can serve as a bridge between the physical and ethereal realms. Amethyst is a purple-coloured quartz crystal. Purple shades vary from light lavender to deep violet. Amethyst crystals have a spiritual quality to them and can be used to help individuals tap into higher levels of consciousness. It can serve as a bridge between physical and ethereal frequencies, creating an opening for enlightenment. The characteristics of all mineral stones on our website are not scientifically proven; they are based on experiences of users and gemstone therapists. Any healing properties outlined are in no way meant to replace diagnosis or treatment by a qualified therapist or physician. If in doubt about your health, consult a physician.  Amethyst is a purple-coloured quartz crystal. Colours range from light lavender to deep violet. Amethyst crystals possess spiritual properties and can be used to support raising the level of consciousness. They form a bridge between earthly and etheric worlds, opening up to spiritual consciousness.** Please Note: Amethyst is a natural product, so the colour of the beads may vary from light to dark purple. <\/p>\n","protected":false},"excerpt":{"rendered":"<p>Please note, the colours and sizes of the pendants may vary.<\/p>\n<p>2 x 4 cm<\/p>\n<p>India<\/p>\n<p align=\"JUSTIFY\"><strong><br \/>The <a href=\"https:\/\/minervashop.eu\/uudised\/naturaalsest-kivist-ehted\/\">Gemstone <\/a>Lucky Elephant Pendants are always favored for bringing strength, power, and good luck.<\/strong><\/p>\n<p>Measuring 20x15mm, these pendants come in 12 assorted gemstones: amethyst for peace, rose quartz for love, aventurine for luck, sodalite for logic, tiger eye for protection, and rock quartz to enhance clarity. Great for making bold or statement jewelry pieces with this skull-shaped pendant. <a href=\"https:\/\/minervashop.eu\/tootekategooria\/naturaalsed-kivid\/\" data-cke-saved-href=\"\/epood\/Trummelkivid\/\">from here<\/a>.<\/p>\n<p>Please note, the colours and sizes of the pendants may vary.<br \/> The rich purple hue of the Amethyst makes these pendants perfect for adding colour and charm to any jewellery collection. Retailers can either create their own line of jewellery by incorporating these pendants into necklaces, bracelets, or earrings, or they can sell them individually, ideal for customers who want to add their personal touch to their jewellery creations.<\/p>\n","protected":false},"featured_media":168146,"template":"","meta":[],"product_brand":[],"product_cat":[117,277,358,406],"product_tag":[],"class_list":{"0":"post-168144","1":"product","2":"type-product","3":"status-publish","4":"has-post-thumbnail","6":"product_cat-coming-soon-2","7":"product_cat-danu-en","8":"product_cat-rhiannon-en","9":"product_cat-natural-rough-stone-pendants","10":"product_shipping_class-xs-en-2","12":"first","13":"outofstock","14":"taxable","15":"shipping-taxable","16":"purchasable","17":"product-type-variable"},"_links":{"self":[{"href":"https:\/\/minervashop.eu\/en\/wp-json\/wp\/v2\/product\/168144","targetHints":{"allow":["GET"]}}],"collection":[{"href":"https:\/\/minervashop.eu\/en\/wp-json\/wp\/v2\/product"}],"about":[{"href":"https:\/\/minervashop.eu\/en\/wp-json\/wp\/v2\/types\/product"}],"wp:featuredmedia":[{"embeddable":true,"href":"https:\/\/minervashop.eu\/en\/wp-json\/wp\/v2\/media\/168146"}],"wp:attachment":[{"href":"https:\/\/minervashop.eu\/en\/wp-json\/wp\/v2\/media?parent=168144"}],"wp:term":[{"taxonomy":"product_brand","embeddable":true,"href":"https:\/\/minervashop.eu\/en\/wp-json\/wp\/v2\/product_brand?post=168144"},{"taxonomy":"product_cat","embeddable":true,"href":"https:\/\/minervashop.eu\/en\/wp-json\/wp\/v2\/product_cat?post=168144"},{"taxonomy":"product_tag","embeddable":true,"href":"https:\/\/minervashop.eu\/en\/wp-json\/wp\/v2\/product_tag?post=168144"}],"curies":[{"name":"wp","href":"https:\/\/api.w.org\/{rel}","templated":true}]}}