{"id":168467,"date":"2026-05-14T08:19:48","date_gmt":"2026-05-14T08:19:48","guid":{"rendered":"https:\/\/minervashop.eu\/?post_type=product&#038;p=168467"},"modified":"2026-05-14T08:20:50","modified_gmt":"2026-05-14T08:20:50","slug":"beezide-helmestega-kuldsed-rippuvad-korvarongad","status":"publish","type":"product","link":"https:\/\/minervashop.eu\/en\/toode\/beezide-helmestega-kuldsed-rippuvad-korvarongad\/","title":{"rendered":"Bee\u017eide helmestega kuldsed rippuvad k\u00f5rvar\u00f5ngad"},"content":{"rendered":"","protected":false},"excerpt":{"rendered":"<p>akr\u00fc\u00fcl ja klaas helmed<\/p>\n<p>metall detailid, roostevaba teras konks<\/p>\n<p>ca 2,5-5,5 cm<\/p>\n","protected":false},"featured_media":168470,"template":"","meta":[],"product_brand":[],"product_cat":[758,262,265,263,314,63,750,727],"product_tag":[],"class_list":{"0":"post-168467","1":"product","2":"type-product","3":"status-publish","4":"has-post-thumbnail","6":"product_cat-uued-tooted","7":"product_cat-artha","8":"product_cat-ker","9":"product_cat-rhiannon","10":"product_cat-kuldsed-korvarongad","11":"product_cat-kallimale","12":"product_cat-karud","13":"product_cat-sudamed","14":"product_shipping_class-xs","16":"first","17":"instock","18":"taxable","19":"shipping-taxable","20":"purchasable","21":"product-type-variable"},"_links":{"self":[{"href":"https:\/\/minervashop.eu\/en\/wp-json\/wp\/v2\/product\/168467","targetHints":{"allow":["GET"]}}],"collection":[{"href":"https:\/\/minervashop.eu\/en\/wp-json\/wp\/v2\/product"}],"about":[{"href":"https:\/\/minervashop.eu\/en\/wp-json\/wp\/v2\/types\/product"}],"wp:featuredmedia":[{"embeddable":true,"href":"https:\/\/minervashop.eu\/en\/wp-json\/wp\/v2\/media\/168470"}],"wp:attachment":[{"href":"https:\/\/minervashop.eu\/en\/wp-json\/wp\/v2\/media?parent=168467"}],"wp:term":[{"taxonomy":"product_brand","embeddable":true,"href":"https:\/\/minervashop.eu\/en\/wp-json\/wp\/v2\/product_brand?post=168467"},{"taxonomy":"product_cat","embeddable":true,"href":"https:\/\/minervashop.eu\/en\/wp-json\/wp\/v2\/product_cat?post=168467"},{"taxonomy":"product_tag","embeddable":true,"href":"https:\/\/minervashop.eu\/en\/wp-json\/wp\/v2\/product_tag?post=168467"}],"curies":[{"name":"wp","href":"https:\/\/api.w.org\/{rel}","templated":true}]}}