{"id":20618,"date":"2021-11-16T13:00:38","date_gmt":"2021-11-16T13:00:38","guid":{"rendered":"https:\/\/minervashop.eu\/toode\/agua-de-yodeyma-eau-de-parfum-100ml\/"},"modified":"2025-06-28T09:57:23","modified_gmt":"2025-06-28T09:57:23","slug":"agua-de-yodeyma-eau-de-parfum-100ml","status":"publish","type":"product","link":"https:\/\/minervashop.eu\/en\/toode\/agua-de-yodeyma-eau-de-parfum-100ml\/","title":{"rendered":"Agua de Yodeyma Eau de Parfum 100ml"},"content":{"rendered":"<div>\n<p>Algnoodid on need, mis avalduvad esimesena parf\u00fc\u00fcmis.<br \/>\nS\u00fcdamenoodid annavad parf\u00fc\u00fcmile hinge.<br \/>\nP\u00f5hinoodid on need, mis annavad parf\u00fc\u00fcmile s\u00fcgavuse.<\/p>\n<div class=\"notas-img clearfix\">\n<div class=\"nota\">\n<p>Algnoodid<\/p>\n<p><b>Bergamot<\/b><\/p>\n<\/div>\n<div class=\"nota\">\n<p>S\u00fcdamenoodid<\/p>\n<p><b>Jasmiin<\/b><\/p>\n<\/div>\n<div class=\"nota\">\n<p>P\u00f5hinoodid<\/p>\n<p><b>tammesammal<\/b><\/p>\n<p align=\"justify\"><a name=\"product-attribute-specs-table\"><\/a> <span style=\"font-size: medium;\"><b>BERGAMOT <\/b><i>(CITRUS BERGAMIA)- <\/i>Rikkalik magus iseloomuliku kerge v\u00e4rskendava alatooniga puuviljal\u00f5hn. Kerge l\u00f5hnaga, tuju t\u00f5stev \u00f5li on hea ruumide puhastamiseks, eriti koos lavendli ja sidruni ning kergelt piparm\u00fcndi koosluses. Muudab ruumi \u00f5hu meeldivalt v\u00e4rskeks ja elustavaks. Tema rahustava lille-tsitruse l\u00f5hna t\u00f5ttu on kasutatud pikka aega l\u00f5hnastamiseks. See annab ka Earl Grey teele erilise l\u00f5hna. Nimetuse on saanud Itaalia linna Bergamo j\u00e4rgi, kus on selle taime originaalne p\u00e4ritolu ja kust seda esmalt destillleeriti 18.sajandi alguses. Bergamotti on kasutatud traditsioonilises Itaalia rahvameditsiinis palaviku alandajana (ka malaaria korral) ja sooleparasiitidest vabanemiseks. Kergendab naha, peanaha, suu, kuseteede ja hingamisteede p\u00f5letikke. Hea raskesti paranevate haavade korral, akne, atleedi jalgade ja k\u00fc\u00fcneseene puhul. M\u00e4rjale ekseemile ja psoriaasile toimib kerge astringeeriva toime t\u00f5ttu, soodustades tervenemist. P\u00f5hiliselt toimib n\u00e4rvis\u00fcsteemile, l\u00f5\u00f5gastades s\u00fcgavuti ja v\u00e4rskendades, mist\u00f5ttu on hea unetusele ja pingepeavalu leevendamiseks. Ka valutavatele ja pinges lihastele, h\u00fcperaktiivsuse korral ja \u00e4revusest tingitud v\u00e4rinate korral. Hea stressis inimestele. V\u00e4hendab hirmu ja viha ning on suurep\u00e4rane vahend leina ajal. Hea isiksusele, kes on perfektsionist, alati kriitilise loomuga ja vahel seet\u00f5ttu h\u00e4das naha, seedimise ja n\u00e4rvis\u00fcsteemiga. Naistele PMS-i korral meeleolu korratuse leevendamiseks. Tal on v\u00e4rskendav, tasakaalustav, l\u00f5\u00f5gastav, tujusid tasakaalustav ja meeleolu k\u00f5rgendav omadus. M\u00f5ne tilga r\u00e4tiku pealt v\u00f5i otse pudelist sisse hingamine aitab kergendada depressiooni, rahutust ja frustratsiooni stressi tekitavas olukorras. See \u00f5li on v\u00e4\u00e4rtuslik depressiooni ja erutusseisundi korral ning omab tugevat meeleolu parandavat omadust. Aitab l\u00f5\u00f5gastuda ja pingeid leevendada, toob positiivsust. Aitab vabaneda madala enesehinnangu tundest ja enese s\u00fc\u00fcditundmisest ning v\u00e4\u00e4rtusetusetundest. V\u00f5imas antidepressant, aidates taastada enesekindluse, samas soodustades tingimatut enese armastamist. Sobib segada: ylang-ylang, viiruk, lavendel, patshuli, piparm\u00fcnt, geraanium, sidrun, kadakas. V\u00e4rskendav bergamoti\u00f5li on suurep\u00e4rane vahend kurvameelsuse vastu. Kosmeetikas kasutatakse nahahoolduses. Tagab naha pehmuse ja v\u00e4rskuse ning \u00fchtlustab selle v\u00e4rvi. Efektiivne abivahend akne ja veenilaiendite puhul. Ei ole soovitav kasutada (12-72 h) enne p\u00e4evitamist (v\u00f5imendavad UV-kiirgust). Samuti kasutatakse kriimustuste m\u00e4\u00e4rimiseks. Antiseptilise, palavikku alandava ja p\u00f5letikuvastase toimega. Aitab \u00fcletada ps\u00fchholoogilisi komplekse ja hirmu ning \u00fcle saada esinemispalavikust. Abiks suitsetamisest loobujatele! <\/span><\/p>\n<\/div>\n<\/div>\n<\/div>\n","protected":false},"excerpt":{"rendered":"<p>Selle parf\u00fc\u00fcmi \u00fcllad haistmisnoodid \u00e4ratavad v\u00e4rskust ja k\u00f6idavad t\u00e4helepanu.Tema looduslikkus ja visadus teeb temast<br \/>\nklassiku, mis kandub \u00fchelt p\u00f5lvkonnalt teisele.<\/p>\n<div>\n<p>Chypre &#8211; V\u00e4rske<br \/>\nAgua de Yodeyma on toniseeriv ja naturaalne parf\u00fc\u00fcm klassikalisele ja elegantsele naisele.<\/p>\n<div class=\"product-short-description\">\n<div>\n<h4><strong>vaata ka\u00a0<a href=\"https:\/\/rnojomku.sendsmaily.net\/templates\/a21a5b83-57b6-4bfd-88ae-0ec304b674e1\/html\/\">siia<\/a><\/strong><\/h4>\n<\/div>\n<\/div>\n<\/div>\n","protected":false},"featured_media":20619,"template":"","meta":[],"product_brand":[],"product_cat":[334],"product_tag":[],"class_list":{"0":"post-20618","1":"product","2":"type-product","3":"status-publish","4":"has-post-thumbnail","6":"product_cat-naiste-parfuumid","7":"product_shipping_class-xs","9":"first","10":"instock","11":"taxable","12":"shipping-taxable","13":"purchasable","14":"product-type-simple"},"_links":{"self":[{"href":"https:\/\/minervashop.eu\/en\/wp-json\/wp\/v2\/product\/20618","targetHints":{"allow":["GET"]}}],"collection":[{"href":"https:\/\/minervashop.eu\/en\/wp-json\/wp\/v2\/product"}],"about":[{"href":"https:\/\/minervashop.eu\/en\/wp-json\/wp\/v2\/types\/product"}],"wp:featuredmedia":[{"embeddable":true,"href":"https:\/\/minervashop.eu\/en\/wp-json\/wp\/v2\/media\/20619"}],"wp:attachment":[{"href":"https:\/\/minervashop.eu\/en\/wp-json\/wp\/v2\/media?parent=20618"}],"wp:term":[{"taxonomy":"product_brand","embeddable":true,"href":"https:\/\/minervashop.eu\/en\/wp-json\/wp\/v2\/product_brand?post=20618"},{"taxonomy":"product_cat","embeddable":true,"href":"https:\/\/minervashop.eu\/en\/wp-json\/wp\/v2\/product_cat?post=20618"},{"taxonomy":"product_tag","embeddable":true,"href":"https:\/\/minervashop.eu\/en\/wp-json\/wp\/v2\/product_tag?post=20618"}],"curies":[{"name":"wp","href":"https:\/\/api.w.org\/{rel}","templated":true}]}}