{"id":20895,"date":"2021-11-16T13:03:08","date_gmt":"2021-11-16T13:03:08","guid":{"rendered":"https:\/\/minervashop.eu\/toode\/voluvoti\/"},"modified":"2025-02-10T14:51:41","modified_gmt":"2025-02-10T14:51:41","slug":"voluvoti","status":"publish","type":"product","link":"https:\/\/minervashop.eu\/en\/toode\/voluvoti\/","title":{"rendered":"V\u00f5luv\u00f5ti"},"content":{"rendered":"<p>8 x 2,5 x 0,1 cm<br \/>\nmetall<\/p>\n","protected":false},"excerpt":{"rendered":"<div class=\"term-description\">\n<div class=\"term-description\">\n<p align=\"justify\"><strong>V\u00f5tmel on v\u00f5im avada ja sulgeda. V\u00f5imaldab sissep\u00e4\u00e4su mingisse valdkonda ja s\u00fcmboliseerib seega tarkust, k\u00fcpsust v\u00f5i edu. Arvukad v\u00f5tmed s\u00fcmboliseerivad k\u00f5rget staatust, kuna see osutab rohkele ja v\u00e4\u00e4rtuslikule omandile.<\/strong><\/p>\n<\/div>\n<\/div>\n","protected":false},"featured_media":20896,"template":"","meta":[],"product_brand":[],"product_cat":[440,162],"product_tag":[],"class_list":{"0":"post-20895","1":"product","2":"type-product","3":"status-publish","4":"has-post-thumbnail","6":"product_cat-ripp-ornamendid","7":"product_cat-votmehoidjad-ja-votmed","8":"product_shipping_class-xs","10":"first","11":"instock","12":"taxable","13":"shipping-taxable","14":"purchasable","15":"product-type-simple"},"_links":{"self":[{"href":"https:\/\/minervashop.eu\/en\/wp-json\/wp\/v2\/product\/20895","targetHints":{"allow":["GET"]}}],"collection":[{"href":"https:\/\/minervashop.eu\/en\/wp-json\/wp\/v2\/product"}],"about":[{"href":"https:\/\/minervashop.eu\/en\/wp-json\/wp\/v2\/types\/product"}],"wp:featuredmedia":[{"embeddable":true,"href":"https:\/\/minervashop.eu\/en\/wp-json\/wp\/v2\/media\/20896"}],"wp:attachment":[{"href":"https:\/\/minervashop.eu\/en\/wp-json\/wp\/v2\/media?parent=20895"}],"wp:term":[{"taxonomy":"product_brand","embeddable":true,"href":"https:\/\/minervashop.eu\/en\/wp-json\/wp\/v2\/product_brand?post=20895"},{"taxonomy":"product_cat","embeddable":true,"href":"https:\/\/minervashop.eu\/en\/wp-json\/wp\/v2\/product_cat?post=20895"},{"taxonomy":"product_tag","embeddable":true,"href":"https:\/\/minervashop.eu\/en\/wp-json\/wp\/v2\/product_tag?post=20895"}],"curies":[{"name":"wp","href":"https:\/\/api.w.org\/{rel}","templated":true}]}}