{"id":2160,"date":"2026-03-16T11:05:44","date_gmt":"2026-03-16T11:05:44","guid":{"rendered":"https:\/\/minervashop.eu\/toode\/patchouli-10ml\/"},"modified":"2025-12-23T15:34:49","modified_gmt":"2025-12-23T15:34:49","slug":"patchouli-10ml","status":"publish","type":"product","link":"https:\/\/minervashop.eu\/en\/product\/patchouli-10ml\/","title":{"rendered":"Aromafume essential oil Patchouli 10ml"},"content":{"rendered":"<p>Patchouli essential oil, 100% natural and undiluted. Patchouli essential oil is known to ease skin irritation, minor colds and headaches. Well known for its nurturing properties, it also eases stress and alleviates anxiety.<\/p>\n<p>About the Product<br \/>100% natural essential oil<br \/>Glass bottle 10 ml<br \/>For external use<br \/>Shelf life after opening: \u00b1 2 years<br \/>Keep in a cool and dark place, out of the reach of children <\/p>\n<p align=\"JUSTIFY\"><span style=\"font-size: medium;\"><a id=\"PAT\u0161ULI\" name=\"PAT%C5%A1ULI\"><\/a><b>patchouli <\/b><\/span><span style=\"font-size: medium;\">Aromafume Naturals offers a collection of pure, natural essential oils highly inspired by nature. The finest quality natural essential oils lovingly fill each bottle. Upon burning these oils in your home, you will feel instantly transported to lush green mountain forests and valleys of fruit orchards. The ever evolving range of oils include all-time favourites: Lavender, Lemongrass, Orange, Peppermint, Eucalyptus, Frankincense, Tea Tree &amp; Rosemary among others.                              <\/span><\/p>\n<div class=\"product-short-description\">\n<div class=\"product-short-description\">\n<p><strong>see more <a href=\"https:\/\/rnojomku.sendsmaily.net\/templates\/acafb176-ee1f-4e4a-bba3-5c57e9a8e0e3\/html\/\">here<\/a><\/strong><\/p>\n<\/div>\n<div class=\"add-to-cart-container form-normal is-normal\"><\/div>\n<\/div>\n","protected":false},"excerpt":{"rendered":"<p><span style=\"color: #008080;\"><strong><span style=\"font-size: medium;\">Rikkaliku muskus-magusa v\u00fcrtsika l\u00f5hnaga. Kasutatakse kuivatatud lehti. \u00d5li saadakse noortest lehtedest, mis on kuivatatud ja fermenteeritud enne destillatsiooni. Selline \u00f5li l\u00f5hn ja omadused muutuvad vananedes paremaks. Hea segada: geraanium, nelk, lavendel, bergamott, salvei. K\u00d5IKIDEST \u00d5LIDEST K\u00d5IGE MAANDAVAM JA RAHUSTAVAM. Kui tunned end f\u00fc\u00fcsiliselt \u00e4revana, hinga sisse pat\u0161uli \u00f5li, mis maandab kiiresti ja t\u00f5husalt.      <\/span><\/strong><\/span><\/p>\n<h3><strong>Orgonite is a cast blend of resin, metal and quartz that is believed to help balance ambient energy by converting disruptive electromagnetic fields into a steadier flow of \u201corgone\u201d (life-force, chi, or prana). Many users place orgonite in living or work areas as a subtle aid to relaxation and wellbeing.<br \/>see more <a href=\"https:\/\/minervashop.eu\/uudised\/ruumide-lohnastamine\/\">here<\/a><\/strong><\/h3>\n","protected":false},"featured_media":165253,"template":"","meta":[],"product_brand":[],"product_cat":[759,209],"product_tag":[],"class_list":{"0":"post-2160","1":"product","2":"type-product","3":"status-publish","4":"has-post-thumbnail","6":"product_cat-new-en","7":"product_cat-etheric-oils","9":"first","10":"instock","11":"taxable","12":"shipping-taxable","13":"purchasable","14":"product-type-simple"},"_links":{"self":[{"href":"https:\/\/minervashop.eu\/en\/wp-json\/wp\/v2\/product\/2160","targetHints":{"allow":["GET"]}}],"collection":[{"href":"https:\/\/minervashop.eu\/en\/wp-json\/wp\/v2\/product"}],"about":[{"href":"https:\/\/minervashop.eu\/en\/wp-json\/wp\/v2\/types\/product"}],"wp:featuredmedia":[{"embeddable":true,"href":"https:\/\/minervashop.eu\/en\/wp-json\/wp\/v2\/media\/165253"}],"wp:attachment":[{"href":"https:\/\/minervashop.eu\/en\/wp-json\/wp\/v2\/media?parent=2160"}],"wp:term":[{"taxonomy":"product_brand","embeddable":true,"href":"https:\/\/minervashop.eu\/en\/wp-json\/wp\/v2\/product_brand?post=2160"},{"taxonomy":"product_cat","embeddable":true,"href":"https:\/\/minervashop.eu\/en\/wp-json\/wp\/v2\/product_cat?post=2160"},{"taxonomy":"product_tag","embeddable":true,"href":"https:\/\/minervashop.eu\/en\/wp-json\/wp\/v2\/product_tag?post=2160"}],"curies":[{"name":"wp","href":"https:\/\/api.w.org\/{rel}","templated":true}]}}