{"id":2237,"date":"2021-11-12T21:45:05","date_gmt":"2021-11-12T21:45:05","guid":{"rendered":"https:\/\/minervashop.eu?post_type=product&#038;p=2237"},"modified":"2025-06-12T08:29:36","modified_gmt":"2025-06-12T08:29:36","slug":"auto-lohnadifuuser","status":"publish","type":"product","link":"https:\/\/minervashop.eu\/en\/toode\/auto-lohnadifuuser\/","title":{"rendered":"Auto l\u00f5hnadifuuser"},"content":{"rendered":"<p>Muuda oma autoga s\u00f5itmine mugavamaks aroomiteraapia abil. Saad valida oma lemmik\u00a0 aroomi\u00f5lid v\u00f5i segud ning nautida tervendavat ja positiivset elamust autos s\u00f5itmise ajal.<\/p>\n<p>Metallkapsel, 30 mm,\u00a0 koos viltpadjaga, millele saad tilgutada paar tilka \u00f5li, saadab sinuni meeldivat l\u00f5hna. Kinnita kapsel\u00a0 auto ventilatsiooni ava k\u00fclge, et aroom saaks levida. Kapsel on valmistatud\u00a0 k\u00f5rge kvaliteediga roostevabast terasest. Kaasa 10 pestavat ja korduvkasutatavat, erinevat v\u00e4rvi\u00a0 vilt-padjakest \u00f5li jaoks. L\u00f5hna kogust oma autos saad ise reguleerida \u00f5li hulga lisamisega.<\/p>\n<ul>\n<li><strong>kaunista oma autot lisadetailiga<\/strong><\/li>\n<li><strong>vali ise sulle sobiv l\u00f5hn<\/strong><\/li>\n<li><strong>10 erinevat v\u00e4rvi viltpadjakest<\/strong><\/li>\n<\/ul>\n<p><strong>komplektis roostevabast terasest hoidik koos viltpadjakesega<\/strong><\/p>\n<p>Vali eeterlikud\u00a0<a href=\"http:\/\/www.minerva.ee\/epood\/Eeterlikud-olid\/\">\u00f5lid<\/a>.<\/p>\n<table class=\"properties\">\n<tbody>\n<tr>\n<td class=\"small\">p\u00e4ritolumaa<\/td>\n<td><img decoding=\"async\" title=\"CHN\" src=\"https:\/\/www.aw-dropship.eu\/art\/flags\/cn.png\" alt=\"\" data-country_key=\"94\" \/>\u00a0Hiina<\/td>\n<td class=\"small\"><\/td>\n<td><\/td>\n<td class=\"small\">transpordi kaal<\/td>\n<td>0,25Kg<\/td>\n<td class=\"small\">materjal<\/td>\n<td>roostevaba teras<\/td>\n<\/tr>\n<\/tbody>\n<\/table>\n","protected":false},"excerpt":{"rendered":"<p><span style=\"color: #003366;\"><strong>Muuda oma autoga s\u00f5itmine mugavamaks aroomiteraapia abil. Saad valida oma lemmik\u00a0 aroomi\u00f5lid v\u00f5i segud ning nautida tervendavat ja positiivset elamust autos s\u00f5itmise ajal.<\/strong><\/span><\/p>\n","protected":false},"featured_media":2456,"template":"","meta":[],"product_brand":[],"product_cat":[75,177,540,719,620],"product_tag":[],"class_list":{"0":"post-2237","1":"product","2":"type-product","3":"status-publish","4":"has-post-thumbnail","6":"product_cat-lohnadifuuserid","7":"product_cat-lohnasegud","8":"product_cat-ohuvarskendajad","9":"product_cat-hamsa-kasi","10":"product_cat-inglid-2","11":"product_shipping_class-ee-xs","13":"first","14":"outofstock","15":"taxable","16":"shipping-taxable","17":"purchasable","18":"product-type-variable"},"_links":{"self":[{"href":"https:\/\/minervashop.eu\/en\/wp-json\/wp\/v2\/product\/2237","targetHints":{"allow":["GET"]}}],"collection":[{"href":"https:\/\/minervashop.eu\/en\/wp-json\/wp\/v2\/product"}],"about":[{"href":"https:\/\/minervashop.eu\/en\/wp-json\/wp\/v2\/types\/product"}],"wp:featuredmedia":[{"embeddable":true,"href":"https:\/\/minervashop.eu\/en\/wp-json\/wp\/v2\/media\/2456"}],"wp:attachment":[{"href":"https:\/\/minervashop.eu\/en\/wp-json\/wp\/v2\/media?parent=2237"}],"wp:term":[{"taxonomy":"product_brand","embeddable":true,"href":"https:\/\/minervashop.eu\/en\/wp-json\/wp\/v2\/product_brand?post=2237"},{"taxonomy":"product_cat","embeddable":true,"href":"https:\/\/minervashop.eu\/en\/wp-json\/wp\/v2\/product_cat?post=2237"},{"taxonomy":"product_tag","embeddable":true,"href":"https:\/\/minervashop.eu\/en\/wp-json\/wp\/v2\/product_tag?post=2237"}],"curies":[{"name":"wp","href":"https:\/\/api.w.org\/{rel}","templated":true}]}}