{"id":22510,"date":"2021-11-16T13:13:48","date_gmt":"2021-11-16T13:13:48","guid":{"rendered":"https:\/\/minervashop.eu\/toode\/karp-torino-punane\/"},"modified":"2023-05-30T14:09:01","modified_gmt":"2023-05-30T14:09:01","slug":"karp-torino-punane","status":"publish","type":"product","link":"https:\/\/minervashop.eu\/en\/toode\/karp-torino-punane\/","title":{"rendered":"Karp Torino, punane"},"content":{"rendered":"","protected":false},"excerpt":{"rendered":"<p>44 x 47 x 33 mm.<br \/>\n(41 x 44 x 32 mm)<br \/>\nMatt plastikust karp kuldse \u00e4\u00e4rega, musta samet sisuga, mis kaitseb ehteid turvaliselt. Sobib \u00fchele v\u00f5i kahele s\u00f5rmusele v\u00f5i k\u00f5rvar\u00f5ngastele.<\/p>\n","protected":false},"featured_media":22511,"template":"","meta":[],"product_brand":[],"product_cat":[738],"product_tag":[],"class_list":{"0":"post-22510","1":"product","2":"type-product","3":"status-publish","4":"has-post-thumbnail","6":"product_cat-plastikust-karbid","7":"product_shipping_class-xs","9":"first","10":"instock","11":"taxable","12":"shipping-taxable","13":"purchasable","14":"product-type-simple"},"_links":{"self":[{"href":"https:\/\/minervashop.eu\/en\/wp-json\/wp\/v2\/product\/22510","targetHints":{"allow":["GET"]}}],"collection":[{"href":"https:\/\/minervashop.eu\/en\/wp-json\/wp\/v2\/product"}],"about":[{"href":"https:\/\/minervashop.eu\/en\/wp-json\/wp\/v2\/types\/product"}],"wp:featuredmedia":[{"embeddable":true,"href":"https:\/\/minervashop.eu\/en\/wp-json\/wp\/v2\/media\/22511"}],"wp:attachment":[{"href":"https:\/\/minervashop.eu\/en\/wp-json\/wp\/v2\/media?parent=22510"}],"wp:term":[{"taxonomy":"product_brand","embeddable":true,"href":"https:\/\/minervashop.eu\/en\/wp-json\/wp\/v2\/product_brand?post=22510"},{"taxonomy":"product_cat","embeddable":true,"href":"https:\/\/minervashop.eu\/en\/wp-json\/wp\/v2\/product_cat?post=22510"},{"taxonomy":"product_tag","embeddable":true,"href":"https:\/\/minervashop.eu\/en\/wp-json\/wp\/v2\/product_tag?post=22510"}],"curies":[{"name":"wp","href":"https:\/\/api.w.org\/{rel}","templated":true}]}}