{"id":24282,"date":"2021-11-16T13:26:32","date_gmt":"2021-11-16T13:26:32","guid":{"rendered":"https:\/\/minervashop.eu\/toode\/yodeyma-kent-eau-de-parfum\/"},"modified":"2025-04-10T13:39:46","modified_gmt":"2025-04-10T13:39:46","slug":"yodeyma-kent-eau-de-parfum","status":"publish","type":"product","link":"https:\/\/minervashop.eu\/en\/toode\/yodeyma-kent-eau-de-parfum\/","title":{"rendered":"Yodeyma Kent Eau de Parfum"},"content":{"rendered":"<p>Algnoodid on need mis avalduvad esimesena parf\u00fc\u00fcmis.<br \/>\nS\u00fcdamenoodid annavad parf\u00fc\u00fcmile hinge.<br \/>\nP\u00f5hinoodid on need mis annavad parf\u00fc\u00fcmile s\u00fcgavuse.<\/p>\n<div class=\"notas-img clearfix\">\n<div class=\"nota\">\n<p>Algnoodid<\/p>\n<p><b>Sidrun<\/b><\/p>\n<\/div>\n<div class=\"nota\">\n<p>S\u00fcdamenoodid<\/p>\n<p><b>Lavendel<\/b><\/p>\n<\/div>\n<div class=\"nota\">\n<p>P\u00f5hinoodid<\/p>\n<p><a id=\"SEEDER\" name=\"SEEDER\"><\/a><\/p>\n<p align=\"justify\"><span style=\"font-size: medium;\"><b>SEEDER e. VIRGIINIA KADAKAS e. CEDARWOOD <\/b><i>(CEDRUS DEODORA, <\/i><i>Juniperus virginiana, Cedrus atlantica<\/i><i>)-<\/i> Virgiinia seeder on \u00fcks kadaka sorte, mitte seedrite hulka kuuluv. See on peamine seedri\u00f5li allikas. Seda on kasutatud tuhandeid aastaid efektiivse putukate ja kahjurite peletajana. P\u00f5lisameeriklased on v\u00e4\u00e4rtustanud selle lehti, v\u00f5rseid, koort ja marju meditsiinis, kasutades tugeva tee keedust nii sissev\u00f5tmiseks kui ka v\u00e4lispidiselt. Raviti paljusid haigusi, sealhulgas reumat, artriiti, nahal\u00f6\u00f6beid, menstruatsiooni peetust, suguelundite k\u00e4snasid, gonorr\u00f6ad, neerusid, kuseteede ja hingamisteede haigusi. Oksi on p\u00f5letatud ja suitsutatud \u00f5hu puhastamiseks infektsioonhaiguste korral. Eeterlikku \u00f5li saadakse aurudestillatsioonil puiduj\u00e4\u00e4tmetest, saepurust jne. \u00d5li on v\u00e4rvitu v\u00f5i kollakas-oran\u017e vedelik pehme puiduse-magusa, balsami taolise l\u00f5hnaga, mida me seostame seedripuidust kohvrite ja pliiatsi teriatmisel tekkiva l\u00f5hnaga. Tsirkulatsiooni stimuleeriv ja tugevdav. astringent ja diureetiloine. Seedri eeterlik \u00f5li toniseerib ja tugevdab kudesid, \u00f5rnalt parandades kehva vereringet ja l\u00fcmfivoolu. Kehva venoosse vereringe korral hea kasutada koos greibi \u00f5liga \u2013 veenilaiendite ja kapillaaride v\u00f5rgustiku ning \u00f6deemi korral. Aitab v\u00e4hendada tselluliiti. Kergendab v\u00e4sinud valutavaid jalgu ning leevendab reuma valu, eriti hea koos m\u00e4nni \u00f5liga. Hingamisteede antiseptikum, ja r\u00f6ga vabastav. Suurep\u00e4rase efektiga hingamisteedele, eriti liigse lima eemaldamiseks, seega v\u00e4ga hea bronhiidi, gripi, k\u00fclmetuse, m\u00e4rja k\u00f6ha ja teiste hingamisteede h\u00e4dade korral. Soojendav, seente vastane, deodoreeriv. Eemaldab negatiivsust. S\u00fcvendab hingelisi rituaale. Aitab kaasa ennustuslikele n\u00e4gemustele. Abiks ATH korral. Tugevdab ja stabiliseerib meelt, vaimse v\u00e4simuse vastu ja emotsionaalse kurnatuse v\u00e4hendaja. Tugevdab sisemist potentsiaali. Aitab taastada tasakaalu looduse kaudu. Tuju t\u00f5stev ja l\u00f5\u00f5gastav meeltele vaimse v\u00e4simuse, \u00fcldise n\u00f5truse, hirmu, \u00e4revuse, agressiivsuse, \u00e4revuse, n\u00e4rvipinge ja stressi korral. Rahustav, \u00fclendav ja antidepressiivne; parandab fokusseeritust ja elutarkust. Seedri l\u00f5hn loob emotsionaalset tugevust ja stabiliseerib emotsioone maandades. Suurep\u00e4rane emotsionaalse kurnatuse korral. Vedeldab lima ja v\u00e4hendab selle teket. Soodustab kuseeritust. Stimuleerib menstruaalvoolust. Lihasvalu ja artriidi korral. Kiheluse vastu, antiseptikum, spasmide vastu, kootav. V\u00e4ga suureks abiks n\u00e4rvipinge ja stressist tingitud korratuse puhul. Alandab verer\u00f5hku. Naha h\u00e4dade puhul. V\u00e4hendab rasueritust. Astringeeriva, seentevastase ja puhastava omaduse poolest hea rasusele nahale ja juustele, ts\u00fcstilisele aknele, seborr\u00f6ale, k\u00f5\u00f5male, atleedi jalgadele ning hemorroididele. Kiirendab juustekasvu. K\u00fclluseks, vapruseks, kaitseks. Peletab koisid ja muid putukaid. <b>NB! \u00c4ra kasuta raseduse ja imetamise ajal. \u00dcldiselt peetakse mittetoksiliseks, kuid ta v\u00f5ib \u00e4rritada nahka ja tekitada tundlikkust. Kasuta m\u00f5\u00f5dukalt ja alati lahustatult. <\/b><\/span><\/p>\n<\/div>\n<\/div>\n","protected":false},"excerpt":{"rendered":"<p>J\u00f5ulised s\u00fcdamenoodid koos seedri ja sidruni karismaga moodustavad suurep\u00e4rase energiarohke aroomi.<br \/>\nPuidune l\u00f5hn<br \/>\nKent: Kaasaegsele ja loomulikule mehele.<\/p>\n<p>vaata lisaks\u00a0<a href=\"https:\/\/minervashop.eu\/uudised\/2023-a-uued-parfuumid\/\">siit<\/a><\/p>\n","protected":false},"featured_media":24283,"template":"","meta":[],"product_brand":[],"product_cat":[422],"product_tag":[],"class_list":{"0":"post-24282","1":"product","2":"type-product","3":"status-publish","4":"has-post-thumbnail","6":"product_cat-meeste-parfuumid","7":"product_shipping_class-xs","9":"first","10":"instock","11":"taxable","12":"shipping-taxable","13":"purchasable","14":"product-type-variable"},"_links":{"self":[{"href":"https:\/\/minervashop.eu\/en\/wp-json\/wp\/v2\/product\/24282","targetHints":{"allow":["GET"]}}],"collection":[{"href":"https:\/\/minervashop.eu\/en\/wp-json\/wp\/v2\/product"}],"about":[{"href":"https:\/\/minervashop.eu\/en\/wp-json\/wp\/v2\/types\/product"}],"wp:featuredmedia":[{"embeddable":true,"href":"https:\/\/minervashop.eu\/en\/wp-json\/wp\/v2\/media\/24283"}],"wp:attachment":[{"href":"https:\/\/minervashop.eu\/en\/wp-json\/wp\/v2\/media?parent=24282"}],"wp:term":[{"taxonomy":"product_brand","embeddable":true,"href":"https:\/\/minervashop.eu\/en\/wp-json\/wp\/v2\/product_brand?post=24282"},{"taxonomy":"product_cat","embeddable":true,"href":"https:\/\/minervashop.eu\/en\/wp-json\/wp\/v2\/product_cat?post=24282"},{"taxonomy":"product_tag","embeddable":true,"href":"https:\/\/minervashop.eu\/en\/wp-json\/wp\/v2\/product_tag?post=24282"}],"curies":[{"name":"wp","href":"https:\/\/api.w.org\/{rel}","templated":true}]}}