{"id":30801,"date":"2021-11-16T11:32:01","date_gmt":"2021-11-16T11:32:01","guid":{"rendered":"https:\/\/minervashop.eu\/toode\/citronella-10ml\/"},"modified":"2025-11-14T14:20:10","modified_gmt":"2025-11-14T14:20:10","slug":"citronella-10ml","status":"publish","type":"product","link":"https:\/\/minervashop.eu\/en\/product\/citronella-10ml\/","title":{"rendered":"Fiore d&#8217;Oriente Essential oil citronella<br> 10ml"},"content":{"rendered":"<p align=\"JUSTIFY\"><a id=\"TSITRONELLA\" name=\"TSITRONELLA\" data-cke-saved-name=\"TSITRONELLA\"><\/a>About the Product <br \/>100% premium quality essential oil<br \/>Shelf life after opening: \u00b1 2 years<br \/>Keep in a cool and dark place<br \/>Keep out of reach of children and pets<br \/>Read the instructions in the enclosed brochure before use<span style=\"font-size: medium;\"><i> <\/i><\/span><span style=\"font-size: medium;\">Since 1988, the Italian company Fiore d&#8217;Oriente has been producting 100% pure premium quality essential oils, selecting and guaranteeing the origin and quality of the crops from which the oils are extracted. The oils are extracted by steam distillation or cold pressing from wild or organic grown plants.          <\/span><span style=\"font-size: medium;\"><b>Fiore d&#8217;Oriente guarantees all its oils to be natural and pure and has always been committed to protect the environment from pesticides and chemical substances in general. Over the years Fiore d&#8217;Oriente has selected only ethically correct producers, who always guarantee the best quality production from their harvest.   <\/b><\/span><\/p>\n","protected":false},"excerpt":{"rendered":"<h3><strong><span style=\"font-size: medium; color: #008000;\">Tsitronella v\u00f5imas sidrunine aroom teeb selle kasutatavaks \u00f5hu v\u00e4rskendaja ja putuka eemaldajana.<\/span><\/strong><\/h3>\n<h3><strong>see more <a href=\"https:\/\/minervashop.eu\/uudised\/ruumide-lohnastamine\/\">here<\/a><\/strong><\/h3>\n<p>How to use<br \/>Fill the water reservoir of the aroma diffuser \/ oil burner.<br \/>Add approx. 5 to 10 drops of essential oil, depending on the size of the room.<br \/>Turn the diffuser on or ignite the tea light.<br \/>When the water in the reservoir has evaporated, switch off the diffuser \/ extinguish the tea light.<br \/>\nsaun &#8211; lisada tilk leiliveele<br \/>\nvann &#8211; lisada paar tilka vanniveele<br \/>\naroomilamp &#8211; lisada tilk v\u00f5i paar vette, k\u00fc\u00fcnal lambi all soojendab vee-\u00f5li segu mis seej\u00e4rel aurustub ruumi<br \/>\nisetegijale &#8211; kasutada seebi ja muu k\u00e4sitsi kosmeetika ning k\u00fc\u00fcnalde tegemisel<br \/>\nItaly<br \/>\nsteam distillation<br \/>\nLadina nimi Cymbopogon nardus<br \/>\nHea segada geraanium, sidrun, bergamott, apelsin, m\u00e4nd<\/p>\n","protected":false},"featured_media":156503,"template":"","meta":[],"product_brand":[],"product_cat":[209],"product_tag":[],"class_list":{"0":"post-30801","1":"product","2":"type-product","3":"status-publish","4":"has-post-thumbnail","6":"product_cat-etheric-oils","7":"product_shipping_class-xs-en-2","9":"first","10":"instock","11":"taxable","12":"shipping-taxable","13":"purchasable","14":"product-type-simple"},"_links":{"self":[{"href":"https:\/\/minervashop.eu\/en\/wp-json\/wp\/v2\/product\/30801","targetHints":{"allow":["GET"]}}],"collection":[{"href":"https:\/\/minervashop.eu\/en\/wp-json\/wp\/v2\/product"}],"about":[{"href":"https:\/\/minervashop.eu\/en\/wp-json\/wp\/v2\/types\/product"}],"wp:featuredmedia":[{"embeddable":true,"href":"https:\/\/minervashop.eu\/en\/wp-json\/wp\/v2\/media\/156503"}],"wp:attachment":[{"href":"https:\/\/minervashop.eu\/en\/wp-json\/wp\/v2\/media?parent=30801"}],"wp:term":[{"taxonomy":"product_brand","embeddable":true,"href":"https:\/\/minervashop.eu\/en\/wp-json\/wp\/v2\/product_brand?post=30801"},{"taxonomy":"product_cat","embeddable":true,"href":"https:\/\/minervashop.eu\/en\/wp-json\/wp\/v2\/product_cat?post=30801"},{"taxonomy":"product_tag","embeddable":true,"href":"https:\/\/minervashop.eu\/en\/wp-json\/wp\/v2\/product_tag?post=30801"}],"curies":[{"name":"wp","href":"https:\/\/api.w.org\/{rel}","templated":true}]}}