{"id":31168,"date":"2021-11-16T12:07:27","date_gmt":"2021-11-16T12:07:27","guid":{"rendered":"https:\/\/minervashop.eu\/toode\/nastja-ingliraamat\/"},"modified":"2021-11-16T12:07:27","modified_gmt":"2021-11-16T12:07:27","slug":"nastja-ingliraamat","status":"publish","type":"product","link":"https:\/\/minervashop.eu\/en\/product\/nastja-ingliraamat\/","title":{"rendered":"NASTJA INGLIRAAMAT"},"content":{"rendered":"<p>&#8220;<strong>Nastja ingliraamat<\/strong>&#8221; on televisioonist tuntud spiritualisti Nastja kogumik, kust leiab infot nii inglite olemuse, tegevuse kui m\u00e4rguannete kohta.<\/p>\n<p>Mugav taskuformaadis raamat k\u00e4tkeb endas ka Nastja enda poolt joonistatud postkaarte, millel on kujutatud p\u00fchakuid ning ingleid. Postkaartidele on Nastja laadinud positiivseid m\u00f5tteid ning soove.<\/p>\n<p>Kes on inglid? Kuidas osata n\u00e4ha nende m\u00e4rguandeid ning kuidas nendega suhelda? K\u00f5ikidele nendele k\u00fcsimustele leiate vastuse sellest raamatust.<\/p>\n<table class=\"type01 cke_show_border\">\n<tbody>\n<tr>\n<th>ISBN<\/th>\n<td>9789949477296<\/td>\n<\/tr>\n<tr>\n<th>Ilmumisaasta<\/th>\n<td>2014<\/td>\n<\/tr>\n<tr>\n<th>Keel<\/th>\n<td>eestikeelne<\/td>\n<\/tr>\n<tr>\n<th>Formaat<\/th>\n<td>K\u00f5vakaaneline<\/td>\n<\/tr>\n<tr>\n<th>Lehek\u00fclgi<\/th>\n<td>144 lk<\/td>\n<\/tr>\n<tr>\n<th>M\u00f5\u00f5t<\/th>\n<td>181x129x15 (mm)<\/td>\n<\/tr>\n<\/tbody>\n<\/table>\n","protected":false},"excerpt":{"rendered":"<h3><span style=\"color: #0000ff;\"><strong>&#8220;Nastja ingliraamat&#8221; on televisioonist tuntud spiritualisti Nastja kogumik, kust leiab infot nii inglite olemuse, tegevuse kui m\u00e4rguannete kohta.<\/strong><\/span><\/h3>\n","protected":false},"featured_media":31169,"template":"","meta":[],"product_brand":[],"product_cat":[379,380],"product_tag":[],"class_list":{"0":"post-31168","1":"product","2":"type-product","3":"status-publish","4":"has-post-thumbnail","6":"product_cat-books","7":"product_cat-books-for-self-help","8":"product_shipping_class-xs-en-2","10":"first","11":"instock","12":"purchasable","13":"product-type-simple"},"_links":{"self":[{"href":"https:\/\/minervashop.eu\/en\/wp-json\/wp\/v2\/product\/31168","targetHints":{"allow":["GET"]}}],"collection":[{"href":"https:\/\/minervashop.eu\/en\/wp-json\/wp\/v2\/product"}],"about":[{"href":"https:\/\/minervashop.eu\/en\/wp-json\/wp\/v2\/types\/product"}],"wp:featuredmedia":[{"embeddable":true,"href":"https:\/\/minervashop.eu\/en\/wp-json\/wp\/v2\/media\/31169"}],"wp:attachment":[{"href":"https:\/\/minervashop.eu\/en\/wp-json\/wp\/v2\/media?parent=31168"}],"wp:term":[{"taxonomy":"product_brand","embeddable":true,"href":"https:\/\/minervashop.eu\/en\/wp-json\/wp\/v2\/product_brand?post=31168"},{"taxonomy":"product_cat","embeddable":true,"href":"https:\/\/minervashop.eu\/en\/wp-json\/wp\/v2\/product_cat?post=31168"},{"taxonomy":"product_tag","embeddable":true,"href":"https:\/\/minervashop.eu\/en\/wp-json\/wp\/v2\/product_tag?post=31168"}],"curies":[{"name":"wp","href":"https:\/\/api.w.org\/{rel}","templated":true}]}}