{"id":31428,"date":"2026-05-11T12:57:10","date_gmt":"2026-05-11T12:57:10","guid":{"rendered":"https:\/\/minervashop.eu\/toode\/geranium-10ml\/"},"modified":"2026-05-11T14:26:38","modified_gmt":"2026-05-11T14:26:38","slug":"geranium-10ml","status":"publish","type":"product","link":"https:\/\/minervashop.eu\/en\/product\/geranium-10ml\/","title":{"rendered":"Geranium essential oil 10ml"},"content":{"rendered":"<div class=\"product-short-description\">\n<div class=\"product-short-description\">\n<div class=\"product-short-description\">\n<p><strong>see more <a href=\"https:\/\/rnojomku.sendsmaily.net\/templates\/acafb176-ee1f-4e4a-bba3-5c57e9a8e0e3\/html\/\">here<\/a><\/strong><\/p>\n<\/div>\n<\/div>\n<\/div>\n<p>Egypt<\/p>\n<p>Pelargonium Graveolens<br \/>\nsteam destillation<\/p>\n<p>allikas &#8211; lehed, v\u00f5rsed ja \u00f5ied<\/p>\n<p align=\"JUSTIFY\"><span style=\"font-size: medium;\">Pure essential Geranium oil with glass pipette. Geranium brings a fresh, flowery scent, that is naturaly repellant to insects. Geranium is known to reduce physical and mental stress.              <\/span><\/p>\n","protected":false},"excerpt":{"rendered":"<p><span style=\"color: #008000;\"><strong><span style=\"font-size: medium;\"> Meeldiv tugev magus, v\u00e4rske lillel\u00f5hn \u00f5una ja piparm\u00fcndi noodiga. Tasakaalustab ja t\u00f5stab meeleolu nii kehas kui vaimus. V\u00e4hendab stressi ja \u00e4revust. Tasakaalustav efekt hormonaals\u00fcsteemile. \u00dcks v\u00e4hestest \u00f5lidest, mida v\u00f5ib kasutada peaaegu igas segus.   <\/span><\/strong><\/span><\/p>\n<div class=\"product-short-description\">\n<h3><strong>see more <a href=\"https:\/\/minervashop.eu\/uudised\/ruumide-lohnastamine\/\">here<\/a><\/strong><\/h3>\n<\/div>\n<div class=\"add-to-cart-container form-normal is-normal\"><\/div>\n","protected":false},"featured_media":168054,"template":"","meta":[],"product_brand":[],"product_cat":[117,209],"product_tag":[],"class_list":{"0":"post-31428","1":"product","2":"type-product","3":"status-publish","4":"has-post-thumbnail","6":"product_cat-coming-soon-2","7":"product_cat-etheric-oils","8":"product_shipping_class-xs-en-2","10":"first","11":"outofstock","12":"taxable","13":"shipping-taxable","14":"purchasable","15":"product-type-simple"},"_links":{"self":[{"href":"https:\/\/minervashop.eu\/en\/wp-json\/wp\/v2\/product\/31428","targetHints":{"allow":["GET"]}}],"collection":[{"href":"https:\/\/minervashop.eu\/en\/wp-json\/wp\/v2\/product"}],"about":[{"href":"https:\/\/minervashop.eu\/en\/wp-json\/wp\/v2\/types\/product"}],"wp:featuredmedia":[{"embeddable":true,"href":"https:\/\/minervashop.eu\/en\/wp-json\/wp\/v2\/media\/168054"}],"wp:attachment":[{"href":"https:\/\/minervashop.eu\/en\/wp-json\/wp\/v2\/media?parent=31428"}],"wp:term":[{"taxonomy":"product_brand","embeddable":true,"href":"https:\/\/minervashop.eu\/en\/wp-json\/wp\/v2\/product_brand?post=31428"},{"taxonomy":"product_cat","embeddable":true,"href":"https:\/\/minervashop.eu\/en\/wp-json\/wp\/v2\/product_cat?post=31428"},{"taxonomy":"product_tag","embeddable":true,"href":"https:\/\/minervashop.eu\/en\/wp-json\/wp\/v2\/product_tag?post=31428"}],"curies":[{"name":"wp","href":"https:\/\/api.w.org\/{rel}","templated":true}]}}