{"id":315,"date":"2021-11-02T20:21:59","date_gmt":"2021-11-02T20:21:59","guid":{"rendered":"https:\/\/minervashop.eu\/?post_type=product&#038;p=315"},"modified":"2021-11-02T20:21:59","modified_gmt":"2021-11-02T20:21:59","slug":"riidenagi-elevant","status":"publish","type":"product","link":"https:\/\/minervashop.eu\/en\/toode\/riidenagi-elevant\/","title":{"rendered":"Riidenagi Elevant"},"content":{"rendered":"<p>metallist riidenagi, v\u00e4rvitud<\/p>\n<h2 class=\"western\" align=\"JUSTIFY\"><span style=\"font-size: medium;\"><b>Elevant<\/b> oma j\u00f5u ja suurusega s\u00fcmboliseerib v\u00f5imu. T\u00e4histab kannatlikkust, tarkust ja karskust.<\/span><\/h2>\n","protected":false},"excerpt":{"rendered":"<p>metallist riidenagi, v\u00e4rvitud Elevant oma j\u00f5u ja suurusega s\u00fcmboliseerib v\u00f5imu. T\u00e4histab kannatlikkust, tarkust ja karskust.<\/p>\n","protected":false},"featured_media":316,"template":"","meta":[],"product_brand":[],"product_cat":[45],"product_tag":[],"class_list":{"0":"post-315","1":"product","2":"type-product","3":"status-publish","4":"has-post-thumbnail","6":"product_cat-elevantide-kujud","8":"first","9":"instock","10":"taxable","11":"shipping-taxable","12":"purchasable","13":"product-type-simple"},"_links":{"self":[{"href":"https:\/\/minervashop.eu\/en\/wp-json\/wp\/v2\/product\/315","targetHints":{"allow":["GET"]}}],"collection":[{"href":"https:\/\/minervashop.eu\/en\/wp-json\/wp\/v2\/product"}],"about":[{"href":"https:\/\/minervashop.eu\/en\/wp-json\/wp\/v2\/types\/product"}],"wp:featuredmedia":[{"embeddable":true,"href":"https:\/\/minervashop.eu\/en\/wp-json\/wp\/v2\/media\/316"}],"wp:attachment":[{"href":"https:\/\/minervashop.eu\/en\/wp-json\/wp\/v2\/media?parent=315"}],"wp:term":[{"taxonomy":"product_brand","embeddable":true,"href":"https:\/\/minervashop.eu\/en\/wp-json\/wp\/v2\/product_brand?post=315"},{"taxonomy":"product_cat","embeddable":true,"href":"https:\/\/minervashop.eu\/en\/wp-json\/wp\/v2\/product_cat?post=315"},{"taxonomy":"product_tag","embeddable":true,"href":"https:\/\/minervashop.eu\/en\/wp-json\/wp\/v2\/product_tag?post=315"}],"curies":[{"name":"wp","href":"https:\/\/api.w.org\/{rel}","templated":true}]}}