{"id":31858,"date":"2021-11-16T11:40:57","date_gmt":"2021-11-16T11:40:57","guid":{"rendered":"https:\/\/minervashop.eu\/toode\/stone-pyramid\/"},"modified":"2025-12-27T09:35:33","modified_gmt":"2025-12-27T09:35:33","slug":"stone-pyramid","status":"publish","type":"product","link":"https:\/\/minervashop.eu\/en\/product\/stone-pyramid\/","title":{"rendered":"Stone pyramid"},"content":{"rendered":"<table border=\"0\" width=\"100%\" cellspacing=\"0\" cellpadding=\"0\">\n<tbody>\n<tr>\n<td colspan=\"2\"><strong><b>P\u00fcramiid<\/b> illustreerib kolmnurkade printsiipi, j\u00f5u kogumist. Kolmnurgad seisavad laial alusel, tippudega \u00fclespoole. Seega on neid peetud ka algatuse ja t\u00e4rkava arengu s\u00fcmboliks. Alushaarale toetuv v\u00f5rdk\u00fclgne kolmnurk on mehelik ja solaarne m\u00e4rk. S\u00fcmbolit seostatakse sageli jumalustega ja see esindab jumaliku v\u00f5imu kolme aspekti.  L\u00e4htudes kolmnurga solaarsest s\u00fcmboolikast p\u00fc\u00fcti Egiptuses p\u00fcramiidide massiivsuse, stabiilsuse ja kestvusega \u00fchendada p\u00e4ikese v\u00f5im selle vaarao v\u00f5imuga, kelle hauakambriga parasjagu tegemist oli. Vaid v\u00e4hesed inimk\u00e4tega loodud s\u00fcmbolid n\u00e4evad nii muljetavaldavad v\u00e4lja ja kestavad nii kaua. P\u00fcramiidid v\u00f5ivad aidata koondada t\u00e4helepanu ja energiat, n\u00e4iteks meditatsioonil. P\u00fcramiid on k\u00f5ige v\u00f5imsam arhitektuuriline surematuse s\u00fcmbol.<\/strong><\/td>\n<\/tr>\n<tr>\n<td colspan=\"2\">\n<div id=\"categories_c1_list_container\">\n<p align=\"JUSTIFY\"><b>LABRADORITE<\/b> &#8211; A mystical and protective stone, a provider of light. During therapy, it forms a barrier to negative energy. One of the strongest crystals that creates a protective force around the aura. Can lead to another world or other lives, makes it easier to engage with mysticism. Suitable for travellers and those who want to get to know themselves better. Wear one near you &#8211; you get magical powers, telepathy and clairvoyance. Surub maha hirmud ja ebakindlused. Tugevdab usku iseendasse. Calms the overactive mind and energises the imagination. Calms hyperactive children. Toob esile uusi ideid. KEHA: for eye and brain disorders, relieves stress and regulates metabolism. Treats colds, gout, rheumatism. Balances hormones, relieves menstrual tension, lowers blood pressure. Cleanses the whole body. Wear it over the heart chakra, hold it in your hand or place it where you need it on the body.<\/p>\n<p align=\"JUSTIFY\"><b>Lilla fluoriit<\/b> \u2013 on k\u00f5ige rahuandvam kivi fluoriitidest. Ta on p\u00fchendunud vagadele hingega \u00fchenduvatele meele aspektidele. Puhastab meelt ja t\u00f5stab vaimset terasust, stimuleerib kroon- ja kolmanda silma t\u0161akrat, et tuua vaimse protsessi loogikat ja teadlikkust oma m\u00f5tlemisest. Ideaalne fokusseeritud meditatsiooniks ning v\u00f5imendab intuitiivset ja ps\u00fc\u00fchilist v\u00f5imekust. Kaitsekivi \u2013 mida rohkem kasutada, seda rohkem kaitseb. Hea \u201eunekristall\u201c, kaistes kurjade vaimsuse ja ja halbade unen\u00e4gude eest. Kiirgab suurep\u00e4rast energiat l\u00e4bi valguskeha, v\u00e4hendades stressi, spirituaalset ebamugavustunnet ja f\u00fc\u00fcsilisi blokaade. Tasakaalustab emotsionaalset keha., aidates aru saada oma tunnetest ning leida ladus lahendus segaduse ja k\u00f5hkluste v\u00f5i hirmu tuleviku ning vale otsuse tegemise ees. Toob allasurutud tunded pinnale \u00f5rnalt, et lahendada need ning on kasulik vaimse korratuse puhul. Aitab hajutada illusioone ja j\u00e4ika m\u00f5tlemist, et tuua t\u00f5de p\u00e4evavalgele ja liikuda kitsarinnalisusest laiema vaatenurgani. Suurendab enesekindlust ja energia struktuuri, et leida oma t\u00f5eline potentsiaal. KEHA: luu\u00fcdi ja luude probleemide korral<\/p>\n<p align=\"JUSTIFY\"><b>AMET\u00dcST<\/b>&#8211; Amet\u00fcst on meelte kivi &#8211; see on alandlikkuse, meelerahu, vagaduse ja loobumise kivi. Toob rahu ja selgust sinna, kus on rahutus ja segadus. Amet\u00fcsti seostati veinijumal Bakchosega ja usuti,et see aitab liigse joobe vastu. Amet\u00fcstpeekrist juues kontrollib see jooja meelt, et see ei j\u00e4\u00e4ks purju. T\u00e4nap\u00e4eval kasutatakse amet\u00fcsti abivahendina joobe vastu. Legendi j\u00e4rgi muutis Bachos noore neitsi kiviks ja kahetsedes seda, valas ta kuju \u00fcle veiniga. Seej\u00e4rel muutus kuju lillaks ja sai nimeks amet\u00fcst. Amet\u00fcst on kainuse s\u00fcmbol, sest amet\u00fcstkannu valatud vesi n\u00e4eb v\u00e4lja nagu vein, ent purju ei tee. Abiks liialduste \u2013 toidu, seksi ja alkoholi puhul. Kaitsev ja vaimne kivi, annab meelerahu. Seostatud rahulikkuse, tasakaalu, rahu, \u00f5nne, kaitse, mediteerimise, hingelisuse\/vaimsuse, muundumise, inspiratsiooni, tervendamise, viljakuse, m\u00f5\u00f5dukuse, vooruslikkuse, kainuse, une, valvsuse, jahi, julguse, puhtuse, endeunen\u00e4gude, jumaliku armastuse, n\u00e4gemuslike \u00fclesannete, ps\u00fchholoogilise paranemise, meelte vaigistamise, v\u00f5iduga vaenlaste \u00fcle, keeleosavuse ja tunnetatavate asjade m\u00f5istmisega. Edendab tervendamist ja enesesalgamist, seostatakse k\u00f5rgenenud \u00fclluse, spirituaalse avatuse, meditatsiooni, tasakaalu, ps\u00fc\u00fchiliste v\u00f5imete, sisemise rahu, postiivse muundumisega. Usutakse, et amet\u00fcst l\u00f6\u00f6b m\u00f5tted klaariks, teravdab m\u00f5istust, teeb asjatundjaks \u00e4rialal, summutab kirge, kaitseb s\u00f5dureid, kahandab himu alkoholi j\u00e4rele, tekitab vastikust veini ja joobnud oleku suhtes, p\u00f5rgatab tagasi \u00f5elad m\u00f5tted. Amet\u00fcstiga saab ravida s\u00f5ltuvust, kompulsiivset k\u00e4itumist, trombe, v\u00e4hkkasvajaid, madalat enesehinnangut. Amet\u00fcstipruulised tagavad viljakuse ja v\u00e4ljutavad m\u00fcrke. Aseta arvuti l\u00e4hedale v\u00f5i arvutikasti peale amet\u00fcst- see v\u00e4hendab t\u00f5rkeid ning takistab arvutit kokku jooksmast. Amet\u00fcsti kaasaskandmine aitab \u00f5pingutel. Kanna amet\u00fcsti, kui tahad saada kontakti oma intuitsiooni, tunnete ja v\u00e4\u00e4rtushinnangutega. Aitab \u00f5ppida k\u00f5ike spirituaalsusest, m\u00fcstikast ja ps\u00fc\u00fchikast. Stressi ja \u00fclet\u00f6\u00f6tamise korral, kuna tal on \u00e4\u00e4rmiselt rahustav ja spirituaalne omadus. Vanas testamendis kirjutatakse, et Aron, Juudi \u00fclempreester, kandis amet\u00fcsti oma rinnaplaadil, mis t\u00f5i esile n\u00e4gemusi ja ilmutusi.Sel p\u00f5hjusel magavad paljud inimesed, amet\u00fcst padja all. Katoliku piiskop kannab siiani parema k\u00e4e teises s\u00f5rmes amet\u00fcsti. T\u00e4htkujud: Kalad, Neitsi, Skorpion, J\u00e4\u00e4r, Ambur<\/p>\n<p align=\"JUSTIFY\"><b>M\u00c4EKRISTALL<\/b>&#8211; Kristall, mis imab ja v\u00f5imendab energiat. M\u00e4ekristalli peetakse puhtuse s\u00fcmboliks. Suudab salvestada ja edastada energiat ning seet\u00f5ttu kasutatakse tervendamisel ja mediteerimisel. Sakilise v\u00f5i teravaotsalise tipuga kristalli kasutatakse sujuvama ja harmoonilisema energia saavutamiseks. Pannakse halbade energiav\u00f5ngetega kohtadesse, lastakse veidi aega seista ja negatiivsust endasse koguda, seej\u00e4rel v\u00f5etakse \u00e4ra ja pestakse puhtaks-see parandab paiga energiat. Seotud selguse, tugevuse, eluj\u00f5u, ps\u00fc\u00fchilise tegevuse ja vaimse stimulatsiooniga. Suure kristalli asetamine kolmandale silmale suurendab ps\u00fc\u00fchilisi v\u00f5imeid. M\u00e4ekristallist kuuliga v\u00f5ib p\u00e4ikesekiirega s\u00fc\u00fcdata p\u00fcha tuld &#8211; pange kristallkuul puulaastudele p\u00e4ikese k\u00e4tte. Kritallprisma tekitab vikerkaare. VAIM: selgus, neutraalsus; tugevdab isiklikku seisukohta, parandab m\u00e4lu ja tajumisv\u00f5imet; suurendab teadlikkust ja toob m\u00f5tlemisse selgust. KEHA: tugevdab energia liikumist, n\u00e4rve, aju, n\u00e4\u00e4rmeid; kergendab valu ja turset; ravitakse voolmeid, k\u00f5hulahtisust, podagrat, neerukive, vedelikupeetust. M\u00e4ekristallide loomus on kootav. Mees leotatud m\u00e4ekristallid pidavat suurendama piimaeritust.<\/p>\n<p align=\"JUSTIFY\">MAAGIA: V\u00f5imas kivi igasuguseks maagiaks \u2013 t\u00f5mbab ligi positiivset energiat, t\u00f5stab enesekindlust ja annab lisaenergiat, kui oled v\u00e4sinud, tunned end kehvalt v\u00f5i taastud haigusest. M\u00e4ekristall suurendab energiat ning t\u00f5mbab t\u00e4helepanu. *Kanna kuldketi otsas selget m\u00e4ekristalli, nii, et see puudutab ihu s\u00fcdame kohal. Kristallist saad j\u00f5udu ja energiat, kuld annab samuti energiat ja annab p\u00e4ikesejumala kaitset. * Kanna kurgut\u0161akra kohal m\u00e4ekristalli \u2013 see aitab t\u00f5sta enesekindlust.<b> * <\/b>lauba vastas hoituna aktiveerib kolmanda silma ning annab m\u00f5tlemiseks loovenergiat.<\/p>\n<p align=\"JUSTIFY\"><b>SUITSUKVARTS<\/b>-(pruun kristalne kvarts); l\u00f5\u00f5gastus, v\u00e4hendab pinget ja stressi; soodustab ratsionaalset, pragmaatilist ja realistlikku m\u00f5tlemisprotsessi; sobib tasakaalu leidmiseks ja maandamiseks. KEHA: peavalu, pinguldab \u00f5lgasid ja selga; v\u00e4hendab valu ja tugevdab n\u00e4rve. Koos kr\u00fcsopraasiga ravitseb seen-nakkusi.  <\/p>\n<\/div>\n<\/td>\n<\/tr>\n<\/tbody>\n<\/table>\n","protected":false},"excerpt":{"rendered":"<p><span style=\"color: #800080;\"><strong><b>P\u00fcramiid<\/b> illustreerib kolmnurkade printsiipi, j\u00f5u kogumist. Kolmnurgad seisavad laial alusel, tippudega \u00fclespoole. Seega on neid peetud ka algatuse ja t\u00e4rkava arengu s\u00fcmboliks. Alushaarale toetuv v\u00f5rdk\u00fclgne kolmnurk on mehelik ja solaarne m\u00e4rk. S\u00fcmbolit seostatakse sageli jumalustega ja see esindab jumaliku v\u00f5imu kolme aspekti.     <\/strong><\/span><\/p>\n<h4><strong>for stones see <a href=\"https:\/\/minervashop.eu\/en\/product category\/natural-stones\/\">here<\/a><\/strong><\/h4>\n<p><strong>see more <a href=\"https:\/\/rnojomku.sendsmaily.net\/templates\/acafb176-ee1f-4e4a-bba3-5c57e9a8e0e3\/html\/\">here<\/a><\/strong><\/p>\n","protected":false},"featured_media":156744,"template":"","meta":[],"product_brand":[],"product_cat":[394,343,277,359,325,358,611],"product_tag":[],"class_list":{"0":"post-31858","1":"product","2":"type-product","3":"status-publish","4":"has-post-thumbnail","6":"product_cat-artha-en","7":"product_cat-banbha-en","8":"product_cat-danu-en","9":"product_cat-domnu-en","10":"product_cat-ker-en","11":"product_cat-rhiannon-en","12":"product_cat-other-shape-natural-stones","13":"product_shipping_class-s-en","15":"first","16":"instock","17":"taxable","18":"shipping-taxable","19":"purchasable","20":"product-type-variable"},"_links":{"self":[{"href":"https:\/\/minervashop.eu\/en\/wp-json\/wp\/v2\/product\/31858","targetHints":{"allow":["GET"]}}],"collection":[{"href":"https:\/\/minervashop.eu\/en\/wp-json\/wp\/v2\/product"}],"about":[{"href":"https:\/\/minervashop.eu\/en\/wp-json\/wp\/v2\/types\/product"}],"wp:featuredmedia":[{"embeddable":true,"href":"https:\/\/minervashop.eu\/en\/wp-json\/wp\/v2\/media\/156744"}],"wp:attachment":[{"href":"https:\/\/minervashop.eu\/en\/wp-json\/wp\/v2\/media?parent=31858"}],"wp:term":[{"taxonomy":"product_brand","embeddable":true,"href":"https:\/\/minervashop.eu\/en\/wp-json\/wp\/v2\/product_brand?post=31858"},{"taxonomy":"product_cat","embeddable":true,"href":"https:\/\/minervashop.eu\/en\/wp-json\/wp\/v2\/product_cat?post=31858"},{"taxonomy":"product_tag","embeddable":true,"href":"https:\/\/minervashop.eu\/en\/wp-json\/wp\/v2\/product_tag?post=31858"}],"curies":[{"name":"wp","href":"https:\/\/api.w.org\/{rel}","templated":true}]}}