{"id":32047,"date":"2021-04-21T11:54:00","date_gmt":"2021-04-21T11:54:00","guid":{"rendered":"https:\/\/minervashop.eu\/toode\/small-stone-angel-pendant\/"},"modified":"2026-04-22T12:17:05","modified_gmt":"2026-04-22T12:17:05","slug":"small-stone-angel-pendant","status":"publish","type":"product","link":"https:\/\/minervashop.eu\/en\/product\/small-stone-angel-pendant\/","title":{"rendered":"Angel pendant"},"content":{"rendered":"<p>30mm<br \/>\nkivide omadusi vaata <a href=\"http:\/\/www.minerva.ee\/Trummelkivid\/\" data-cke-saved-href=\"\/Trummelkivid\/\">siit<\/a>.<\/p>\n<h4 align=\"left\"><strong>Angel &#8211; the embodiment of goodness, mediator between heaven and earth. The name comes from the Greek word <i>angelos<\/i> (messenger) and refers to their main role in conveying good messages.  On the physical level, angelite has a cooling effect, and a positive effect on inflammation, fluid balance, edema, thyroid gland, throat \/ neck area, lungs and kidneys.**  *This product is nickel, lead and cadmium free; meaning therefore that such elements are not present or in the limited quantities allowed within the European product safety standards (REACH). <\/strong><strong>The cherubim are the closest to God. They were thought to have 6 wings. They appear as bushy-cheeked babies and have a playful nature, symbolising both joy and kindness. Putos are boys with wings, representing innocence and purity.   <\/strong><\/h4>\n<p align=\"JUSTIFY\"><b>ROOSA KVARTS <\/b>&#8211; Roosa kvarts on pere ja kodu kaitseks, lisab enesekindlust ning vabastab s\u00fcdamevalust. Armastuse, soojuse ja s\u00f5pruse kivi. Aitab kurbuse, stressi ja pingete korral. Ravitseb emotsionaalseid haavu ja valu, alustades kibestumuse taandamisega.    Rose quartz promotes gentleness and love, stimulating positive emotional interactions.* <br \/> Related to friendship, love spells, spiritual balance, getting rid of loneliness, successful court cases and learning to love yourself. If amethyst is for the spirit, pink quartz is for the heart. It gives self-love, self-approval and a sense of personal usefulness.   Suurendab igasugust armastust: enda vastu, emaarmastust, hoolimist, headust, platoonilist ja romantilist armastust. Headus: avama s\u00fcdame ja julgustama \u00f5rnusele ja rahule. \u00d5petab andestamist ja tolerantsi. Veetlus: kiirgama tingimusteta armastust ja hellust. Aitab tuua positiivset ja \u00f5rna armastust meie ellu.    VAIM: tundlikkus; suurendab empaatiat, aitab seksuaalraskuste puhul, valgustab selgelt isiklikke vajadusi ja ootusi. KEHA: harmoniseerib s\u00fcdame t\u00f6\u00f6d, tugevdab seksuaalorganeid ja viljakust. MAAGIA: P\u00e4rast traumaatilist s\u00fcndmust, nt. lahkuminekut v\u00f5i f\u00fc\u00fcsilist r\u00fcnnakut, pane tassi teed tehes sinna sisse t\u00fckike roosat kvartsi, mis aitab l\u00f5\u00f5gastuda ja halba unustada. <b>T\u00e4htkuju<\/b>: V\u00e4hk, Kaljukits, S\u00f5nn, Kaalud, Veevalaja   <\/p>\n<h3><strong>see more <a href=\"https:\/\/minervashop.eu\/uudised\/naturaalsest-kivist-ehted\/\">here<\/a><\/strong><\/h3>\n<p><strong>for information on stones <a href=\"https:\/\/minervashop.eu\/en\/product category\/natural-stones\/\">click here<\/a><\/strong><\/p>\n<p align=\"JUSTIFY\">\n","protected":false},"excerpt":{"rendered":"<h3 align=\"JUSTIFY\"><strong>loe lisaks <a href=\"https:\/\/minervashop.eu\/uudised\/naturaalsest-kivist-ehted\/\">siit<\/a><\/strong><\/h3>\n<p>kivide t\u00e4hendusi vaata <a href=\"https:\/\/minervashop.eu\/tootekategooria\/naturaalsed-kivid\/\" data-cke-saved-href=\"\/epood\/Trummelkivid\/\">siit<\/a>.<\/p>\n<p>*This product is nickel, lead and cadmium free; meaning therefore that such elements are not present or in the limited quantities allowed within the European product safety standards (REACH). Comes without a cord.*<\/p>\n","protected":false},"featured_media":167069,"template":"","meta":[],"product_brand":[],"product_cat":[117,343,185,628],"product_tag":[],"class_list":{"0":"post-32047","1":"product","2":"type-product","3":"status-publish","4":"has-post-thumbnail","6":"product_cat-coming-soon-2","7":"product_cat-banbha-en","8":"product_cat-natural-stone-pendants","9":"product_cat-angels-en","10":"product_shipping_class-xs-en-2","12":"first","13":"outofstock","14":"taxable","15":"shipping-taxable","16":"purchasable","17":"product-type-variable"},"_links":{"self":[{"href":"https:\/\/minervashop.eu\/en\/wp-json\/wp\/v2\/product\/32047","targetHints":{"allow":["GET"]}}],"collection":[{"href":"https:\/\/minervashop.eu\/en\/wp-json\/wp\/v2\/product"}],"about":[{"href":"https:\/\/minervashop.eu\/en\/wp-json\/wp\/v2\/types\/product"}],"wp:featuredmedia":[{"embeddable":true,"href":"https:\/\/minervashop.eu\/en\/wp-json\/wp\/v2\/media\/167069"}],"wp:attachment":[{"href":"https:\/\/minervashop.eu\/en\/wp-json\/wp\/v2\/media?parent=32047"}],"wp:term":[{"taxonomy":"product_brand","embeddable":true,"href":"https:\/\/minervashop.eu\/en\/wp-json\/wp\/v2\/product_brand?post=32047"},{"taxonomy":"product_cat","embeddable":true,"href":"https:\/\/minervashop.eu\/en\/wp-json\/wp\/v2\/product_cat?post=32047"},{"taxonomy":"product_tag","embeddable":true,"href":"https:\/\/minervashop.eu\/en\/wp-json\/wp\/v2\/product_tag?post=32047"}],"curies":[{"name":"wp","href":"https:\/\/api.w.org\/{rel}","templated":true}]}}