{"id":323,"date":"2021-11-02T21:03:44","date_gmt":"2021-11-02T21:03:44","guid":{"rendered":"https:\/\/minervashop.eu\/?post_type=product&#038;p=323"},"modified":"2025-09-29T10:49:20","modified_gmt":"2025-09-29T10:49:20","slug":"klaasmosaiik-kilpkonn","status":"publish","type":"product","link":"https:\/\/minervashop.eu\/en\/toode\/klaasmosaiik-kilpkonn\/","title":{"rendered":"Klaasmosaiik kilpkonn"},"content":{"rendered":"<p>terrakota, klaasmosaiik, puit<\/p>\n<p>kilpkonna sees kilbi all v\u00e4ike panipaik pisikestele esemetele<\/p>\n","protected":false},"excerpt":{"rendered":"<p align=\"justify\"><span style=\"font-size: medium;\"><b>Kilpkonn<\/b> s\u00fcmboliseerib viljakust ja pikka iga, seostudes vee ja Kuuga. Kehastab visa j\u00e4rjekindlust. Kilpkonn on tark, t\u00f5sine, kannatlik ja usaldusv\u00e4\u00e4rne. Hiiglaslik kilpkonn, kandmas oma seljas kogu maailma, on paljude kultuuride m\u00fctoloogias p\u00f5lisrahvaste poolt hinnatud \u2013 P\u00f5hja-Ameerikas, Indias, Hiinas jm. Kilpkonn esindab aeglust, alandlikkust, kannatlikkust ja tarkust. Vahel teda nimetatakse ajaks endaks. Nad elavad k\u00f5ikidest maapealsetest loomadest kauem. Kui tunned endas tihti segadust v\u00f5i \u00e4revust, pane kilpkonna kuju oma altarile v\u00f5i kanna seda tootemina endaga kaasas. Iga kord, kui tunned kiirustamist v\u00f5i muretsemist, lihtsalt puuduta oma tootemlooma kujukest. See on kasulik ka siis, kui pead viivitamatult reageerima. <\/span><\/p>\n","protected":false},"featured_media":353,"template":"","meta":[],"product_brand":[],"product_cat":[310],"product_tag":[],"class_list":{"0":"post-323","1":"product","2":"type-product","3":"status-publish","4":"has-post-thumbnail","6":"product_cat-putukad-veeloomad-roomajad","7":"product_shipping_class-s","9":"first","10":"instock","11":"taxable","12":"shipping-taxable","13":"purchasable","14":"product-type-variable"},"_links":{"self":[{"href":"https:\/\/minervashop.eu\/en\/wp-json\/wp\/v2\/product\/323","targetHints":{"allow":["GET"]}}],"collection":[{"href":"https:\/\/minervashop.eu\/en\/wp-json\/wp\/v2\/product"}],"about":[{"href":"https:\/\/minervashop.eu\/en\/wp-json\/wp\/v2\/types\/product"}],"wp:featuredmedia":[{"embeddable":true,"href":"https:\/\/minervashop.eu\/en\/wp-json\/wp\/v2\/media\/353"}],"wp:attachment":[{"href":"https:\/\/minervashop.eu\/en\/wp-json\/wp\/v2\/media?parent=323"}],"wp:term":[{"taxonomy":"product_brand","embeddable":true,"href":"https:\/\/minervashop.eu\/en\/wp-json\/wp\/v2\/product_brand?post=323"},{"taxonomy":"product_cat","embeddable":true,"href":"https:\/\/minervashop.eu\/en\/wp-json\/wp\/v2\/product_cat?post=323"},{"taxonomy":"product_tag","embeddable":true,"href":"https:\/\/minervashop.eu\/en\/wp-json\/wp\/v2\/product_tag?post=323"}],"curies":[{"name":"wp","href":"https:\/\/api.w.org\/{rel}","templated":true}]}}