{"id":3391,"date":"2021-11-16T11:29:53","date_gmt":"2021-11-16T11:29:53","guid":{"rendered":"https:\/\/minervashop.eu\/toode\/mookaite-e-austraalia-jaspis-m\/"},"modified":"2025-04-23T07:03:08","modified_gmt":"2025-04-23T07:03:08","slug":"mookaite-e-austraalia-jaspis","status":"publish","type":"product","link":"https:\/\/minervashop.eu\/en\/toode\/mookaite-e-austraalia-jaspis\/","title":{"rendered":"mookaite e. Austraalia jaspis"},"content":{"rendered":"<p align=\"JUSTIFY\">MOOKAIIT-kogemus; soodustab kogemuste erisust, eredust ja toredust; muudab paindlikuks, soodustab kujutlema paljusid v\u00f5imalusi ja valima neist \u00fche. KEHA: tugevdab sapip\u00f5it, maksa, immuuns\u00fcsteemi; suurendab vere puhastumist ja haavade paranemist.<\/p>\n","protected":false},"excerpt":{"rendered":"<h4><strong>vaata lisaks\u00a0<a href=\"https:\/\/minervashop.eu\/uudised\/naturaalsete-kivide-vagi\/\">siit<\/a><\/strong><\/h4>\n<p>ca 3 cm<\/p>\n","protected":false},"featured_media":3392,"template":"","meta":[],"product_brand":[],"product_cat":[210],"product_tag":[],"class_list":{"0":"post-3391","1":"product","2":"type-product","3":"status-publish","4":"has-post-thumbnail","6":"product_cat-trummelkivid","7":"product_shipping_class-xs","9":"first","10":"instock","11":"taxable","12":"shipping-taxable","13":"purchasable","14":"product-type-simple"},"_links":{"self":[{"href":"https:\/\/minervashop.eu\/en\/wp-json\/wp\/v2\/product\/3391","targetHints":{"allow":["GET"]}}],"collection":[{"href":"https:\/\/minervashop.eu\/en\/wp-json\/wp\/v2\/product"}],"about":[{"href":"https:\/\/minervashop.eu\/en\/wp-json\/wp\/v2\/types\/product"}],"wp:featuredmedia":[{"embeddable":true,"href":"https:\/\/minervashop.eu\/en\/wp-json\/wp\/v2\/media\/3392"}],"wp:attachment":[{"href":"https:\/\/minervashop.eu\/en\/wp-json\/wp\/v2\/media?parent=3391"}],"wp:term":[{"taxonomy":"product_brand","embeddable":true,"href":"https:\/\/minervashop.eu\/en\/wp-json\/wp\/v2\/product_brand?post=3391"},{"taxonomy":"product_cat","embeddable":true,"href":"https:\/\/minervashop.eu\/en\/wp-json\/wp\/v2\/product_cat?post=3391"},{"taxonomy":"product_tag","embeddable":true,"href":"https:\/\/minervashop.eu\/en\/wp-json\/wp\/v2\/product_tag?post=3391"}],"curies":[{"name":"wp","href":"https:\/\/api.w.org\/{rel}","templated":true}]}}