{"id":346,"date":"2021-11-02T21:59:40","date_gmt":"2021-11-02T21:59:40","guid":{"rendered":"https:\/\/minervashop.eu\/?post_type=product&#038;p=346"},"modified":"2025-08-25T12:14:27","modified_gmt":"2025-08-25T12:14:27","slug":"lumekvarts-chipsid-pakis","status":"publish","type":"product","link":"https:\/\/minervashop.eu\/en\/toode\/lumekvarts-chipsid-pakis\/","title":{"rendered":"Lumekvarts chipsid pakis"},"content":{"rendered":"","protected":false},"excerpt":{"rendered":"<p>naturaalne kivi<\/p>\n<p>pakis kivid ca 8-10 mm 20g<\/p>\n<p>Indiast<\/p>\n<h4><strong>vaata lisaks\u00a0<a href=\"https:\/\/minervashop.eu\/uudised\/naturaalsete-kivide-vagi\/\">siit<\/a><\/strong><\/h4>\n<p><span style=\"color: #00aae7;\"><strong>LUMEKVARTS \u2013 Aitab vabaks lasta \u00fcle j\u00f5u k\u00e4ivad kohustused ja piirangud, aktiveerib varjatud oskused ja v\u00f5imed. Toetab igas inimeses\u00a0 olevat annet ja j\u00f5udu. Iga\u00fcks peab valima oma\u00a0 eesm\u00e4rgid ise, kusjuures\u00a0 see kivi v\u00f5ib aidata \u00e4ratada vajalikud uinunud teadmised. Edendab taktitunnet ja koost\u00f6\u00f6d.\u00a0 Meditatsioonis \u00fchendab s\u00fcgava sisemise tarkusega, mida te varem olite eitanud.<\/strong><\/span><\/p>\n","protected":false},"featured_media":348,"template":"","meta":[],"product_brand":[],"product_cat":[210],"product_tag":[],"class_list":{"0":"post-346","1":"product","2":"type-product","3":"status-publish","4":"has-post-thumbnail","6":"product_cat-trummelkivid","7":"product_shipping_class-xs","9":"first","10":"instock","11":"taxable","12":"shipping-taxable","13":"purchasable","14":"product-type-variable"},"_links":{"self":[{"href":"https:\/\/minervashop.eu\/en\/wp-json\/wp\/v2\/product\/346","targetHints":{"allow":["GET"]}}],"collection":[{"href":"https:\/\/minervashop.eu\/en\/wp-json\/wp\/v2\/product"}],"about":[{"href":"https:\/\/minervashop.eu\/en\/wp-json\/wp\/v2\/types\/product"}],"wp:featuredmedia":[{"embeddable":true,"href":"https:\/\/minervashop.eu\/en\/wp-json\/wp\/v2\/media\/348"}],"wp:attachment":[{"href":"https:\/\/minervashop.eu\/en\/wp-json\/wp\/v2\/media?parent=346"}],"wp:term":[{"taxonomy":"product_brand","embeddable":true,"href":"https:\/\/minervashop.eu\/en\/wp-json\/wp\/v2\/product_brand?post=346"},{"taxonomy":"product_cat","embeddable":true,"href":"https:\/\/minervashop.eu\/en\/wp-json\/wp\/v2\/product_cat?post=346"},{"taxonomy":"product_tag","embeddable":true,"href":"https:\/\/minervashop.eu\/en\/wp-json\/wp\/v2\/product_tag?post=346"}],"curies":[{"name":"wp","href":"https:\/\/api.w.org\/{rel}","templated":true}]}}