{"id":34704,"date":"2021-12-05T16:33:28","date_gmt":"2021-12-05T16:33:28","guid":{"rendered":"https:\/\/minervashop.eu\/?post_type=product&#038;p=34704"},"modified":"2024-12-31T11:33:37","modified_gmt":"2024-12-31T11:33:37","slug":"kingituse-pakkimine","status":"publish","type":"product","link":"https:\/\/minervashop.eu\/en\/toode\/kingituse-pakkimine\/","title":{"rendered":"Kingituse pakkimine"},"content":{"rendered":"","protected":false},"excerpt":{"rendered":"<p><span style=\"color: #800000;\"><strong>Vali oma lemmikstiil pakkimiseks. Alati on v\u00f5imalik j\u00e4tta valik ka stilisti hooleks, edastades v\u00e4rvi valiku ja omapoolsed eelistused.\u00a0 Pakile saab lisada ka pakikaardi s\u00f5numiga sees.\u00a0 Pakk on v\u00f5imalik saata ka saajale.\u00a0<\/strong><\/span><\/p>\n<p><strong style=\"color: #800000; font-size: 20.16px;\">Anna teada oma eelistusest meili teel info@minervashop.eu<\/strong><strong style=\"color: #800000; font-size: 20.16px;\"> Teiega v\u00f5etakse \u00fchendust ja antakse\u00a0 teada pakkimise maksumus ja maksmise valikud. Hind s\u00f5ltub paki suurusest ja stiilist. Pakkimise hind alates 5 \u20ac.\u00a0 Pakkimise kohta saadetakse eraldi arve.\u00a0<\/strong><\/p>\n","protected":false},"featured_media":34735,"template":"","meta":[],"product_brand":[],"product_cat":[717],"product_tag":[],"class_list":{"0":"post-34704","1":"product","2":"type-product","3":"status-publish","4":"has-post-thumbnail","6":"product_cat-kingituse-pakkimine-teenusena","8":"first","9":"instock","10":"taxable","11":"shipping-taxable","12":"purchasable","13":"product-type-variable"},"_links":{"self":[{"href":"https:\/\/minervashop.eu\/en\/wp-json\/wp\/v2\/product\/34704","targetHints":{"allow":["GET"]}}],"collection":[{"href":"https:\/\/minervashop.eu\/en\/wp-json\/wp\/v2\/product"}],"about":[{"href":"https:\/\/minervashop.eu\/en\/wp-json\/wp\/v2\/types\/product"}],"wp:featuredmedia":[{"embeddable":true,"href":"https:\/\/minervashop.eu\/en\/wp-json\/wp\/v2\/media\/34735"}],"wp:attachment":[{"href":"https:\/\/minervashop.eu\/en\/wp-json\/wp\/v2\/media?parent=34704"}],"wp:term":[{"taxonomy":"product_brand","embeddable":true,"href":"https:\/\/minervashop.eu\/en\/wp-json\/wp\/v2\/product_brand?post=34704"},{"taxonomy":"product_cat","embeddable":true,"href":"https:\/\/minervashop.eu\/en\/wp-json\/wp\/v2\/product_cat?post=34704"},{"taxonomy":"product_tag","embeddable":true,"href":"https:\/\/minervashop.eu\/en\/wp-json\/wp\/v2\/product_tag?post=34704"}],"curies":[{"name":"wp","href":"https:\/\/api.w.org\/{rel}","templated":true}]}}